{"id":117245,"date":"2024-11-05T17:01:39","date_gmt":"2024-11-05T16:01:39","guid":{"rendered":"https:\/\/secureus.se\/?post_type=product&#038;p=117245"},"modified":"2026-01-12T12:00:12","modified_gmt":"2026-01-12T11:00:12","slug":"varseldekal-hall-avstand-borttagbar","status":"publish","type":"product","link":"https:\/\/secureus.se\/dk\/varseldekal-hall-avstand-borttagbar\/","title":{"rendered":"Advarselsm\u00e6rkat &quot;Hold afstand&quot; kan fjernes"},"content":{"rendered":"<p>For \u00f8get sikkerhed i offentlige milj\u00f8er: gulvm\u00e6rker med obligatoriske eller forbudte symboler, der hj\u00e6lper med at kommunikere hygiejne- og afstandsregler. Selvkl\u00e6bende, aftagelig, stor gulvklisterm\u00e6rke &quot;Hold afstand 1,5 - 2 m&quot; informerer tydeligt og minder om at holde afstand i omr\u00e5det (f.eks. butikker, fitnesscentre, hoteller, restauranter). Fastg\u00f8res til rene og t\u00f8rre betongulve. Skridsikker rating R9 i henhold til DIN 51130. Skiltene opfylder kravene i ISO 7010.<br \/>\nM\u00e5l: \u00d8 430 mm, tykkelse 0,2 mm<\/p>","protected":false},"excerpt":{"rendered":"<p>Selvkl\u00e6bende, aftageligt forbudsskilt til gulvp\u00e5f\u00f8ring. Oplyser tydeligt om at holde afstand og bidrager til \u00f8get sikkerhed.<\/p>","protected":false},"featured_media":136288,"template":"","meta":{"_acf_changed":false},"product_brand":[],"product_cat":[4307],"product_tag":[4389],"class_list":{"0":"post-117245","1":"product","2":"type-product","3":"status-publish","4":"has-post-thumbnail","6":"product_cat-sakerhetsmarkning","7":"product_tag-rod","8":"product_shipping_class-tunga-paket","9":"pa_brands-durable","10":"pa_farg-rod","11":"tm-no-options","13":"first","14":"instock","15":"sale","16":"taxable","17":"shipping-taxable","18":"purchasable","19":"product-type-simple"},"acf":[],"_links":{"self":[{"href":"https:\/\/secureus.se\/dk\/wp-json\/wp\/v2\/product\/117245","targetHints":{"allow":["GET"]}}],"collection":[{"href":"https:\/\/secureus.se\/dk\/wp-json\/wp\/v2\/product"}],"about":[{"href":"https:\/\/secureus.se\/dk\/wp-json\/wp\/v2\/types\/product"}],"wp:featuredmedia":[{"embeddable":true,"href":"https:\/\/secureus.se\/dk\/wp-json\/wp\/v2\/media\/136288"}],"wp:attachment":[{"href":"https:\/\/secureus.se\/dk\/wp-json\/wp\/v2\/media?parent=117245"}],"wp:term":[{"taxonomy":"product_brand","embeddable":true,"href":"https:\/\/secureus.se\/dk\/wp-json\/wp\/v2\/product_brand?post=117245"},{"taxonomy":"product_cat","embeddable":true,"href":"https:\/\/secureus.se\/dk\/wp-json\/wp\/v2\/product_cat?post=117245"},{"taxonomy":"product_tag","embeddable":true,"href":"https:\/\/secureus.se\/dk\/wp-json\/wp\/v2\/product_tag?post=117245"}],"curies":[{"name":"wp","href":"https:\/\/api.w.org\/{rel}","templated":true}]}}