{"id":117272,"date":"2024-11-05T17:01:08","date_gmt":"2024-11-05T16:01:08","guid":{"rendered":"https:\/\/secureus.se\/?post_type=product&#038;p=117272"},"modified":"2026-01-12T12:55:04","modified_gmt":"2026-01-12T11:55:04","slug":"vagghallare-for-surfplatta-visioclip","status":"publish","type":"product","link":"https:\/\/secureus.se\/dk\/vagghallare-for-surfplatta-visioclip\/","title":{"rendered":"V\u00e6gholder til tablet VISIOCLIP"},"content":{"rendered":"<p>Denne v\u00e6gholder, som best\u00e5r af to clips\/fastg\u00f8relseselementer, monteres nemt og f\u00e5r tabletten til at passe diskret ind i kontoret, industrien eller hjemmet i hjemmet - k\u00f8kkenet, stuen og hallen, for eksempel til operativ brug eller opbevaring s\u00e5 det er nemt at finde, n\u00e5r du har brug for det. Kan ogs\u00e5 bruges som ladestation til smartphones.<br \/>\nBeslagene er sat op, s\u00e5 tabletten kan bruges i st\u00e5ende eller liggende format. Monteres p\u00e5 v\u00e6ggen med skruer (skabelon til borehullerne medf\u00f8lger) alternativt med selvkl\u00e6bende stor f\u00e6stepude, der kan fjernes uden at efterlade spor p\u00e5 v\u00e6ggen. Tabletten sidder solidt i VISIOCLIP, n\u00e5r den er i brug og er beregnet til enheder, der maksimalt vejer 1 kg og har en maksimal dybde p\u00e5 10 mm. Tabletten er nem at inds\u00e6tte eller fjerne beslagene, som er holdbare takket v\u00e6re deres design med integrerede kroge, der forhindrer dem i at kn\u00e6kke af.<\/p>","protected":false},"excerpt":{"rendered":"<p>V\u00e6gholder til tablets og smartphones, der nemt kan ind- og udtages.<\/p>","protected":false},"featured_media":135768,"template":"","meta":{"_acf_changed":false},"product_brand":[],"product_cat":[4236],"product_tag":[4390],"class_list":{"0":"post-117272","1":"product","2":"type-product","3":"status-publish","4":"has-post-thumbnail","6":"product_cat-surfplattehallare","7":"product_tag-morkgra","8":"product_shipping_class-tunga-paket","9":"pa_brands-durable","10":"pa_farg-morkgra","11":"tm-no-options","13":"first","14":"instock","15":"sale","16":"taxable","17":"shipping-taxable","18":"purchasable","19":"product-type-simple"},"acf":[],"_links":{"self":[{"href":"https:\/\/secureus.se\/dk\/wp-json\/wp\/v2\/product\/117272","targetHints":{"allow":["GET"]}}],"collection":[{"href":"https:\/\/secureus.se\/dk\/wp-json\/wp\/v2\/product"}],"about":[{"href":"https:\/\/secureus.se\/dk\/wp-json\/wp\/v2\/types\/product"}],"wp:featuredmedia":[{"embeddable":true,"href":"https:\/\/secureus.se\/dk\/wp-json\/wp\/v2\/media\/135768"}],"wp:attachment":[{"href":"https:\/\/secureus.se\/dk\/wp-json\/wp\/v2\/media?parent=117272"}],"wp:term":[{"taxonomy":"product_brand","embeddable":true,"href":"https:\/\/secureus.se\/dk\/wp-json\/wp\/v2\/product_brand?post=117272"},{"taxonomy":"product_cat","embeddable":true,"href":"https:\/\/secureus.se\/dk\/wp-json\/wp\/v2\/product_cat?post=117272"},{"taxonomy":"product_tag","embeddable":true,"href":"https:\/\/secureus.se\/dk\/wp-json\/wp\/v2\/product_tag?post=117272"}],"curies":[{"name":"wp","href":"https:\/\/api.w.org\/{rel}","templated":true}]}}