{"id":117278,"date":"2024-11-05T17:47:12","date_gmt":"2024-11-05T16:47:12","guid":{"rendered":"https:\/\/secureus.se\/?post_type=product&#038;p=117278"},"modified":"2026-01-12T12:07:45","modified_gmt":"2026-01-12T11:07:45","slug":"nyckelbricka-key-clip-storpack","status":"publish","type":"product","link":"https:\/\/secureus.se\/dk\/nyckelbricka-key-clip-storpack\/","title":{"rendered":"N\u00f8glem\u00e6rke KEY CLIP stor pakke"},"content":{"rendered":"<p>N\u00f8gleholder designet til at blive brugt sammen med Durables n\u00f8gleskab KEY BOX, som har specielle n\u00f8glestrimler, hvor de sm\u00e5 sideknopper p\u00e5 n\u00f8glebrikken hviler p\u00e5 hver krog. Det betyder, at n\u00f8glen h\u00e6nger bag bakken, og at etiketvinduet altid er l\u00e6sbart. For at \u00e6ndre etiketten skal du blot l\u00f8fte den gennemsigtige front og hverken n\u00f8glen eller n\u00f8gleringen skal fjernes. M\u00e5lene p\u00e5 etiketten er 17\u00d740 mm og yderm\u00e5lene p\u00e5 selve bakken er 25\u00d765 mm. Skabeloner til udskrivning af etiketter til n\u00f8glebrikkerne kan downloades fra https:\/\/www.durable.se\/service\/ladda-ner\/mallar.html. Denne blandede pakke indeholder 6 bl\u00e5, 6 sorte, 6 r\u00f8de og 6 gule n\u00f8glebrikker.<\/p>","protected":false},"excerpt":{"rendered":"<p>Specialdesignet n\u00f8glebrik, der passer til Durables n\u00f8gleskab N\u00d8GLEBOKS. 24 stk\/kasse<\/p>","protected":false},"featured_media":135330,"template":"","meta":{"_acf_changed":false},"product_brand":[],"product_cat":[1932],"product_tag":[4397],"class_list":{"0":"post-117278","1":"product","2":"type-product","3":"status-publish","4":"has-post-thumbnail","6":"product_cat-nyckelgomma-nyckelbox","7":"product_tag-mix","8":"product_shipping_class-tunga-paket","9":"pa_brands-durable","10":"pa_farg-mix","11":"tm-no-options","13":"first","14":"instock","15":"sale","16":"taxable","17":"shipping-taxable","18":"purchasable","19":"product-type-simple"},"acf":[],"_links":{"self":[{"href":"https:\/\/secureus.se\/dk\/wp-json\/wp\/v2\/product\/117278","targetHints":{"allow":["GET"]}}],"collection":[{"href":"https:\/\/secureus.se\/dk\/wp-json\/wp\/v2\/product"}],"about":[{"href":"https:\/\/secureus.se\/dk\/wp-json\/wp\/v2\/types\/product"}],"wp:featuredmedia":[{"embeddable":true,"href":"https:\/\/secureus.se\/dk\/wp-json\/wp\/v2\/media\/135330"}],"wp:attachment":[{"href":"https:\/\/secureus.se\/dk\/wp-json\/wp\/v2\/media?parent=117278"}],"wp:term":[{"taxonomy":"product_brand","embeddable":true,"href":"https:\/\/secureus.se\/dk\/wp-json\/wp\/v2\/product_brand?post=117278"},{"taxonomy":"product_cat","embeddable":true,"href":"https:\/\/secureus.se\/dk\/wp-json\/wp\/v2\/product_cat?post=117278"},{"taxonomy":"product_tag","embeddable":true,"href":"https:\/\/secureus.se\/dk\/wp-json\/wp\/v2\/product_tag?post=117278"}],"curies":[{"name":"wp","href":"https:\/\/api.w.org\/{rel}","templated":true}]}}