{"id":117304,"date":"2024-11-05T17:16:53","date_gmt":"2024-11-05T16:16:53","guid":{"rendered":"https:\/\/secureus.se\/?post_type=product&#038;p=117304"},"modified":"2026-01-12T12:34:16","modified_gmt":"2026-01-12T11:34:16","slug":"skarmhallare-pro-for-1-skarm-vaggfaste","status":"publish","type":"product","link":"https:\/\/secureus.se\/dk\/skarmhallare-pro-for-1-skarm-vaggfaste\/","title":{"rendered":"Sk\u00e6rmholder PRO til 1 sk\u00e6rm, v\u00e6gbeslag"},"content":{"rendered":"<p>Durables serie af brugervenlige sk\u00e6rmholdere og v\u00e6gbeslag til computersk\u00e6rme af god kvalitet frig\u00f8r skrivebordsplads og giver god arbejdsergonomi. Takket v\u00e6re det tidl\u00f8se og elegante design klarer de sig godt i mange forskellige milj\u00f8er. Beregnet til sk\u00e6rme med et format p\u00e5 21 \u2013 28 tommer og en v\u00e6gt p\u00e5 3-8 kg, som er forberedt til VESA montering 75 x 75 mm eller 100 x 100 mm. Sk\u00e6rmen klikkes ganske enkelt ind i den patentanmeldte hurtigmontering. V\u00e6gbeslagene er fleksible, da de kan drejes for at have sk\u00e6rmen i st\u00e5ende eller liggende position og kan vinkles for en god l\u00e6sevinkel. Fremstillet af udvalgte f\u00f8rsteklasses materialer for en lang levetid \u2013 aluminium, metal og h\u00f8jkvalitetsplastik p\u00e5 op til 50 % fra genbrugsmateriale. Genanvendelige op til 100 % g\u00f8r disse sk\u00e6rmholdere milj\u00f8venlige i henhold til ISO 14021. Fremstillingen foreg\u00e5r i DURABLEs produktionsanl\u00e6g i Tyskland. 10 \u00e5rs garanti. Der er indsendt ans\u00f8gning om at f\u00e5 godkendt disse v\u00e6gbeslag til sk\u00e6rme med sikkerhedsm\u00e6rket GS (bevist sikkerhed), som giver k\u00f8bere, forhandlere og slutforbrugere garanti for, at produktet lever op til de seneste sikkerhedskrav, ligesom ans\u00f8gningen om T\u00dcV-certificering, som er ogs\u00e5 en anerkendt tysk produktsikkerheds- og kvalitetscertificering.<\/p>\n<p>Dette sk\u00e6rmv\u00e6gbeslag er ogs\u00e5 velegnet til buede sk\u00e6rme op til 38 tommer. Tre kabelclips, der kan placeres individuelt, hvor det passer medf\u00f8lger - for at holde kablerne organiseret. Afh\u00e6ngig af sk\u00e6rmens st\u00f8rrelse kan sk\u00e6rmen vinkles 110 - 85\u00b0 opad og 25\u00b0 nedad og det er muligt at svinge lidt sidel\u00e6ns. Skrue og prop til v\u00e6gmontering medf\u00f8lger. Dimensioner: 130 x 120 x 140 mm (B x H x D)<\/p>\n<p>L\u00e6s mere om GS-m\u00e6rkning: https:\/\/www.handelskammer.se\/vara-tjanster\/miljorapportering\/symbolguiden\/geprufte-sicherheit-provad-sakerhet<br \/>\nL\u00e6s mere om T\u00dcV-certificering: https:\/\/www.handelskammer.se\/vara-tjanster\/miljorapportering\/symbolguiden\/tuv-technischer-uberwachungsverein<br \/>\nGarantibetingelserne kan findes her: https:\/\/www.durable.se\/sv_SE\/service\/garanti\/garanti-foer-skaermhaallare\/<\/p>","protected":false},"excerpt":{"rendered":"<p>V\u00e6gbeslag til en computersk\u00e6rm. Kan drejes 360\u00b0 til st\u00e5ende eller liggende position. Hvor meget den kan vinkles og drejes afh\u00e6nger af sk\u00e6rmens st\u00f8rrelse.<\/p>","protected":false},"featured_media":135664,"template":"","meta":{"_acf_changed":false},"product_brand":[],"product_cat":[4243],"product_tag":[4382],"class_list":{"0":"post-117304","1":"product","2":"type-product","3":"status-publish","4":"has-post-thumbnail","6":"product_cat-skarmhallare","7":"product_tag-silver","8":"product_shipping_class-tunga-paket","9":"pa_brands-durable","10":"pa_farg-silver","11":"tm-no-options","13":"first","14":"instock","15":"sale","16":"taxable","17":"shipping-taxable","18":"purchasable","19":"product-type-simple"},"acf":[],"_links":{"self":[{"href":"https:\/\/secureus.se\/dk\/wp-json\/wp\/v2\/product\/117304","targetHints":{"allow":["GET"]}}],"collection":[{"href":"https:\/\/secureus.se\/dk\/wp-json\/wp\/v2\/product"}],"about":[{"href":"https:\/\/secureus.se\/dk\/wp-json\/wp\/v2\/types\/product"}],"wp:featuredmedia":[{"embeddable":true,"href":"https:\/\/secureus.se\/dk\/wp-json\/wp\/v2\/media\/135664"}],"wp:attachment":[{"href":"https:\/\/secureus.se\/dk\/wp-json\/wp\/v2\/media?parent=117304"}],"wp:term":[{"taxonomy":"product_brand","embeddable":true,"href":"https:\/\/secureus.se\/dk\/wp-json\/wp\/v2\/product_brand?post=117304"},{"taxonomy":"product_cat","embeddable":true,"href":"https:\/\/secureus.se\/dk\/wp-json\/wp\/v2\/product_cat?post=117304"},{"taxonomy":"product_tag","embeddable":true,"href":"https:\/\/secureus.se\/dk\/wp-json\/wp\/v2\/product_tag?post=117304"}],"curies":[{"name":"wp","href":"https:\/\/api.w.org\/{rel}","templated":true}]}}