{"id":117328,"date":"2024-11-05T17:13:51","date_gmt":"2024-11-05T16:13:51","guid":{"rendered":"https:\/\/secureus.se\/?post_type=product&#038;p=117328"},"modified":"2026-01-12T12:54:44","modified_gmt":"2026-01-12T11:54:44","slug":"tablet-holder-floor","status":"publish","type":"product","link":"https:\/\/secureus.se\/dk\/tablet-holder-floor\/","title":{"rendered":"TABLETHOLDER GULV"},"content":{"rendered":"<p>Tabletholder i stilrent og funktionelt design til tablets i st\u00f8rrelserne 7&quot;-13&quot; (160-275 mm). Til pr\u00e6sentationer og informationsdeling i offentlige milj\u00f8er, p\u00e5 messer, udstillinger, hoteller og restauranter. Stabilt og stabilt gulvstativ hvor overdelen kan vinkles trinl\u00f8st fra 0\u00b0 til 88\u00b0. Holderen, med gummibelagte overflader, der beskytter tabletten mod ridser og skader, kan drejes 360\u00b0 med fire stoppositioner for hver 90\u00b0, til brug i st\u00e5ende eller liggende format. Tabletten er nem at inds\u00e6tte og tage ud af holderen, som er l\u00e5st med en speciel n\u00f8gle for at forhindre tyveri. Desuden kan hele gulvstanderen l\u00e5ses med en ekstern kabell\u00e5s. Ladekablet tilsluttes gennem en \u00e5bning i holderen. P\u00e5 bagsiden af stativet er der en kabelholder, der kan justeres i h\u00f8jden. 2 meter USB kabel medf\u00f8lger.<br \/>\nMaksimal v\u00e6gt for tabletten 1 kg.<br \/>\nMaterialer: metalplade, aluminium, ABS-plast<br \/>\nDimensioner: 270 x 1215 x 270 mm (B x H x D)<\/p>","protected":false},"excerpt":{"rendered":"<p>Tabletholder. Gulvstativ til pr\u00e6sentationer og information i offentlige milj\u00f8er, p\u00e5 messer, udstillinger, hoteller og restauranter.<\/p>","protected":false},"featured_media":135712,"template":"","meta":{"_acf_changed":false},"product_brand":[],"product_cat":[4236],"product_tag":[4382],"class_list":{"0":"post-117328","1":"product","2":"type-product","3":"status-publish","4":"has-post-thumbnail","6":"product_cat-surfplattehallare","7":"product_tag-silver","8":"product_shipping_class-tunga-paket","9":"pa_brands-durable","10":"pa_farg-silver","11":"tm-no-options","13":"first","14":"instock","15":"sale","16":"taxable","17":"shipping-taxable","18":"purchasable","19":"product-type-simple"},"acf":[],"_links":{"self":[{"href":"https:\/\/secureus.se\/dk\/wp-json\/wp\/v2\/product\/117328","targetHints":{"allow":["GET"]}}],"collection":[{"href":"https:\/\/secureus.se\/dk\/wp-json\/wp\/v2\/product"}],"about":[{"href":"https:\/\/secureus.se\/dk\/wp-json\/wp\/v2\/types\/product"}],"wp:featuredmedia":[{"embeddable":true,"href":"https:\/\/secureus.se\/dk\/wp-json\/wp\/v2\/media\/135712"}],"wp:attachment":[{"href":"https:\/\/secureus.se\/dk\/wp-json\/wp\/v2\/media?parent=117328"}],"wp:term":[{"taxonomy":"product_brand","embeddable":true,"href":"https:\/\/secureus.se\/dk\/wp-json\/wp\/v2\/product_brand?post=117328"},{"taxonomy":"product_cat","embeddable":true,"href":"https:\/\/secureus.se\/dk\/wp-json\/wp\/v2\/product_cat?post=117328"},{"taxonomy":"product_tag","embeddable":true,"href":"https:\/\/secureus.se\/dk\/wp-json\/wp\/v2\/product_tag?post=117328"}],"curies":[{"name":"wp","href":"https:\/\/api.w.org\/{rel}","templated":true}]}}