{"id":117352,"date":"2024-11-05T16:47:45","date_gmt":"2024-11-05T15:47:45","guid":{"rendered":"https:\/\/secureus.se\/?post_type=product&#038;p=117352"},"modified":"2026-01-12T12:34:45","modified_gmt":"2026-01-12T11:34:45","slug":"sekretessfilter-magnetic-16-1610","status":"publish","type":"product","link":"https:\/\/secureus.se\/dk\/sekretessfilter-magnetic-16-1610\/","title":{"rendered":"Privatlivsfilter MAGNETIC 16\u2033 16:10"},"content":{"rendered":"<p>Da det er almindeligt at arbejde flere steder end p\u00e5 kontoret \u2013 i tog, fly eller offentlige steder med mange mennesker som fx caf\u00e9er, \u00f8ges risikoen for, at uvedkommende skimter eller ser information, som vi ikke \u00f8nsker eller ikke b\u00f8r dele. Beskyt din computersk\u00e6rm med privatlivsfiltre mod visuel hacking og nysgerrige \u00f8jne. Derefter skal du blot fjerne filteret, der fastg\u00f8res magnetisk til de to magneter, der er fastgjort til pc&#039;en. N\u00e5r filteret ikke er i brug, kan det opbevares i den medf\u00f8lgende opbevaringsmappe. Privatlivsfilteret g\u00f8r sk\u00e6rmen m\u00f8rk fra begge sider i en vinkel p\u00e5 30\u00b0, men giver brugeren et klart sk\u00e6rmbillede forfra. Set fra siden forhindrer privatlivsfilteret &quot;smygkig&quot; i en vinkel p\u00e5 60\u00b0. Filterets matte finish reducerer \u00f8jenbelastning og reducerer skadeligt bl\u00e5t lys. Computersk\u00e6rmen er beskyttet mod ridser og st\u00f8v af privatlivsfilteret og kan ogs\u00e5 bruges p\u00e5 touchsk\u00e6rme. Der medf\u00f8lger en mikrofiberklud til reng\u00f8ring af computersk\u00e6rm og privatfilter.<br \/>\nDette privatlivsfilter er beregnet til 16,0&quot; 16:10 sk\u00e6rme med dimensioner 345 x 215 mm \/13,6&quot; x 8,5&quot; (BxH). Dimensionerne p\u00e5 privatlivsfilteret er 345 x 224 mm.<\/p>","protected":false},"excerpt":{"rendered":"<p>Privatlivsfilter med magnetisk vedh\u00e6ftning, der beskytter din computersk\u00e6rms privatliv mod uautoriserede \u00f8jne. Leveres i en praktisk opbevaringslomme. Til 16,0&quot; 16:10 sk\u00e6rme.<\/p>","protected":false},"featured_media":133516,"template":"","meta":{"_acf_changed":false},"product_brand":[],"product_cat":[4242],"product_tag":[4394],"class_list":{"0":"post-117352","1":"product","2":"type-product","3":"status-publish","4":"has-post-thumbnail","6":"product_cat-sekretessfilter","7":"product_tag-antracitgra","8":"product_shipping_class-tunga-paket","9":"pa_brands-durable","10":"pa_farg-antracitgra","11":"tm-no-options","13":"first","14":"instock","15":"sale","16":"taxable","17":"shipping-taxable","18":"purchasable","19":"product-type-simple"},"acf":[],"_links":{"self":[{"href":"https:\/\/secureus.se\/dk\/wp-json\/wp\/v2\/product\/117352","targetHints":{"allow":["GET"]}}],"collection":[{"href":"https:\/\/secureus.se\/dk\/wp-json\/wp\/v2\/product"}],"about":[{"href":"https:\/\/secureus.se\/dk\/wp-json\/wp\/v2\/types\/product"}],"wp:featuredmedia":[{"embeddable":true,"href":"https:\/\/secureus.se\/dk\/wp-json\/wp\/v2\/media\/133516"}],"wp:attachment":[{"href":"https:\/\/secureus.se\/dk\/wp-json\/wp\/v2\/media?parent=117352"}],"wp:term":[{"taxonomy":"product_brand","embeddable":true,"href":"https:\/\/secureus.se\/dk\/wp-json\/wp\/v2\/product_brand?post=117352"},{"taxonomy":"product_cat","embeddable":true,"href":"https:\/\/secureus.se\/dk\/wp-json\/wp\/v2\/product_cat?post=117352"},{"taxonomy":"product_tag","embeddable":true,"href":"https:\/\/secureus.se\/dk\/wp-json\/wp\/v2\/product_tag?post=117352"}],"curies":[{"name":"wp","href":"https:\/\/api.w.org\/{rel}","templated":true}]}}