{"id":117360,"date":"2024-11-05T17:13:19","date_gmt":"2024-11-05T16:13:19","guid":{"rendered":"https:\/\/secureus.se\/?post_type=product&#038;p=117360"},"modified":"2026-01-12T12:54:27","modified_gmt":"2026-01-12T11:54:27","slug":"tablet-holder-wall","status":"publish","type":"product","link":"https:\/\/secureus.se\/dk\/tablet-holder-wall\/","title":{"rendered":"TABLETHOLDER V\u00c6G"},"content":{"rendered":"<p>V\u00e6gmonteret tabletholder i stilrent og funktionelt design til tablets i st\u00f8rrelserne 7\u2033-13\u2033 (160-275 mm). Til information og offentligg\u00f8relse p\u00e5 messer, i salgs- og udstillingslokaler og andre steder. T\u00e6t p\u00e5 v\u00e6ggen og nem montering. Holderen, med gummibelagte overflader, der beskytter tabletten mod ridser og skader, kan drejes 360\u00b0 med fire stoppositioner for hver 90\u00b0, til brug i st\u00e5ende eller liggende format. Tabletten er nem at inds\u00e6tte og tage ud af holderen, som er l\u00e5st med en speciel n\u00f8gle for at forhindre tyveri. Ladekablet tilsluttes gennem en \u00e5bning i holderen. Let at installere, st\u00e6rkt og sikkert v\u00e6gbeslag inklusive skrue og prop.<br \/>\nMaksimal v\u00e6gt for tabletten 1 kg.<br \/>\nMaterialer: aluminium, ABS plast<br \/>\nDimensioner: 85 x 50 x 180 mm (B x H x D)<\/p>","protected":false},"excerpt":{"rendered":"<p>Tabletholder. V\u00e6gbeslag til pr\u00e6sentationer og information p\u00e5 messer, i butikker og i udsalg og showrooms.<\/p>","protected":false},"featured_media":136577,"template":"","meta":{"_acf_changed":false},"product_brand":[],"product_cat":[4236],"product_tag":[4382],"class_list":{"0":"post-117360","1":"product","2":"type-product","3":"status-publish","4":"has-post-thumbnail","6":"product_cat-surfplattehallare","7":"product_tag-silver","8":"product_shipping_class-tunga-paket","9":"pa_brands-durable","10":"pa_farg-silver","11":"tm-no-options","13":"first","14":"instock","15":"sale","16":"taxable","17":"shipping-taxable","18":"purchasable","19":"product-type-simple"},"acf":[],"_links":{"self":[{"href":"https:\/\/secureus.se\/dk\/wp-json\/wp\/v2\/product\/117360","targetHints":{"allow":["GET"]}}],"collection":[{"href":"https:\/\/secureus.se\/dk\/wp-json\/wp\/v2\/product"}],"about":[{"href":"https:\/\/secureus.se\/dk\/wp-json\/wp\/v2\/types\/product"}],"wp:featuredmedia":[{"embeddable":true,"href":"https:\/\/secureus.se\/dk\/wp-json\/wp\/v2\/media\/136577"}],"wp:attachment":[{"href":"https:\/\/secureus.se\/dk\/wp-json\/wp\/v2\/media?parent=117360"}],"wp:term":[{"taxonomy":"product_brand","embeddable":true,"href":"https:\/\/secureus.se\/dk\/wp-json\/wp\/v2\/product_brand?post=117360"},{"taxonomy":"product_cat","embeddable":true,"href":"https:\/\/secureus.se\/dk\/wp-json\/wp\/v2\/product_cat?post=117360"},{"taxonomy":"product_tag","embeddable":true,"href":"https:\/\/secureus.se\/dk\/wp-json\/wp\/v2\/product_tag?post=117360"}],"curies":[{"name":"wp","href":"https:\/\/api.w.org\/{rel}","templated":true}]}}