{"id":117378,"date":"2024-11-05T17:00:12","date_gmt":"2024-11-05T16:00:12","guid":{"rendered":"https:\/\/secureus.se\/?post_type=product&#038;p=117378"},"modified":"2026-01-12T12:55:48","modified_gmt":"2026-01-12T11:55:48","slug":"vaggskydd-s10","status":"publish","type":"product","link":"https:\/\/secureus.se\/dk\/vaggskydd-s10\/","title":{"rendered":"V\u00e6gbeskyttelse S10"},"content":{"rendered":"<p>Advarsels- og beskyttelsesprofiler som denne v\u00e6gbeskyttelse bruges i industrier og andre indend\u00f8rs milj\u00f8er for at beskytte mennesker, k\u00f8ret\u00f8jer og inventar i tilf\u00e6lde af lette kollisioner. De sort\/gule striber advarer om udragende overflader og polyurethanskummet, som beskyttelsesprofilen er lavet af, er st\u00f8dabsorberende. Den selvkl\u00e6bende v\u00e6gbeskytter sk\u00e6res i den \u00f8nskede l\u00e6ngde med en skarp kniv. St\u00e6rk, selvkl\u00e6bende kl\u00e6bende overflade af god kvalitet, som blandt andet kl\u00e6ber p\u00e5 metal, tr\u00e6, pap og fliser med bedst resultat, hvis temperaturen er 10-30\u00b0C. Farve nuancer i henhold til ASR A1.3 svarende til RAL 1004\/9003 (signal gul\/signal sort).<br \/>\nTestet i henhold til brandklassificering DIN EN 13501-1 klasse E.<br \/>\nTemperaturbestandig fra -30\u00b0C \u2013 + 70\u00b0C.<br \/>\nL\u00e6ngde 1 m. Profilen er 40 mm bred og 10 mm tyk<\/p>","protected":false},"excerpt":{"rendered":"<p>Selvkl\u00e6bende v\u00e6gbeskyttelse med st\u00f8dabsorberende effekt. Sorte\/gule striber advarer og g\u00f8r opm\u00e6rksom p\u00e5 potentielle risici.<\/p>","protected":false},"featured_media":136975,"template":"","meta":{"_acf_changed":false},"product_brand":[],"product_cat":[4239],"product_tag":[4386],"class_list":{"0":"post-117378","1":"product","2":"type-product","3":"status-publish","4":"has-post-thumbnail","6":"product_cat-varnings-skyddsprofiler","7":"product_tag-gul-svart","8":"product_shipping_class-tunga-paket","9":"pa_brands-durable","10":"pa_farg-gul-svart","11":"tm-no-options","13":"first","14":"instock","15":"sale","16":"taxable","17":"shipping-taxable","18":"purchasable","19":"product-type-simple"},"acf":[],"_links":{"self":[{"href":"https:\/\/secureus.se\/dk\/wp-json\/wp\/v2\/product\/117378","targetHints":{"allow":["GET"]}}],"collection":[{"href":"https:\/\/secureus.se\/dk\/wp-json\/wp\/v2\/product"}],"about":[{"href":"https:\/\/secureus.se\/dk\/wp-json\/wp\/v2\/types\/product"}],"wp:featuredmedia":[{"embeddable":true,"href":"https:\/\/secureus.se\/dk\/wp-json\/wp\/v2\/media\/136975"}],"wp:attachment":[{"href":"https:\/\/secureus.se\/dk\/wp-json\/wp\/v2\/media?parent=117378"}],"wp:term":[{"taxonomy":"product_brand","embeddable":true,"href":"https:\/\/secureus.se\/dk\/wp-json\/wp\/v2\/product_brand?post=117378"},{"taxonomy":"product_cat","embeddable":true,"href":"https:\/\/secureus.se\/dk\/wp-json\/wp\/v2\/product_cat?post=117378"},{"taxonomy":"product_tag","embeddable":true,"href":"https:\/\/secureus.se\/dk\/wp-json\/wp\/v2\/product_tag?post=117378"}],"curies":[{"name":"wp","href":"https:\/\/api.w.org\/{rel}","templated":true}]}}