{"id":117521,"date":"2024-11-05T16:47:03","date_gmt":"2024-11-05T15:47:03","guid":{"rendered":"https:\/\/secureus.se\/?post_type=product&#038;p=117521"},"modified":"2026-01-12T12:55:47","modified_gmt":"2026-01-12T11:55:47","slug":"surfplattehallare-tough-wall-table","status":"publish","type":"product","link":"https:\/\/secureus.se\/dk\/surfplattehallare-tough-wall-table\/","title":{"rendered":"Tabletholder H\u00c5RD V\u00c6G\/BORD"},"content":{"rendered":"<p>Surfbr\u00e6tholder, der kan monteres p\u00e5 en bordplade (maks. 25 mm) eller en v\u00e6g. Passer til tablets i st\u00f8rrelse 7\u2033-13\u2033 (160-275 mm) med en tykkelse p\u00e5 max 8 mm. Til informationsdeling og pr\u00e6sentationer i butikker, receptioner, udsalg og showrooms. Fremstillet af flammeh\u00e6mmende materiale. Holderen, med gummibelagte overflader, der beskytter tabletten mod ridser og skader, kan drejes 360\u00b0. Ergonomisk takket v\u00e6re den fleksible svanehals, der muligg\u00f8r individuel og trinl\u00f8s h\u00f8jdejustering. Tabletten er nem at inds\u00e6tte og tage ud af holderen, som er l\u00e5st med en speciel n\u00f8gle for at forhindre tyveri. Derudover kan hele bordstativet l\u00e5ses med en ekstern kabell\u00e5s &quot;Minisaver mobill\u00e5s&quot; fra Kensington. Ladekablet tilsluttes gennem en \u00e5bning i holderen.<br \/>\nMaksimal v\u00e6gt for tabletten 1 kg<br \/>\nSvanehalsen + holderen har en h\u00f8jde p\u00e5 280 mm<br \/>\nDimensioner: 280 x 172 x 82 mm (B x H x D)<\/p>","protected":false},"excerpt":{"rendered":"<p>Holder til tablet 7-13&quot; til bord- eller v\u00e6gmontering. Med b\u00f8jelig svanehals og kugleled.<\/p>","protected":false},"featured_media":137248,"template":"","meta":{"_acf_changed":false},"product_brand":[],"product_cat":[4236],"product_tag":[4381],"class_list":{"0":"post-117521","1":"product","2":"type-product","3":"status-publish","4":"has-post-thumbnail","6":"product_cat-surfplattehallare","7":"product_tag-svart","8":"product_shipping_class-tunga-paket","9":"pa_brands-durable","10":"pa_farg-svart","11":"tm-no-options","13":"first","14":"instock","15":"sale","16":"taxable","17":"shipping-taxable","18":"purchasable","19":"product-type-simple"},"acf":[],"_links":{"self":[{"href":"https:\/\/secureus.se\/dk\/wp-json\/wp\/v2\/product\/117521","targetHints":{"allow":["GET"]}}],"collection":[{"href":"https:\/\/secureus.se\/dk\/wp-json\/wp\/v2\/product"}],"about":[{"href":"https:\/\/secureus.se\/dk\/wp-json\/wp\/v2\/types\/product"}],"wp:featuredmedia":[{"embeddable":true,"href":"https:\/\/secureus.se\/dk\/wp-json\/wp\/v2\/media\/137248"}],"wp:attachment":[{"href":"https:\/\/secureus.se\/dk\/wp-json\/wp\/v2\/media?parent=117521"}],"wp:term":[{"taxonomy":"product_brand","embeddable":true,"href":"https:\/\/secureus.se\/dk\/wp-json\/wp\/v2\/product_brand?post=117521"},{"taxonomy":"product_cat","embeddable":true,"href":"https:\/\/secureus.se\/dk\/wp-json\/wp\/v2\/product_cat?post=117521"},{"taxonomy":"product_tag","embeddable":true,"href":"https:\/\/secureus.se\/dk\/wp-json\/wp\/v2\/product_tag?post=117521"}],"curies":[{"name":"wp","href":"https:\/\/api.w.org\/{rel}","templated":true}]}}