{"id":117539,"date":"2024-11-20T14:16:24","date_gmt":"2024-11-20T13:16:24","guid":{"rendered":"https:\/\/secureus.se\/?post_type=product&#038;p=117539"},"modified":"2026-01-12T12:06:15","modified_gmt":"2026-01-12T11:06:15","slug":"plastficka-a6l-sjalvhaftande","status":"publish","type":"product","link":"https:\/\/secureus.se\/dk\/plastficka-a6l-sjalvhaftande\/","title":{"rendered":"Plastlomme A6L selvkl\u00e6bende"},"content":{"rendered":"<p>Tydelig og pr\u00e6cis m\u00e6rkning af hylder, skabe, d\u00f8re, paller, containere og andre rum forbedrer og str\u00f8mliner arbejdsprocessen p\u00e5 lager og i produktionsfaciliteter. De selvkl\u00e6bende plastlommer af slidst\u00e6rkt polypropylen kan l\u00e6ses med en scanner og beskytter de udskiftelige etiketter mod snavs. To kl\u00e6bestrimler p\u00e5 bagsiden holder lommen p\u00e5 plads. En gratis skabelon til etiketten er tilg\u00e6ngelig p\u00e5 www.duraprint.se.<br \/>\nIndvendige m\u00e5l: A6L (148 x 105 mm B x H)<br \/>\nYderm\u00e5l: 163\u00d7120 mm (B x H)<br \/>\nTilbeh\u00f8r: Etiketter p\u00e5 A4-ark, art. nr. 485102<\/p>","protected":false},"excerpt":{"rendered":"<p>Plastlomme med to selvkl\u00e6bende strimler p\u00e5 bagsiden. Til mere permanent brug p\u00e5 f.eks. paller og containere.<\/p>","protected":false},"featured_media":133789,"template":"","meta":{"_acf_changed":false},"product_brand":[],"product_cat":[4306],"product_tag":[4387],"class_list":{"0":"post-117539","1":"product","2":"type-product","3":"status-publish","4":"has-post-thumbnail","6":"product_cat-markning-pallstall","7":"product_tag-bla","8":"product_shipping_class-tunga-paket","9":"pa_brands-durable","10":"pa_farg-bla","11":"tm-no-options","13":"first","14":"instock","15":"sale","16":"taxable","17":"shipping-taxable","18":"purchasable","19":"product-type-simple"},"acf":[],"_links":{"self":[{"href":"https:\/\/secureus.se\/dk\/wp-json\/wp\/v2\/product\/117539","targetHints":{"allow":["GET"]}}],"collection":[{"href":"https:\/\/secureus.se\/dk\/wp-json\/wp\/v2\/product"}],"about":[{"href":"https:\/\/secureus.se\/dk\/wp-json\/wp\/v2\/types\/product"}],"wp:featuredmedia":[{"embeddable":true,"href":"https:\/\/secureus.se\/dk\/wp-json\/wp\/v2\/media\/133789"}],"wp:attachment":[{"href":"https:\/\/secureus.se\/dk\/wp-json\/wp\/v2\/media?parent=117539"}],"wp:term":[{"taxonomy":"product_brand","embeddable":true,"href":"https:\/\/secureus.se\/dk\/wp-json\/wp\/v2\/product_brand?post=117539"},{"taxonomy":"product_cat","embeddable":true,"href":"https:\/\/secureus.se\/dk\/wp-json\/wp\/v2\/product_cat?post=117539"},{"taxonomy":"product_tag","embeddable":true,"href":"https:\/\/secureus.se\/dk\/wp-json\/wp\/v2\/product_tag?post=117539"}],"curies":[{"name":"wp","href":"https:\/\/api.w.org\/{rel}","templated":true}]}}