{"id":117561,"date":"2024-11-05T16:46:54","date_gmt":"2024-11-05T15:46:54","guid":{"rendered":"https:\/\/secureus.se\/?post_type=product&#038;p=117561"},"modified":"2026-01-12T12:56:21","modified_gmt":"2026-01-12T11:56:21","slug":"surfplattehallare-tough-floor","status":"publish","type":"product","link":"https:\/\/secureus.se\/dk\/surfplattehallare-tough-floor\/","title":{"rendered":"Surfbr\u00e6tholder H\u00c5RDT GULV"},"content":{"rendered":"<p>Tabletholder TOUGH FLOOR er et gulvstativ med holder til tablets i st\u00f8rrelserne 7&quot;-13&quot; (160-275 mm) med en tykkelse p\u00e5 max. Til informationsdeling og pr\u00e6sentationer i butikker, receptioner, salg og showrooms. Fremstillet af flammeh\u00e6mmende materiale. Holderen, med gummibelagte overflader, der beskytter tabletten mod ridser og skader, kan drejes 360\u00b0. Ergonomisk takket v\u00e6re den fleksible svanehals, der muligg\u00f8r individuel og trinl\u00f8s h\u00f8jdejustering. Tabletten er nem at inds\u00e6tte og tage ud af holderen, som er l\u00e5st med en speciel n\u00f8gle for at forhindre tyveri. Derudover kan hele bordstativet l\u00e5ses med en ekstern kabell\u00e5s &quot;Minisaver mobill\u00e5s&quot; fra Kensington. Ladekablet tilsluttes gennem en \u00e5bning i holderen.<br \/>\nMaksimal v\u00e6gt for tabletten 1 kg.<br \/>\nStativets maksimale h\u00f8jde 1180 mm<br \/>\nDimensioner: 305 x 1180 x 305 mm (B x H x D)<\/p>","protected":false},"excerpt":{"rendered":"<p>Gulvstativ med tabletholder til tablet 7-13\u2033. Med b\u00f8jelig svanehals og kugleled.<\/p>","protected":false},"featured_media":136508,"template":"","meta":{"_acf_changed":false},"product_brand":[],"product_cat":[4236],"product_tag":[4381],"class_list":{"0":"post-117561","1":"product","2":"type-product","3":"status-publish","4":"has-post-thumbnail","6":"product_cat-surfplattehallare","7":"product_tag-svart","8":"product_shipping_class-tunga-paket","9":"pa_brands-durable","10":"pa_farg-svart","11":"tm-no-options","13":"first","14":"instock","15":"sale","16":"taxable","17":"shipping-taxable","18":"purchasable","19":"product-type-simple"},"acf":[],"_links":{"self":[{"href":"https:\/\/secureus.se\/dk\/wp-json\/wp\/v2\/product\/117561","targetHints":{"allow":["GET"]}}],"collection":[{"href":"https:\/\/secureus.se\/dk\/wp-json\/wp\/v2\/product"}],"about":[{"href":"https:\/\/secureus.se\/dk\/wp-json\/wp\/v2\/types\/product"}],"wp:featuredmedia":[{"embeddable":true,"href":"https:\/\/secureus.se\/dk\/wp-json\/wp\/v2\/media\/136508"}],"wp:attachment":[{"href":"https:\/\/secureus.se\/dk\/wp-json\/wp\/v2\/media?parent=117561"}],"wp:term":[{"taxonomy":"product_brand","embeddable":true,"href":"https:\/\/secureus.se\/dk\/wp-json\/wp\/v2\/product_brand?post=117561"},{"taxonomy":"product_cat","embeddable":true,"href":"https:\/\/secureus.se\/dk\/wp-json\/wp\/v2\/product_cat?post=117561"},{"taxonomy":"product_tag","embeddable":true,"href":"https:\/\/secureus.se\/dk\/wp-json\/wp\/v2\/product_tag?post=117561"}],"curies":[{"name":"wp","href":"https:\/\/api.w.org\/{rel}","templated":true}]}}