{"id":117919,"date":"2024-11-05T17:04:03","date_gmt":"2024-11-05T16:04:03","guid":{"rendered":"https:\/\/secureus.se\/?post_type=product&#038;p=117919"},"modified":"2026-01-12T12:38:57","modified_gmt":"2026-01-12T11:38:57","slug":"vario-table-20","status":"publish","type":"product","link":"https:\/\/secureus.se\/dk\/vario-table-20\/","title":{"rendered":"VARIO\u00ae TABEL 20"},"content":{"rendered":"<p>Informations- og pr\u00e6sentationsstande, der har mange forskellige navne; panel, display, oversigtssystem, vingeregister, PLU holder, dokumentholder, lathund.... Uanset navnet har den mange anvendelsesmuligheder i kontorer, butikker, k\u00f8kkener, kasser, udstillinger mv. Hyppigt anvendte informationer gemmes, findes hurtigt og kan nemt ses i oversigtssystemet. VARIO\u00ae TABLE 20 er et komplet bordstativ med 10 ikke-reflekterende, scanbare plastlommer (r\u00f8d, gul, gr\u00f8n og m\u00f8rkebl\u00e5) lavet af polypropylen til dokumenter i A4-format. Aftagelig 58 mm hovedholder medf\u00f8lger. Ved ind- og udtagning af lommerne er det godt at b\u00f8je lommen lidt forsigtigt p\u00e5 midten langs den indvendige langside, s\u00e5 det er nemt at ind- og udtage lommen uden at beskadige piggene i holderen. Gummif\u00f8dder f\u00e5r den til at st\u00e5 fast. 5 \u00e5rs garanti. Garantibetingelserne kan findes her: https:\/\/www.durable.se\/sv_SE\/service\/garanti\/garanti-foer-sherpa-vario\/<\/p>","protected":false},"excerpt":{"rendered":"<p>Komplet metalbordstativ med 20 A4-paneler, der kan foldes op, for at have ofte brugt information hurtigt og overskueligt ved h\u00e5nden. <\/p>","protected":false},"featured_media":136254,"template":"","meta":{"_acf_changed":false},"product_brand":[],"product_cat":[4298],"product_tag":[4397],"class_list":{"0":"post-117919","1":"product","2":"type-product","3":"status-publish","4":"has-post-thumbnail","6":"product_cat-bladderstall-bord","7":"product_tag-mix","8":"product_shipping_class-tunga-paket","9":"pa_brands-durable","10":"pa_farg-mix","11":"tm-no-options","13":"first","14":"instock","15":"sale","16":"taxable","17":"shipping-taxable","18":"purchasable","19":"product-type-simple"},"acf":[],"_links":{"self":[{"href":"https:\/\/secureus.se\/dk\/wp-json\/wp\/v2\/product\/117919","targetHints":{"allow":["GET"]}}],"collection":[{"href":"https:\/\/secureus.se\/dk\/wp-json\/wp\/v2\/product"}],"about":[{"href":"https:\/\/secureus.se\/dk\/wp-json\/wp\/v2\/types\/product"}],"wp:featuredmedia":[{"embeddable":true,"href":"https:\/\/secureus.se\/dk\/wp-json\/wp\/v2\/media\/136254"}],"wp:attachment":[{"href":"https:\/\/secureus.se\/dk\/wp-json\/wp\/v2\/media?parent=117919"}],"wp:term":[{"taxonomy":"product_brand","embeddable":true,"href":"https:\/\/secureus.se\/dk\/wp-json\/wp\/v2\/product_brand?post=117919"},{"taxonomy":"product_cat","embeddable":true,"href":"https:\/\/secureus.se\/dk\/wp-json\/wp\/v2\/product_cat?post=117919"},{"taxonomy":"product_tag","embeddable":true,"href":"https:\/\/secureus.se\/dk\/wp-json\/wp\/v2\/product_tag?post=117919"}],"curies":[{"name":"wp","href":"https:\/\/api.w.org\/{rel}","templated":true}]}}