{"id":117948,"date":"2024-11-05T17:03:19","date_gmt":"2024-11-05T16:03:19","guid":{"rendered":"https:\/\/secureus.se\/?post_type=product&#038;p=117948"},"modified":"2026-01-12T12:35:52","modified_gmt":"2026-01-12T11:35:52","slug":"vario-wall-5-2","status":"publish","type":"product","link":"https:\/\/secureus.se\/dk\/vario-wall-5-2\/","title":{"rendered":"VARIO\u00ae V\u00c6G 5"},"content":{"rendered":"<p>Informations- og pr\u00e6sentationsstande, der har mange forskellige navne; panel, display, oversigtssystem, vingeregister, PLU holder, dokumentholder, lathund.... Uanset navnet har den mange anvendelsesmuligheder i kontorer, butikker, k\u00f8kkener, kasser, udstillinger mv. Hyppigt anvendte informationer gemmes, findes hurtigt og kan nemt ses i oversigtssystemet. VARIO\u00ae WALL er et komplet v\u00e6gstativ med 5 ikke-reflekterende, scanbare polypropylenplastlommer (m\u00f8rkebl\u00e5) til dokumenter i A4-format. Bev\u00e6gelig 58 mm sk\u00e6rebordsholder samt skrue og prop medf\u00f8lger. Ved ind- og udtagning af lommerne er det godt at b\u00f8je lommen lidt forsigtigt p\u00e5 midten langs den indvendige langside, s\u00e5 det er nemt at ind- og udtage lommen uden at beskadige piggene i holderen. 5 \u00e5rs garanti. Garantibetingelserne kan findes her: https:\/\/www.durable.se\/sv_SE\/service\/garanti\/garanti-foer-sherpa-vario\/<\/p>","protected":false},"excerpt":{"rendered":"<p>Komplet metalv\u00e6gstativ med 5 flip-up A4-paneler for at have ofte brugt information hurtigt og overskueligt ved h\u00e5nden. <\/p>","protected":false},"featured_media":135989,"template":"","meta":{"_acf_changed":false},"product_brand":[],"product_cat":[4299],"product_tag":[4374],"class_list":{"0":"post-117948","1":"product","2":"type-product","3":"status-publish","4":"has-post-thumbnail","6":"product_cat-bladderpanelsystem-vagg","7":"product_tag-morkbla","8":"product_shipping_class-tunga-paket","9":"pa_brands-durable","10":"pa_farg-morkbla","11":"tm-no-options","13":"first","14":"instock","15":"sale","16":"taxable","17":"shipping-taxable","18":"purchasable","19":"product-type-simple"},"acf":[],"_links":{"self":[{"href":"https:\/\/secureus.se\/dk\/wp-json\/wp\/v2\/product\/117948","targetHints":{"allow":["GET"]}}],"collection":[{"href":"https:\/\/secureus.se\/dk\/wp-json\/wp\/v2\/product"}],"about":[{"href":"https:\/\/secureus.se\/dk\/wp-json\/wp\/v2\/types\/product"}],"wp:featuredmedia":[{"embeddable":true,"href":"https:\/\/secureus.se\/dk\/wp-json\/wp\/v2\/media\/135989"}],"wp:attachment":[{"href":"https:\/\/secureus.se\/dk\/wp-json\/wp\/v2\/media?parent=117948"}],"wp:term":[{"taxonomy":"product_brand","embeddable":true,"href":"https:\/\/secureus.se\/dk\/wp-json\/wp\/v2\/product_brand?post=117948"},{"taxonomy":"product_cat","embeddable":true,"href":"https:\/\/secureus.se\/dk\/wp-json\/wp\/v2\/product_cat?post=117948"},{"taxonomy":"product_tag","embeddable":true,"href":"https:\/\/secureus.se\/dk\/wp-json\/wp\/v2\/product_tag?post=117948"}],"curies":[{"name":"wp","href":"https:\/\/api.w.org\/{rel}","templated":true}]}}