{"id":118034,"date":"2024-11-05T16:55:12","date_gmt":"2024-11-05T15:55:12","guid":{"rendered":"https:\/\/secureus.se\/?post_type=product&#038;p=118034"},"modified":"2026-01-12T12:01:58","modified_gmt":"2026-01-12T11:01:58","slug":"pallficka-hard-cover-1-2-a5l-210x74","status":"publish","type":"product","link":"https:\/\/secureus.se\/dk\/pallficka-hard-cover-1-2-a5l-210x74\/","title":{"rendered":"Pallelomme H\u00c5RD D\u00c6KKER 1\/2 A5L, 210\u00d774"},"content":{"rendered":"<p>Tydelig og omfattende m\u00e6rkning af pallekraver, paller og kartoner forbedrer og effektiviserer arbejdsprocessen p\u00e5 lagre og i produktionsfaciliteter. De gennemsigtige lommer af stift PET-plast kan afl\u00e6ses med en scanner. Pallelommen kan h\u00e6nges over f.eks. pallekravekanter som maksimalt er 22 mm. Hver etiketholder er d\u00e6kket af en gennemsigtig plastfilm, der beskytter mod ridser under transport og opbevaring. Beskyttelsesfilmen fjernes nemt, n\u00e5r produktet skal bruges. En gratis skabelon til etiketten er tilg\u00e6ngelig p\u00e5 www.duraprint.se.<br \/>\nIndvendige m\u00e5l: 1\/2 A5L (210 x 74 mm B x H), i overensstemmelse med VDA-standarden<br \/>\nYderm\u00e5l: 213 x 77 mm B x H<br \/>\nTilbeh\u00f8r: Etiketter p\u00e5 A4 ark, varenr 102802<\/p>","protected":false},"excerpt":{"rendered":"<p>Pallelomme i transparent stiv PET-plast til at h\u00e6nge ud over kanten af pallekraver og kartoner. <\/p>","protected":false},"featured_media":137129,"template":"","meta":{"_acf_changed":false},"product_brand":[],"product_cat":[4306],"product_tag":[4376],"class_list":{"0":"post-118034","1":"product","2":"type-product","3":"status-publish","4":"has-post-thumbnail","6":"product_cat-markning-pallstall","7":"product_tag-transparent","8":"product_shipping_class-tunga-paket","9":"pa_brands-durable","10":"pa_farg-transparent","11":"tm-no-options","13":"first","14":"instock","15":"sale","16":"taxable","17":"shipping-taxable","18":"purchasable","19":"product-type-simple"},"acf":[],"_links":{"self":[{"href":"https:\/\/secureus.se\/dk\/wp-json\/wp\/v2\/product\/118034","targetHints":{"allow":["GET"]}}],"collection":[{"href":"https:\/\/secureus.se\/dk\/wp-json\/wp\/v2\/product"}],"about":[{"href":"https:\/\/secureus.se\/dk\/wp-json\/wp\/v2\/types\/product"}],"wp:featuredmedia":[{"embeddable":true,"href":"https:\/\/secureus.se\/dk\/wp-json\/wp\/v2\/media\/137129"}],"wp:attachment":[{"href":"https:\/\/secureus.se\/dk\/wp-json\/wp\/v2\/media?parent=118034"}],"wp:term":[{"taxonomy":"product_brand","embeddable":true,"href":"https:\/\/secureus.se\/dk\/wp-json\/wp\/v2\/product_brand?post=118034"},{"taxonomy":"product_cat","embeddable":true,"href":"https:\/\/secureus.se\/dk\/wp-json\/wp\/v2\/product_cat?post=118034"},{"taxonomy":"product_tag","embeddable":true,"href":"https:\/\/secureus.se\/dk\/wp-json\/wp\/v2\/product_tag?post=118034"}],"curies":[{"name":"wp","href":"https:\/\/api.w.org\/{rel}","templated":true}]}}