{"id":118076,"date":"2024-12-07T15:21:17","date_gmt":"2024-12-07T14:21:17","guid":{"rendered":"https:\/\/secureus.se\/?post_type=product&#038;p=118076"},"modified":"2026-01-12T12:36:40","modified_gmt":"2026-01-12T11:36:40","slug":"sherpa-motion-10","status":"publish","type":"product","link":"https:\/\/secureus.se\/dk\/sherpa-motion-10\/","title":{"rendered":"SHERPA\u00ae MOTION 10"},"content":{"rendered":"<p>Informations- og pr\u00e6sentationsstande, der har mange forskellige navne; panel, display, oversigtssystem, vingeregister, PLU holder, dokumentholder, lathund.... Uanset navnet har den mange anvendelsesmuligheder i kontorer, butikker, k\u00f8kkener, kasser, udstillinger mv. Hyppigt brugte informationer gemmes, findes hurtigt og kan nemt ses i oversigtssystemet. SHERPA\u00ae MOTION er et komplet bordstativ med 10 ikke-reflekterende, scanbare polypropylenplastlommer til dokumenter i A4-format. Den galvaniserede kugle g\u00f8r, at den kan drejes 360\u00b0 og ogs\u00e5 vinkles op eller ned for at justere l\u00e6sevinklen mellem 25\u00b0 og 70\u00b0. Aftagelig 58 mm hovedholder medf\u00f8lger. Ved ind- og udtagning af lommerne er det godt at b\u00f8je lommen lidt forsigtigt p\u00e5 midten langs den indvendige langside, s\u00e5 det er nemt at ind- og udtage lommen uden at beskadige piggene i holderen. Gummif\u00f8dder f\u00e5r den til at st\u00e5 fast. 5 \u00e5rs garanti. Garantibetingelserne kan findes her: https:\/\/www.durable.se\/sv_SE\/service\/garanti\/garanti-foer-sherpa-vario\/<\/p>","protected":false},"excerpt":{"rendered":"<p>Roterbart, komplet bordstativ med 10 rulbare paneler for at have ofte brugt information hurtigt og overskueligt ved h\u00e5nden. <\/p>","protected":false},"featured_media":135684,"template":"","meta":{"_acf_changed":false},"product_brand":[],"product_cat":[4298],"product_tag":[4404],"class_list":{"0":"post-118076","1":"product","2":"type-product","3":"status-publish","4":"has-post-thumbnail","6":"product_cat-bladderstall-bord","7":"product_tag-grafitgra","8":"product_shipping_class-tunga-paket","9":"pa_brands-durable","10":"pa_farg-grafitgra","11":"tm-no-options","13":"first","14":"instock","15":"sale","16":"taxable","17":"shipping-taxable","18":"purchasable","19":"product-type-simple"},"acf":[],"_links":{"self":[{"href":"https:\/\/secureus.se\/dk\/wp-json\/wp\/v2\/product\/118076","targetHints":{"allow":["GET"]}}],"collection":[{"href":"https:\/\/secureus.se\/dk\/wp-json\/wp\/v2\/product"}],"about":[{"href":"https:\/\/secureus.se\/dk\/wp-json\/wp\/v2\/types\/product"}],"wp:featuredmedia":[{"embeddable":true,"href":"https:\/\/secureus.se\/dk\/wp-json\/wp\/v2\/media\/135684"}],"wp:attachment":[{"href":"https:\/\/secureus.se\/dk\/wp-json\/wp\/v2\/media?parent=118076"}],"wp:term":[{"taxonomy":"product_brand","embeddable":true,"href":"https:\/\/secureus.se\/dk\/wp-json\/wp\/v2\/product_brand?post=118076"},{"taxonomy":"product_cat","embeddable":true,"href":"https:\/\/secureus.se\/dk\/wp-json\/wp\/v2\/product_cat?post=118076"},{"taxonomy":"product_tag","embeddable":true,"href":"https:\/\/secureus.se\/dk\/wp-json\/wp\/v2\/product_tag?post=118076"}],"curies":[{"name":"wp","href":"https:\/\/api.w.org\/{rel}","templated":true}]}}