{"id":118077,"date":"2024-11-05T16:54:16","date_gmt":"2024-11-05T15:54:16","guid":{"rendered":"https:\/\/secureus.se\/?post_type=product&#038;p=118077"},"modified":"2026-01-12T12:01:16","modified_gmt":"2026-01-12T11:01:16","slug":"plastficka-sjalvhaftande-hard-cover-a5l","status":"publish","type":"product","link":"https:\/\/secureus.se\/dk\/plastficka-sjalvhaftande-hard-cover-a5l\/","title":{"rendered":"Plastlomme selvkl\u00e6bende H\u00c5RDT COVER A5L"},"content":{"rendered":"<p>Overskuelig og omfattende m\u00e6rkning af hylder, skabe, d\u00f8re, paller, containere og andre rum forbedrer og effektiviserer arbejdsprocessen p\u00e5 lagre og i produktionsfaciliteter. De gennemsigtige, selvkl\u00e6bende etiketholdere af stift PET-plast kan afl\u00e6ses med en scanner. Etiketterne er nemme at skifte, fordi holderne er \u00e5bne i toppen og p\u00e5 begge sider og desuden har affasede hj\u00f8rner for nem adgang til indsatsen. Installeret med kl\u00e6bestrimler, der kan fjernes uden at efterlade kl\u00e6bemiddelrester, n\u00e5r de fjernes. Hver etiketholder er d\u00e6kket af en gennemsigtig plastfilm, der beskytter mod ridser under transport og opbevaring. Beskyttelsesfilmen fjernes nemt, n\u00e5r produktet skal bruges. En gratis skabelon til etiketten er tilg\u00e6ngelig p\u00e5 www.duraprint.se.<br \/>\nIndvendige m\u00e5l: A5L (148,5 x 210 mm) (B x H)<br \/>\nYdre m\u00e5l: 213 x 153 mm (B x H)<br \/>\nTilbeh\u00f8r: Etiketter p\u00e5 A4-ark, art. nr. 485502<\/p>","protected":false},"excerpt":{"rendered":"<p>Plastlomme i PET-plast med selvkl\u00e6bende og aftagelige kl\u00e6bestrimler p\u00e5 bagsiden. Til brug p\u00e5 f.eks. paller og containere.<\/p>","protected":false},"featured_media":136400,"template":"","meta":{"_acf_changed":false},"product_brand":[],"product_cat":[4306],"product_tag":[4376],"class_list":{"0":"post-118077","1":"product","2":"type-product","3":"status-publish","4":"has-post-thumbnail","6":"product_cat-markning-pallstall","7":"product_tag-transparent","8":"product_shipping_class-tunga-paket","9":"pa_brands-durable","10":"pa_farg-transparent","11":"tm-no-options","13":"first","14":"instock","15":"sale","16":"taxable","17":"shipping-taxable","18":"purchasable","19":"product-type-simple"},"acf":[],"_links":{"self":[{"href":"https:\/\/secureus.se\/dk\/wp-json\/wp\/v2\/product\/118077","targetHints":{"allow":["GET"]}}],"collection":[{"href":"https:\/\/secureus.se\/dk\/wp-json\/wp\/v2\/product"}],"about":[{"href":"https:\/\/secureus.se\/dk\/wp-json\/wp\/v2\/types\/product"}],"wp:featuredmedia":[{"embeddable":true,"href":"https:\/\/secureus.se\/dk\/wp-json\/wp\/v2\/media\/136400"}],"wp:attachment":[{"href":"https:\/\/secureus.se\/dk\/wp-json\/wp\/v2\/media?parent=118077"}],"wp:term":[{"taxonomy":"product_brand","embeddable":true,"href":"https:\/\/secureus.se\/dk\/wp-json\/wp\/v2\/product_brand?post=118077"},{"taxonomy":"product_cat","embeddable":true,"href":"https:\/\/secureus.se\/dk\/wp-json\/wp\/v2\/product_cat?post=118077"},{"taxonomy":"product_tag","embeddable":true,"href":"https:\/\/secureus.se\/dk\/wp-json\/wp\/v2\/product_tag?post=118077"}],"curies":[{"name":"wp","href":"https:\/\/api.w.org\/{rel}","templated":true}]}}