{"id":118096,"date":"2024-11-05T16:54:07","date_gmt":"2024-11-05T15:54:07","guid":{"rendered":"https:\/\/secureus.se\/?post_type=product&#038;p=118096"},"modified":"2026-03-11T14:45:44","modified_gmt":"2026-03-11T13:45:44","slug":"etiketthallare-magnetisk-hard-cover-100x38-mm","status":"publish","type":"product","link":"https:\/\/secureus.se\/dk\/etiketthallare-magnetisk-hard-cover-100x38-mm\/","title":{"rendered":"Etiketholder magnetisk HARD COVER 100\u00d738 mm"},"content":{"rendered":"<p>Tydelig og overskuelig m\u00e6rkning af hylder, skabe, d\u00f8re, paller, containere og andre rum forbedrer og effektiviserer arbejdsprocessen p\u00e5 lagre og i produktionsfaciliteter. De transparente, magnetiske etiketholdere af stiv PET-plast kan l\u00e6ses med en scanner. Etiketterne er nemme at skifte, fordi lommerne er \u00e5bne foroven og p\u00e5 begge sider og desuden har skr\u00e5 hj\u00f8rner for nem adgang til etiketten. To magnetstrimler p\u00e5 bagsiden sikrer, at lommen sidder sikkert p\u00e5 plads. Hver etiketholder er d\u00e6kket af en transparent plastfilm, der beskytter mod ridser under transport og opbevaring. Beskyttelsesfilmen fjernes nemt, n\u00e5r produktet skal bruges. En gratis skabelon til etiketten findes p\u00e5 www.duraprint.se.<br \/>\nIndvendige m\u00e5l: 100 x 38 mm (B x H)<br \/>\nYdre m\u00e5l: 103 x 43 mm (B x H)<br \/>\nTilbeh\u00f8r: Etiketter p\u00e5 A4-ark, art. nr. 102202<\/p>","protected":false},"excerpt":{"rendered":"<p>Etiketholder i PET-plast med to magnetstrimler p\u00e5 bagsiden. Til brug p\u00e5 f.eks. metalhyldekanter.<\/p>","protected":false},"featured_media":135886,"template":"","meta":{"_acf_changed":false},"product_brand":[],"product_cat":[4335],"product_tag":[4376],"class_list":{"0":"post-118096","1":"product","2":"type-product","3":"status-publish","4":"has-post-thumbnail","6":"product_cat-etiketthallare","7":"product_tag-transparent","8":"product_shipping_class-tunga-paket","9":"pa_brands-durable","10":"pa_farg-transparent","11":"tm-no-options","13":"first","14":"instock","15":"sale","16":"taxable","17":"shipping-taxable","18":"purchasable","19":"product-type-simple"},"acf":[],"_links":{"self":[{"href":"https:\/\/secureus.se\/dk\/wp-json\/wp\/v2\/product\/118096","targetHints":{"allow":["GET"]}}],"collection":[{"href":"https:\/\/secureus.se\/dk\/wp-json\/wp\/v2\/product"}],"about":[{"href":"https:\/\/secureus.se\/dk\/wp-json\/wp\/v2\/types\/product"}],"wp:featuredmedia":[{"embeddable":true,"href":"https:\/\/secureus.se\/dk\/wp-json\/wp\/v2\/media\/135886"}],"wp:attachment":[{"href":"https:\/\/secureus.se\/dk\/wp-json\/wp\/v2\/media?parent=118096"}],"wp:term":[{"taxonomy":"product_brand","embeddable":true,"href":"https:\/\/secureus.se\/dk\/wp-json\/wp\/v2\/product_brand?post=118096"},{"taxonomy":"product_cat","embeddable":true,"href":"https:\/\/secureus.se\/dk\/wp-json\/wp\/v2\/product_cat?post=118096"},{"taxonomy":"product_tag","embeddable":true,"href":"https:\/\/secureus.se\/dk\/wp-json\/wp\/v2\/product_tag?post=118096"}],"curies":[{"name":"wp","href":"https:\/\/api.w.org\/{rel}","templated":true}]}}