{"id":118119,"date":"2024-11-05T16:53:42","date_gmt":"2024-11-05T15:53:42","guid":{"rendered":"https:\/\/secureus.se\/?post_type=product&#038;p=118119"},"modified":"2026-01-12T12:01:34","modified_gmt":"2026-01-12T11:01:34","slug":"etiketthallare-magnetisk-hard-cover-1-2-a5l-210x74","status":"publish","type":"product","link":"https:\/\/secureus.se\/dk\/etiketthallare-magnetisk-hard-cover-1-2-a5l-210x74\/","title":{"rendered":"Etiketholder magnetisk HARD COVER 1\/2 A5L, 210\u00d774"},"content":{"rendered":"<p>Overskuelig og omfattende m\u00e6rkning af hylder, skabe, d\u00f8re, paller, containere og andre rum forbedrer og effektiviserer arbejdsprocessen p\u00e5 lagre og i produktionsfaciliteter. De gennemsigtige, magnetiske etiketholdere af stift PET-plast kan afl\u00e6ses med en scanner. Etiketterne er nemme at udskifte, fordi lommerne er \u00e5bne i toppen og p\u00e5 begge sider og desuden har affasede hj\u00f8rner for nem adgang til etiketten. To magnetstrimler p\u00e5 bagsiden holder lommen sikkert p\u00e5 plads. Hver etiketholder er d\u00e6kket af en gennemsigtig plastfilm, der beskytter mod ridser under transport og opbevaring. Beskyttelsesfilmen fjernes nemt, n\u00e5r produktet skal bruges. En gratis skabelon til etiketten er tilg\u00e6ngelig p\u00e5 www.duraprint.se.<br \/>\nIndvendige m\u00e5l: 1\/2 A5 liggende (210 x 74 mm)(B x H), i overensstemmelse med VDA-standarden<br \/>\nYdre m\u00e5l: 213 x 79 mm (B x H)<br \/>\nTilbeh\u00f8r: Etiketter p\u00e5 A4-ark, art. nr. 102802<\/p>","protected":false},"excerpt":{"rendered":"<p>Etiketholder i PET-plast med to magnetstrimler p\u00e5 bagsiden. Til brug p\u00e5 f.eks. metalhyldekanter.<\/p>","protected":false},"featured_media":136412,"template":"","meta":{"_acf_changed":false},"product_brand":[],"product_cat":[4335],"product_tag":[4376],"class_list":{"0":"post-118119","1":"product","2":"type-product","3":"status-publish","4":"has-post-thumbnail","6":"product_cat-etiketthallare","7":"product_tag-transparent","8":"product_shipping_class-tunga-paket","9":"pa_brands-durable","10":"pa_farg-transparent","11":"tm-no-options","13":"first","14":"instock","15":"sale","16":"taxable","17":"shipping-taxable","18":"purchasable","19":"product-type-simple"},"acf":[],"_links":{"self":[{"href":"https:\/\/secureus.se\/dk\/wp-json\/wp\/v2\/product\/118119","targetHints":{"allow":["GET"]}}],"collection":[{"href":"https:\/\/secureus.se\/dk\/wp-json\/wp\/v2\/product"}],"about":[{"href":"https:\/\/secureus.se\/dk\/wp-json\/wp\/v2\/types\/product"}],"wp:featuredmedia":[{"embeddable":true,"href":"https:\/\/secureus.se\/dk\/wp-json\/wp\/v2\/media\/136412"}],"wp:attachment":[{"href":"https:\/\/secureus.se\/dk\/wp-json\/wp\/v2\/media?parent=118119"}],"wp:term":[{"taxonomy":"product_brand","embeddable":true,"href":"https:\/\/secureus.se\/dk\/wp-json\/wp\/v2\/product_brand?post=118119"},{"taxonomy":"product_cat","embeddable":true,"href":"https:\/\/secureus.se\/dk\/wp-json\/wp\/v2\/product_cat?post=118119"},{"taxonomy":"product_tag","embeddable":true,"href":"https:\/\/secureus.se\/dk\/wp-json\/wp\/v2\/product_tag?post=118119"}],"curies":[{"name":"wp","href":"https:\/\/api.w.org\/{rel}","templated":true}]}}