{"id":118131,"date":"2024-11-05T17:24:18","date_gmt":"2024-11-05T16:24:18","guid":{"rendered":"https:\/\/secureus.se\/?post_type=product&#038;p=118131"},"modified":"2026-01-12T12:35:16","modified_gmt":"2026-01-12T11:35:16","slug":"sherpa-wall-10-2","status":"publish","type":"product","link":"https:\/\/secureus.se\/dk\/sherpa-wall-10-2\/","title":{"rendered":"SHERPA\u00ae WALL 10"},"content":{"rendered":"<p>Informations- og pr\u00e6sentationsstande, der har mange forskellige navne; panel, display, oversigtssystem, vingeregister, PLU holder, dokumentholder, lathund.... Uanset navnet har den mange anvendelsesmuligheder i kontorer, butikker, k\u00f8kkener, kasser, udstillinger mv. Hyppigt anvendte informationer gemmes, findes hurtigt og kan nemt ses i oversigtssystemet. SHERPA\u00ae WALL er et komplet v\u00e6gstativ med 10 ikke-reflekterende, scanbare polypropylenplastlommer (5 gr\u00e5 og 5 sorte) til dokumenter i A4-format. Bev\u00e6gelig 58 mm sk\u00e6rebordsholder samt skrue og prop medf\u00f8lger. Ved ind- og udtagning af lommerne er det godt at b\u00f8je lommen lidt forsigtigt p\u00e5 midten langs den indvendige langside, s\u00e5 det er nemt at ind- og udtage lommen uden at beskadige piggene i holderen. 5 \u00e5rs garanti. Garantibetingelserne kan findes her: https:\/\/www.durable.se\/sv_SE\/service\/garanti\/garanti-foer-sherpa-vario\/<\/p>","protected":false},"excerpt":{"rendered":"<p>Komplet v\u00e6gstativ med 10 rulbare paneler for at have ofte brugt information hurtigt og overskueligt ved h\u00e5nden. <\/p>","protected":false},"featured_media":135500,"template":"","meta":{"_acf_changed":false},"product_brand":[],"product_cat":[4299,4256],"product_tag":[4409],"class_list":{"0":"post-118131","1":"product","2":"type-product","3":"status-publish","4":"has-post-thumbnail","6":"product_cat-bladderpanelsystem-vagg","7":"product_cat-ramar-informationsstall","8":"product_tag-svart-gra","9":"product_shipping_class-tunga-paket","10":"pa_brands-durable","11":"pa_farg-svart-gra","12":"tm-no-options","14":"first","15":"instock","16":"sale","17":"taxable","18":"shipping-taxable","19":"purchasable","20":"product-type-simple"},"acf":[],"_links":{"self":[{"href":"https:\/\/secureus.se\/dk\/wp-json\/wp\/v2\/product\/118131","targetHints":{"allow":["GET"]}}],"collection":[{"href":"https:\/\/secureus.se\/dk\/wp-json\/wp\/v2\/product"}],"about":[{"href":"https:\/\/secureus.se\/dk\/wp-json\/wp\/v2\/types\/product"}],"wp:featuredmedia":[{"embeddable":true,"href":"https:\/\/secureus.se\/dk\/wp-json\/wp\/v2\/media\/135500"}],"wp:attachment":[{"href":"https:\/\/secureus.se\/dk\/wp-json\/wp\/v2\/media?parent=118131"}],"wp:term":[{"taxonomy":"product_brand","embeddable":true,"href":"https:\/\/secureus.se\/dk\/wp-json\/wp\/v2\/product_brand?post=118131"},{"taxonomy":"product_cat","embeddable":true,"href":"https:\/\/secureus.se\/dk\/wp-json\/wp\/v2\/product_cat?post=118131"},{"taxonomy":"product_tag","embeddable":true,"href":"https:\/\/secureus.se\/dk\/wp-json\/wp\/v2\/product_tag?post=118131"}],"curies":[{"name":"wp","href":"https:\/\/api.w.org\/{rel}","templated":true}]}}