{"id":118231,"date":"2024-11-05T16:51:24","date_gmt":"2024-11-05T15:51:24","guid":{"rendered":"https:\/\/secureus.se\/?post_type=product&#038;p=118231"},"modified":"2026-01-12T12:55:59","modified_gmt":"2026-01-12T11:55:59","slug":"surfplattehallare-twist-table","status":"publish","type":"product","link":"https:\/\/secureus.se\/dk\/surfplattehallare-twist-table\/","title":{"rendered":"Surfbr\u00e6tholder TWIST TABLE"},"content":{"rendered":"<p>En tabletholder g\u00f8r brugen af en tablet eller mobiltelefon mere bekvem og ergonomisk, for eksempel som en ekstra sk\u00e6rm p\u00e5 kontoret eller under studier, p\u00e5 plejehjem for at holde kontakten med sine n\u00e6rmeste, hjemme til recepter, digitale aviser og sociale medier. TWIST-serien har en holder med anti-slip puder, der holder enheden p\u00e5 plads og beskytter mod ridser. Holderens greb passer til tablets eller mobiler som iPhone, iPad og Samsung fra 4,7&quot; op til 13&quot; med en maksimal v\u00e6gt p\u00e5 1 kg og er fastgjort til et kugleled, der kan drejes 360\u00b0. Der er ogs\u00e5 en \u00e5bning til ladekablet. VREDEBORD er 37 cm h\u00f8jt og takket v\u00e6re en 19 cm rund bundplade st\u00e5r det meget solidt. Kraftig svanehals med trinl\u00f8s justering af h\u00f8jde og l\u00e6sevinkel, der bliver i den \u00f8nskede position. Fremstillet af 40% genbrugsmateriale, 100 % kan genanvendes ved slutproduktet.<\/p>","protected":false},"excerpt":{"rendered":"<p>Holder til tablet eller mobil 4,7-13\u2033. Bordstativ med b\u00f8jelig svanehals og kugleled.<\/p>","protected":false},"featured_media":137164,"template":"","meta":{"_acf_changed":false},"product_brand":[],"product_cat":[4236],"product_tag":[4381],"class_list":{"0":"post-118231","1":"product","2":"type-product","3":"status-publish","4":"has-post-thumbnail","6":"product_cat-surfplattehallare","7":"product_tag-svart","8":"product_shipping_class-tunga-paket","9":"pa_brands-durable","10":"pa_farg-svart","11":"tm-no-options","13":"first","14":"instock","15":"sale","16":"taxable","17":"shipping-taxable","18":"purchasable","19":"product-type-simple"},"acf":[],"_links":{"self":[{"href":"https:\/\/secureus.se\/dk\/wp-json\/wp\/v2\/product\/118231","targetHints":{"allow":["GET"]}}],"collection":[{"href":"https:\/\/secureus.se\/dk\/wp-json\/wp\/v2\/product"}],"about":[{"href":"https:\/\/secureus.se\/dk\/wp-json\/wp\/v2\/types\/product"}],"wp:featuredmedia":[{"embeddable":true,"href":"https:\/\/secureus.se\/dk\/wp-json\/wp\/v2\/media\/137164"}],"wp:attachment":[{"href":"https:\/\/secureus.se\/dk\/wp-json\/wp\/v2\/media?parent=118231"}],"wp:term":[{"taxonomy":"product_brand","embeddable":true,"href":"https:\/\/secureus.se\/dk\/wp-json\/wp\/v2\/product_brand?post=118231"},{"taxonomy":"product_cat","embeddable":true,"href":"https:\/\/secureus.se\/dk\/wp-json\/wp\/v2\/product_cat?post=118231"},{"taxonomy":"product_tag","embeddable":true,"href":"https:\/\/secureus.se\/dk\/wp-json\/wp\/v2\/product_tag?post=118231"}],"curies":[{"name":"wp","href":"https:\/\/api.w.org\/{rel}","templated":true}]}}