{"id":118269,"date":"2024-11-05T17:16:37","date_gmt":"2024-11-05T16:16:37","guid":{"rendered":"https:\/\/secureus.se\/?post_type=product&#038;p=118269"},"modified":"2026-04-09T10:29:29","modified_gmt":"2026-04-09T08:29:29","slug":"skarmhallare-pro-for-2-skarmar-kabelhalsfaste","status":"publish","type":"product","link":"https:\/\/secureus.se\/dk\/skarmhallare-pro-for-2-skarmar-kabelhalsfaste\/","title":{"rendered":"Sk\u00e6rmholder PRO til 2 sk\u00e6rme, kabelhulsmontering"},"content":{"rendered":"<p>Durables serie af brugervenlige sk\u00e6rmholdere (eller monitorarme, som de ogs\u00e5 kaldes) af god kvalitet frig\u00f8r plads p\u00e5 skrivebordet og giver god arbejdsergonomi. Takket v\u00e6re det tidl\u00f8se og elegante design klarer de sig godt i mange forskellige milj\u00f8er. Beregnet til sk\u00e6rme med et format p\u00e5 21 \u2013 28 tommer og en v\u00e6gt p\u00e5 3-8 kg, som er forberedt til VESA montering 75 x 75 mm eller 100 x 100 mm. Sk\u00e6rmen klikkes ganske enkelt ind i den patentanmeldte hurtigmontering. Sk\u00e6rmholderne er fleksible, fordi de er drejelige for at have sk\u00e6rmen i st\u00e5ende eller liggende position og kan vinkles for en god l\u00e6sevinkel. Fremstillet af udvalgte f\u00f8rsteklasses materialer for en lang levetid \u2013 aluminium, metal og h\u00f8jkvalitetsplastik p\u00e5 op til 60 % fra genbrugsmateriale. Genanvendelige op til 100 % g\u00f8r disse sk\u00e6rmholdere milj\u00f8venlige i henhold til ISO 14021. Fremstillingen foreg\u00e5r i DURABLEs produktionsanl\u00e6g i Tyskland. 10 \u00e5rs garanti. Ans\u00f8gningen om at f\u00e5 godkendt disse sk\u00e6rmholdere med sikkerhedsm\u00e6rket GS (bevist sikkerhed), der giver k\u00f8bere, forhandlere og slutforbrugere en garanti for, at produktet lever op til de seneste sikkerhedskrav, er indsendt, samt ans\u00f8gningen om T\u00dcV certificering, som bl.a. en anerkendt tysk produktsikkerheds- og kvalitetscertificering.<\/p>\n<p>Dobbelt sk\u00e6rmholder med lodret bordstativ og en tv\u00e6rg\u00e5ende arm med to glidebeslag. Sk\u00e6rmbeslagene kan l\u00e5ses i den valgte position og er sikkert fastgjort, n\u00e5r sk\u00e6rmene er justeret i h\u00f8jden. Den tv\u00e6rg\u00e5ende arm er justerbar i h\u00f8jden fra 50-340 mm. Fem kabelklemmer, der kan placeres, hvor det passer, medf\u00f8lger - for at holde kablerne p\u00e6ne og organiserede. Sk\u00e6rmene kan vinkles individuelt 110-85\u00b0 opad og 25\u00b0 nedad. Nem at installere: kabelhulsbeslag til bordplader med kabelhuller p\u00e5 60-80 mm i diameter. M\u00e5l: 345 x 470 x 120 mm (B x H x D)<\/p>\n<p>L\u00e6s mere om GS-m\u00e6rkning: https:\/\/www.handelskammer.se\/vara-tjanster\/miljorrapportering\/symbolguiden\/geprufte-sicherheit-provad-sakerhet<br \/>\nL\u00e6s mere om T\u00dcV-certificering: https:\/\/www.handelskammer.se\/vara-tjanster\/miljorappottering\/symbolguiden\/tuv-technischer-uberwachungsverein<br \/>\nGarantibetingelserne kan findes her: https:\/\/www.durable.se\/sv_SE\/service\/garanti\/garanti-foer-skaermhaallare\/<\/p>","protected":false},"excerpt":{"rendered":"<p>Sk\u00e6rmholder til to sk\u00e6rme med justerbar h\u00f8jde, vinkel og mulighed for st\u00e5ende eller liggende position. Med kabelhulsbeslag.<\/p>","protected":false},"featured_media":136422,"template":"","meta":{"_acf_changed":false},"product_brand":[],"product_cat":[4243],"product_tag":[4382],"class_list":{"0":"post-118269","1":"product","2":"type-product","3":"status-publish","4":"has-post-thumbnail","6":"product_cat-skarmhallare","7":"product_tag-silver","8":"product_shipping_class-tunga-paket","9":"pa_brands-durable","10":"pa_farg-silver","11":"tm-no-options","13":"first","14":"instock","15":"sale","16":"taxable","17":"shipping-taxable","18":"purchasable","19":"product-type-simple"},"acf":[],"_links":{"self":[{"href":"https:\/\/secureus.se\/dk\/wp-json\/wp\/v2\/product\/118269","targetHints":{"allow":["GET"]}}],"collection":[{"href":"https:\/\/secureus.se\/dk\/wp-json\/wp\/v2\/product"}],"about":[{"href":"https:\/\/secureus.se\/dk\/wp-json\/wp\/v2\/types\/product"}],"wp:featuredmedia":[{"embeddable":true,"href":"https:\/\/secureus.se\/dk\/wp-json\/wp\/v2\/media\/136422"}],"wp:attachment":[{"href":"https:\/\/secureus.se\/dk\/wp-json\/wp\/v2\/media?parent=118269"}],"wp:term":[{"taxonomy":"product_brand","embeddable":true,"href":"https:\/\/secureus.se\/dk\/wp-json\/wp\/v2\/product_brand?post=118269"},{"taxonomy":"product_cat","embeddable":true,"href":"https:\/\/secureus.se\/dk\/wp-json\/wp\/v2\/product_cat?post=118269"},{"taxonomy":"product_tag","embeddable":true,"href":"https:\/\/secureus.se\/dk\/wp-json\/wp\/v2\/product_tag?post=118269"}],"curies":[{"name":"wp","href":"https:\/\/api.w.org\/{rel}","templated":true}]}}