{"id":118281,"date":"2024-11-05T17:16:20","date_gmt":"2024-11-05T16:16:20","guid":{"rendered":"https:\/\/secureus.se\/?post_type=product&#038;p=118281"},"modified":"2026-01-12T12:33:00","modified_gmt":"2026-01-12T11:33:00","slug":"skarmhallare-pro-med-arm-for-1-skarm-kabelhalsfaste","status":"publish","type":"product","link":"https:\/\/secureus.se\/dk\/skarmhallare-pro-med-arm-for-1-skarm-kabelhalsfaste\/","title":{"rendered":"Sk\u00e6rmholder PRO med arm til 1 sk\u00e6rm, kabelhulsmontering"},"content":{"rendered":"<p>Durables serie af brugervenlige sk\u00e6rmholdere (eller monitorarme, som de ogs\u00e5 kaldes) af god kvalitet frig\u00f8r plads p\u00e5 skrivebordet og giver god arbejdsergonomi. Takket v\u00e6re det tidl\u00f8se og elegante design klarer de sig godt i mange forskellige milj\u00f8er. Beregnet til standardsk\u00e6rme og buede sk\u00e6rme med formater 21 \u2013 27 tommer og v\u00e6gt p\u00e5 3-8 kg, som er forberedt til VESA montering 75 x 75 mm eller 100 x 100 mm. Sk\u00e6rmen klikkes ganske enkelt ind i den patentanmeldte hurtigmontering. Sk\u00e6rmholderne er fleksible, fordi de er drejelige for at have sk\u00e6rmen i st\u00e5ende eller liggende position og kan vinkles for en god l\u00e6sevinkel. Fremstillet af udvalgte f\u00f8rsteklasses materialer for en lang levetid \u2013 aluminium, metal og h\u00f8jkvalitets plastik p\u00e5 op til 60 % fra genbrugsmaterialer. Genanvendelige op til 100 % g\u00f8r disse sk\u00e6rmholdere milj\u00f8venlige i henhold til ISO 14021. Fremstillingen foreg\u00e5r i DURABLEs produktionsanl\u00e6g i Tyskland. 10 \u00e5rs garanti. Ans\u00f8gningen om at f\u00e5 godkendt disse sk\u00e6rmholdere med sikkerhedsm\u00e6rket GS (bevist sikkerhed), der giver k\u00f8bere, forhandlere og slutforbrugere en garanti for, at produktet lever op til de seneste sikkerhedskrav, er indsendt, samt ans\u00f8gningen om T\u00dcV certificering, som bl.a. en anerkendt tysk produktsikkerheds- og kvalitetscertificering.<\/p>\n<p>Denne model er en bordmonteret sk\u00e6rmholder med en gasfjederarm til \u00e9n sk\u00e6rm. Kan ogs\u00e5 bruges med sk\u00e6rme fra 28 til 38 tommer, men s\u00e5 er drejbarheden til st\u00e5ende eller liggende format begr\u00e6nset. Armen er designet, s\u00e5 der ikke er risiko for at komme i klemme i de bev\u00e6gelige dele og sk\u00e6rmholderen justeres nemt med en knap for at tilpasse sig sk\u00e6rmens v\u00e6gt. Tre kabelclips, der kan placeres individuelt, hvor det passer medf\u00f8lger - for at holde kablerne organiseret. Sk\u00e6rmen kan vippes 110 - 85\u00b0 opad og 25\u00b0 nedad, sk\u00e6rmholderens underarm kan max drejes 200\u00b0, overarmen max 360\u00b0. H\u00f8jden p\u00e5 overarmen kan justeres mellem 20-130 mm. Nem at samle: Kabelhulsbeslag til bordplader med kabelhuller 60-80 mm i diameter. Dimensioner: 345 x 470 x 120 mm (B x H x D)<\/p>\n<p>L\u00e6s mere om GS-m\u00e6rkning: https:\/\/www.handelskammer.se\/vara-tjanster\/miljorapportering\/symbolguiden\/geprufte-sicherheit-provad-sakerhet<br \/>\nL\u00e6s mere om T\u00dcV-certificering: https:\/\/www.handelskammer.se\/vara-tjanster\/miljorapportering\/symbolguiden\/tuv-technischer-uberwachungsverein<br \/>\nGarantibetingelserne kan findes her: https:\/\/www.durable.se\/sv_SE\/service\/garanti\/garanti-foer-skaermhaallare\/<\/p>","protected":false},"excerpt":{"rendered":"<p>En fleksibel sk\u00e6rmholder med kabelhulsmontering. Gasfjederarm, der g\u00f8r det nemt og fleksibelt at justere computersk\u00e6rmen.<\/p>","protected":false},"featured_media":136450,"template":"","meta":{"_acf_changed":false},"product_brand":[],"product_cat":[4243],"product_tag":[4382],"class_list":{"0":"post-118281","1":"product","2":"type-product","3":"status-publish","4":"has-post-thumbnail","6":"product_cat-skarmhallare","7":"product_tag-silver","8":"product_shipping_class-tunga-paket","9":"pa_brands-durable","10":"pa_farg-silver","11":"tm-no-options","13":"first","14":"instock","15":"sale","16":"taxable","17":"shipping-taxable","18":"purchasable","19":"product-type-simple"},"acf":[],"_links":{"self":[{"href":"https:\/\/secureus.se\/dk\/wp-json\/wp\/v2\/product\/118281","targetHints":{"allow":["GET"]}}],"collection":[{"href":"https:\/\/secureus.se\/dk\/wp-json\/wp\/v2\/product"}],"about":[{"href":"https:\/\/secureus.se\/dk\/wp-json\/wp\/v2\/types\/product"}],"wp:featuredmedia":[{"embeddable":true,"href":"https:\/\/secureus.se\/dk\/wp-json\/wp\/v2\/media\/136450"}],"wp:attachment":[{"href":"https:\/\/secureus.se\/dk\/wp-json\/wp\/v2\/media?parent=118281"}],"wp:term":[{"taxonomy":"product_brand","embeddable":true,"href":"https:\/\/secureus.se\/dk\/wp-json\/wp\/v2\/product_brand?post=118281"},{"taxonomy":"product_cat","embeddable":true,"href":"https:\/\/secureus.se\/dk\/wp-json\/wp\/v2\/product_cat?post=118281"},{"taxonomy":"product_tag","embeddable":true,"href":"https:\/\/secureus.se\/dk\/wp-json\/wp\/v2\/product_tag?post=118281"}],"curies":[{"name":"wp","href":"https:\/\/api.w.org\/{rel}","templated":true}]}}