{"id":118293,"date":"2024-11-05T16:49:56","date_gmt":"2024-11-05T15:49:56","guid":{"rendered":"https:\/\/secureus.se\/?post_type=product&#038;p=118293"},"modified":"2026-01-12T12:32:35","modified_gmt":"2026-01-12T11:32:35","slug":"skarmstall-effect","status":"publish","type":"product","link":"https:\/\/secureus.se\/dk\/skarmstall-effect\/","title":{"rendered":"Sk\u00e6rmstativ EFFEKT"},"content":{"rendered":"<p>Et sk\u00e6rmstativ placerer computersk\u00e6rmen i en god ergonomisk h\u00f8jde \u2013 sk\u00e6rmens \u00f8verste kant skal v\u00e6re i eller lige under \u00f8jenh\u00f8jde, hvilket f\u00e5r blikket til at falde skr\u00e5t nedad og hviler for \u00f8jnene. Stativet frig\u00f8r bordplads, kombineret med en boks til opbevaring af kuglepenne, dokumenter, kabler osv. holdes skrivebordet ryddeligt. EFFECT-serien, som denne stand er en del af, er i h\u00f8j grad lavet af et bl\u00f8dt, lydabsorberende og slidst\u00e6rkt filtmateriale. T\u00e6ppet er lavet af PET-plast, hvoraf 60% er fra indsamlet og genbrugt PET-plast (rPET). Produkterne i serien er 100 % genanvendelige og er b\u00e6redygtigt pakket ind med ressourcebesparende og plastikfri materialer. Metalhylden kan placeres i tre forskellige h\u00f8jder, 9 -12 -15 cm, ved hj\u00e6lp af to fastg\u00f8relseselementer - ingen besv\u00e6rlig skruning eller limning n\u00f8dvendig. \u00c5bning til ladekabel. Stativet er stabilt og har en maksimal belastning p\u00e5 10 kg. M\u00e5l: 49,6 x 16,2 x 26 cm (B x H x D)<br \/>\nTilbeh\u00f8r: \u00c6ske EFFEKT, varenr 508201<\/p>","protected":false},"excerpt":{"rendered":"<p>H\u00f8jdejusterbart sk\u00e6rmstativ for en mere ergonomisk arbejdsstilling og organiseret skrivebord. <\/p>","protected":false},"featured_media":136184,"template":"","meta":{"_acf_changed":false},"product_brand":[],"product_cat":[4243],"product_tag":[4390],"class_list":{"0":"post-118293","1":"product","2":"type-product","3":"status-publish","4":"has-post-thumbnail","6":"product_cat-skarmhallare","7":"product_tag-morkgra","8":"product_shipping_class-tunga-paket","9":"pa_brands-durable","10":"pa_farg-morkgra","11":"tm-no-options","13":"first","14":"instock","15":"sale","16":"taxable","17":"shipping-taxable","18":"purchasable","19":"product-type-simple"},"acf":[],"_links":{"self":[{"href":"https:\/\/secureus.se\/dk\/wp-json\/wp\/v2\/product\/118293","targetHints":{"allow":["GET"]}}],"collection":[{"href":"https:\/\/secureus.se\/dk\/wp-json\/wp\/v2\/product"}],"about":[{"href":"https:\/\/secureus.se\/dk\/wp-json\/wp\/v2\/types\/product"}],"wp:featuredmedia":[{"embeddable":true,"href":"https:\/\/secureus.se\/dk\/wp-json\/wp\/v2\/media\/136184"}],"wp:attachment":[{"href":"https:\/\/secureus.se\/dk\/wp-json\/wp\/v2\/media?parent=118293"}],"wp:term":[{"taxonomy":"product_brand","embeddable":true,"href":"https:\/\/secureus.se\/dk\/wp-json\/wp\/v2\/product_brand?post=118293"},{"taxonomy":"product_cat","embeddable":true,"href":"https:\/\/secureus.se\/dk\/wp-json\/wp\/v2\/product_cat?post=118293"},{"taxonomy":"product_tag","embeddable":true,"href":"https:\/\/secureus.se\/dk\/wp-json\/wp\/v2\/product_tag?post=118293"}],"curies":[{"name":"wp","href":"https:\/\/api.w.org\/{rel}","templated":true}]}}