{"id":118300,"date":"2024-11-05T16:49:23","date_gmt":"2024-11-05T15:49:23","guid":{"rendered":"https:\/\/secureus.se\/?post_type=product&#038;p=118300"},"modified":"2026-01-12T12:29:33","modified_gmt":"2026-01-12T11:29:33","slug":"snappram-aluminium-a1","status":"publish","type":"product","link":"https:\/\/secureus.se\/dk\/snappram-aluminium-a1\/","title":{"rendered":"Snapramme aluminium A1"},"content":{"rendered":"<p>Klassiske snaprammer er nyttige for eksempel i fitnesscentre, kontorer, hoteller, messer og i butikker til at vise information, der skal udskiftes, p\u00e5 en p\u00e6n m\u00e5de. Skift indsatsen ved at folde alle 4 sideprofiler op og fjerne den UV-bestandige og anti-reflekterende plastfront, der beskytter indsatsen. Rammen er lavet af en 25 mm bred anodiseret aluminiumsprofil, som g\u00f8r aluminiumsoverfladen mere holdbar. Bagsiden af klikrammen er lavet af slidst\u00e6rkt polystyren. Skjulte huller til den medf\u00f8lgende skrue og prop samt 4 medf\u00f8lgende selvkl\u00e6bende strimler, til valgfri v\u00e6gmontering i st\u00e5ende eller liggende format.<br \/>\nYderm\u00e5l: 660 x 900 x 12 mm, H x B x D<br \/>\nIndvendige m\u00e5l: 630 x 870 mm, H x B<\/p>","protected":false},"excerpt":{"rendered":"<p>Snapramme med 25 mm aluminiumsprofil, til indsatser i A1 format<\/p>","protected":false},"featured_media":136226,"template":"","meta":{"_acf_changed":false},"product_brand":[],"product_cat":[4336],"product_tag":[4382],"class_list":{"0":"post-118300","1":"product","2":"type-product","3":"status-publish","4":"has-post-thumbnail","6":"product_cat-snappram","7":"product_tag-silver","8":"product_shipping_class-tunga-paket","9":"pa_brands-durable","10":"pa_farg-silver","11":"tm-no-options","13":"first","14":"instock","15":"sale","16":"taxable","17":"shipping-taxable","18":"purchasable","19":"product-type-simple"},"acf":[],"_links":{"self":[{"href":"https:\/\/secureus.se\/dk\/wp-json\/wp\/v2\/product\/118300","targetHints":{"allow":["GET"]}}],"collection":[{"href":"https:\/\/secureus.se\/dk\/wp-json\/wp\/v2\/product"}],"about":[{"href":"https:\/\/secureus.se\/dk\/wp-json\/wp\/v2\/types\/product"}],"wp:featuredmedia":[{"embeddable":true,"href":"https:\/\/secureus.se\/dk\/wp-json\/wp\/v2\/media\/136226"}],"wp:attachment":[{"href":"https:\/\/secureus.se\/dk\/wp-json\/wp\/v2\/media?parent=118300"}],"wp:term":[{"taxonomy":"product_brand","embeddable":true,"href":"https:\/\/secureus.se\/dk\/wp-json\/wp\/v2\/product_brand?post=118300"},{"taxonomy":"product_cat","embeddable":true,"href":"https:\/\/secureus.se\/dk\/wp-json\/wp\/v2\/product_cat?post=118300"},{"taxonomy":"product_tag","embeddable":true,"href":"https:\/\/secureus.se\/dk\/wp-json\/wp\/v2\/product_tag?post=118300"}],"curies":[{"name":"wp","href":"https:\/\/api.w.org\/{rel}","templated":true}]}}