{"id":118324,"date":"2024-11-05T17:14:57","date_gmt":"2024-11-05T16:14:57","guid":{"rendered":"https:\/\/secureus.se\/?post_type=product&#038;p=118324"},"modified":"2026-01-12T12:28:03","modified_gmt":"2026-01-12T11:28:03","slug":"symbolskylt-rokning-forbjudet","status":"publish","type":"product","link":"https:\/\/secureus.se\/dk\/symbolskylt-rokning-forbjudet\/","title":{"rendered":"Symbolskilt Rygning forbudt"},"content":{"rendered":"<p>Piktogrammer \u2013 visuelle tegn med billeder hj\u00e6lper bes\u00f8gende med at orientere sig og informere sig selv p\u00e5 afstand, og selvom man ikke kan sproget. Stilfuldt skilt lavet af ridsefast, b\u00f8rstet rustfrit st\u00e5l. Ops\u00e6tning med monteringspuder inkluderet. Rundt rygeforbud skilt med en diameter p\u00e5 83 mm.<\/p>","protected":false},"excerpt":{"rendered":"<p>Rundt symbolskilt rygning ikke tilladt<\/p>","protected":false},"featured_media":136052,"template":"","meta":{"_acf_changed":false},"product_brand":[],"product_cat":[4262],"product_tag":[4382],"class_list":{"0":"post-118324","1":"product","2":"type-product","3":"status-publish","4":"has-post-thumbnail","6":"product_cat-dorrskyltar-symbolskyltar","7":"product_tag-silver","8":"product_shipping_class-tunga-paket","9":"pa_brands-durable","10":"pa_farg-silver","11":"tm-no-options","13":"first","14":"instock","15":"sale","16":"taxable","17":"shipping-taxable","18":"purchasable","19":"product-type-simple"},"acf":[],"_links":{"self":[{"href":"https:\/\/secureus.se\/dk\/wp-json\/wp\/v2\/product\/118324","targetHints":{"allow":["GET"]}}],"collection":[{"href":"https:\/\/secureus.se\/dk\/wp-json\/wp\/v2\/product"}],"about":[{"href":"https:\/\/secureus.se\/dk\/wp-json\/wp\/v2\/types\/product"}],"wp:featuredmedia":[{"embeddable":true,"href":"https:\/\/secureus.se\/dk\/wp-json\/wp\/v2\/media\/136052"}],"wp:attachment":[{"href":"https:\/\/secureus.se\/dk\/wp-json\/wp\/v2\/media?parent=118324"}],"wp:term":[{"taxonomy":"product_brand","embeddable":true,"href":"https:\/\/secureus.se\/dk\/wp-json\/wp\/v2\/product_brand?post=118324"},{"taxonomy":"product_cat","embeddable":true,"href":"https:\/\/secureus.se\/dk\/wp-json\/wp\/v2\/product_cat?post=118324"},{"taxonomy":"product_tag","embeddable":true,"href":"https:\/\/secureus.se\/dk\/wp-json\/wp\/v2\/product_tag?post=118324"}],"curies":[{"name":"wp","href":"https:\/\/api.w.org\/{rel}","templated":true}]}}