{"id":119772,"date":"2024-11-18T10:16:09","date_gmt":"2024-11-18T09:16:09","guid":{"rendered":"https:\/\/secureus.se\/nyckelband-10mm-rod-metallklamma-100-pack\/"},"modified":"2025-12-31T21:43:20","modified_gmt":"2025-12-31T20:43:20","slug":"nyckelband-10mm-rod-metallklamma-100-pack","status":"publish","type":"product","link":"https:\/\/secureus.se\/dk\/nyckelband-10mm-rod-metallklamma-100-pack\/","title":{"rendered":"N\u00f8glering 10 mm R\u00f8d - Metal Lobster Clip og sikkerhedssp\u00e6nde - 100-pak"},"content":{"rendered":"<p>Disse 10 mm brede r\u00f8de snore er en ideel kombination af holdbarhed og funktionalitet. Fremstillet af slidst\u00e6rkt genbrugs-PET-materiale er de b\u00e5de milj\u00f8venlige og funktionelle. Med en standardl\u00e6ngde p\u00e5 90 cm (45 cm faldl\u00e6ngde) og sikkerhedssp\u00e6nde til nem og sikker afmontering er de ideelle til arbejdspladser, arrangementer og skoler.<\/p>\n<ul>\n<li><strong>Holdbare materialer:<\/strong> Genanvendt PET-materiale til milj\u00f8venlig brug.<\/li>\n<li><strong>Metal hummerklemme:<\/strong> Giver sikker vedh\u00e6ftning til ID-kort, n\u00f8glebrikker eller USB-sticks.<\/li>\n<li><strong>Sikkerhedssp\u00e6nde:<\/strong> Let at afmontere hvis n\u00f8dvendigt.<\/li>\n<li><strong>Alsidighed:<\/strong> Perfekt til ID-kort, visitkort, n\u00f8gleringe, memory sticks og mobiltelefoner.<\/li>\n<li><strong>Farvemuligheder:<\/strong> F\u00e5s i flere farver inklusive sort, bl\u00e5, gr\u00f8n, orange, pink, r\u00f8d, hvid og gul.<\/li>\n<\/ul>\n<p><strong>Specifikationer:<\/strong><\/p>\n<ul>\n<li><strong>Bredde:<\/strong> 10 mm<\/li>\n<li><strong>L\u00e6ngde:<\/strong> 90 cm (45 cm faldl\u00e6ngde)<\/li>\n<li><strong>Materiale:<\/strong> Genanvendt PET-materiale<\/li>\n<li><strong>Emballage:<\/strong> 100 stk pr pakke<\/li>\n<\/ul>\n<p>Disse r\u00f8de snore er b\u00e5de stilfulde og praktiske, hvilket g\u00f8r dem til et fremragende valg til enhver lejlighed, hvor der er behov for identifikations- eller aktivm\u00e6rker. Perfekt til virksomheder og arrang\u00f8rer, der \u00f8nsker at kombinere kvalitet med milj\u00f8bevidsthed.<\/p>","protected":false},"excerpt":{"rendered":"<p>Holdbare r\u00f8de snore i 10 mm genanvendt PET-materiale med hummerl\u00e5s af metal og sikkerhedssp\u00e6nde. Perfekt til ID-kort, n\u00f8glebrikker og memory sticks. S\u00e6lges i pakker af 100 stk.<\/p>","protected":false},"featured_media":134751,"template":"","meta":{"_acf_changed":false},"product_brand":[],"product_cat":[1875],"product_tag":[4348,4358],"class_list":{"0":"post-119772","1":"product","2":"type-product","3":"status-publish","4":"has-post-thumbnail","6":"product_cat-nyckelband","7":"product_tag-10mm","8":"product_tag-roda-nyckelband","9":"product_shipping_class-tunga-paket","10":"pa_brands-stonehouse-security","11":"pa_farg-svart","12":"pa_farg-nyckelband-svart","13":"pa_rfid-tillbehor-nyckelband-halsband","14":"tm-no-options","16":"first","17":"instock","18":"sale","19":"featured","20":"taxable","21":"shipping-taxable","22":"purchasable","23":"product-type-simple"},"acf":[],"_links":{"self":[{"href":"https:\/\/secureus.se\/dk\/wp-json\/wp\/v2\/product\/119772","targetHints":{"allow":["GET"]}}],"collection":[{"href":"https:\/\/secureus.se\/dk\/wp-json\/wp\/v2\/product"}],"about":[{"href":"https:\/\/secureus.se\/dk\/wp-json\/wp\/v2\/types\/product"}],"wp:featuredmedia":[{"embeddable":true,"href":"https:\/\/secureus.se\/dk\/wp-json\/wp\/v2\/media\/134751"}],"wp:attachment":[{"href":"https:\/\/secureus.se\/dk\/wp-json\/wp\/v2\/media?parent=119772"}],"wp:term":[{"taxonomy":"product_brand","embeddable":true,"href":"https:\/\/secureus.se\/dk\/wp-json\/wp\/v2\/product_brand?post=119772"},{"taxonomy":"product_cat","embeddable":true,"href":"https:\/\/secureus.se\/dk\/wp-json\/wp\/v2\/product_cat?post=119772"},{"taxonomy":"product_tag","embeddable":true,"href":"https:\/\/secureus.se\/dk\/wp-json\/wp\/v2\/product_tag?post=119772"}],"curies":[{"name":"wp","href":"https:\/\/api.w.org\/{rel}","templated":true}]}}