{"id":120194,"date":"2024-10-24T13:02:30","date_gmt":"2024-10-24T11:02:30","guid":{"rendered":"https:\/\/secureus.se\/passerkort-rfid-kort-kombi-4200-mifare4k-chip\/"},"modified":"2026-03-27T14:12:08","modified_gmt":"2026-03-27T13:12:08","slug":"passerkort-rfid-kort-kombi-em-mifare4k-chip","status":"publish","type":"product","link":"https:\/\/secureus.se\/dk\/passerkort-rfid-kort-kombi-em-mifare4k-chip\/","title":{"rendered":"Adgangskort \/ RFID-kort Combi EM\/MIFARE4k-kompatibel chip"},"content":{"rendered":"<p>Adgangskort \/ RFID-kort Combi EM\/MIFARE4k-kompatibel chip<\/p>\n<p>Vores kombikort tilbyder to chips i et enkelt kort, hvilket giver dig maksimal fleksibilitet til forskellige adgangssystemer og applikationer. Tavlen er udstyret med Fudan S50, som svarer til MIFARE1k, samt HT4168, som er kompatibel med EM4200 teknologi.<\/p>\n<p>Dette kort er den perfekte l\u00f8sning til milj\u00f8er, hvor flere systemer bruges p\u00e5 samme tid, for eksempel p\u00e5 arbejdspladser eller i etageejendomme. Det h\u00f8jkvalitets plastmateriale garanterer holdbarhed og lang levetid. Derudover tilbyder vi 2 \u00e5rs garanti for at sikre din tryghed.<\/p>\n<p>**Funktioner:**<br \/>\n\u2013 **Kompatibilitet:**<br \/>\n\u2013 **Fudan S70:** MIFARE4k<br \/>\n\u2013 **HT4168:** EM4200<br \/>\n\u2013 **Funktion:** Dual chip-teknologi til brug i flere systemer<br \/>\n\u2013 **Materialer:** Plast af h\u00f8j kvalitet<br \/>\n\u2013 **Garanti:** 2 \u00e5r<\/p>\n<p>Med dette kombinationskort f\u00e5r du en alsidig og p\u00e5lidelig l\u00f8sning til adgangskontrol og identifikation. V\u00e6lg kvalitet og funktion i \u00e9t og samme kort!<\/p>","protected":false},"excerpt":{"rendered":"<p>Dette produkt er designet til at opfylde de samme krav og funktioner, som NXP-chippen kr\u00e6ver, men med en kompatibel chip og til en lavere pris.<\/p>\n<p>Vi yder 2 \u00e5rs garanti p\u00e5 funktion og kortindhold.<\/p>","protected":false},"featured_media":136040,"template":"","meta":{"_acf_changed":false},"product_brand":[],"product_cat":[4346],"product_tag":[4415,2958],"class_list":{"0":"post-120194","1":"product","2":"type-product","3":"status-publish","4":"has-post-thumbnail","6":"product_cat-mifare4k-em4200-kombinerade","7":"product_tag-kompatibelt-chip","8":"product_tag-stonehouse-produkt","9":"product_shipping_class-postnord-varubrev","10":"pa_brands-stonehouse-security","11":"pa_farg-vit","12":"pa_plastkort-teknik-kombi-em-mifare4k","13":"tm-has-options","15":"first","16":"instock","17":"sale","18":"featured","19":"taxable","20":"shipping-taxable","21":"purchasable","22":"product-type-simple"},"acf":[],"_links":{"self":[{"href":"https:\/\/secureus.se\/dk\/wp-json\/wp\/v2\/product\/120194","targetHints":{"allow":["GET"]}}],"collection":[{"href":"https:\/\/secureus.se\/dk\/wp-json\/wp\/v2\/product"}],"about":[{"href":"https:\/\/secureus.se\/dk\/wp-json\/wp\/v2\/types\/product"}],"wp:featuredmedia":[{"embeddable":true,"href":"https:\/\/secureus.se\/dk\/wp-json\/wp\/v2\/media\/136040"}],"wp:attachment":[{"href":"https:\/\/secureus.se\/dk\/wp-json\/wp\/v2\/media?parent=120194"}],"wp:term":[{"taxonomy":"product_brand","embeddable":true,"href":"https:\/\/secureus.se\/dk\/wp-json\/wp\/v2\/product_brand?post=120194"},{"taxonomy":"product_cat","embeddable":true,"href":"https:\/\/secureus.se\/dk\/wp-json\/wp\/v2\/product_cat?post=120194"},{"taxonomy":"product_tag","embeddable":true,"href":"https:\/\/secureus.se\/dk\/wp-json\/wp\/v2\/product_tag?post=120194"}],"curies":[{"name":"wp","href":"https:\/\/api.w.org\/{rel}","templated":true}]}}