{"id":120197,"date":"2024-10-24T12:35:10","date_gmt":"2024-10-24T10:35:10","guid":{"rendered":"https:\/\/secureus.se\/passerkort-rfid-kort-mifare1k-classic-kompatibelt-chip\/"},"modified":"2026-04-16T15:17:36","modified_gmt":"2026-04-16T13:17:36","slug":"passerkort-rfid-kort-mifare1k-classic-kompatibelt-chip","status":"publish","type":"product","link":"https:\/\/secureus.se\/dk\/passerkort-rfid-kort-mifare1k-classic-kompatibelt-chip\/","title":{"rendered":"Adgangskort \/ RFID-kort MIFARE1k-kompatibel chip"},"content":{"rendered":"<h1>Adgangskort \/ RFID-kort MIFARE1k-kompatibel chip<\/h1>\n<p>Vores adgangskort med Fudan-chip er fuldt kompatible med MIFARE Classic-teknologi og tilbyder en p\u00e5lidelig og omkostningseffektiv l\u00f8sning til dine RFID-behov. Fudan S50 svarer til MIFARE1k, mens Fudan S70 svarer til MIFARE4k.<\/p>\n<p>Kortenes plastmateriale holder samme h\u00f8je kvalitet som alle vores andre kort, hvilket g\u00f8r dem b\u00e5de holdbare og holdbare. Vi er s\u00e5 sikre p\u00e5 kvaliteten, at vi tilbyder 2 \u00e5rs garanti p\u00e5 alle vores kompatible RFID-kort.<\/p>\n<p>Disse kort er ideelle til adgangskontrol, identifikation, adgangsstyring og andre applikationer, hvor MIFARE-teknologi bruges.<\/p>\n<p>**Funktioner:**<br \/>\n\u2013 **Kompatibilitet:** MIFARE Classic (1k)<br \/>\n\u2013 **Chiptype:** Fudan S50 (MIFARE1k)<br \/>\n\u2013 **Materialer:** Plast af h\u00f8j kvalitet<br \/>\n\u2013 **Garanti:** 2 \u00e5r<\/p>\n<p>V\u00e6lg et p\u00e5lideligt kort, der opfylder dine krav til sikkerhed og funktionalitet!<\/p>\n<p>&nbsp;<\/p>","protected":false},"excerpt":{"rendered":"<p>Dette produkt er designet til at opfylde de samme krav og funktioner, som NXP-chippen kr\u00e6ver, men med en kompatibel chip og til en lavere pris.<\/p>\n<p>Vi yder 2 \u00e5rs garanti p\u00e5 funktion og kortindhold.<\/p>","protected":false},"featured_media":136040,"template":"","meta":{"_acf_changed":false},"product_brand":[],"product_cat":[4225,4822],"product_tag":[4415,2958],"class_list":{"0":"post-120197","1":"product","2":"type-product","3":"status-publish","4":"has-post-thumbnail","6":"product_cat-rfid-kort-mifare-classic-1k","7":"product_cat-mifare-kort","8":"product_tag-kompatibelt-chip","9":"product_tag-stonehouse-produkt","10":"product_shipping_class-postnord-varubrev","11":"pa_brands-stonehouse-security","12":"pa_farg-vit","13":"pa_plastkort-teknik-mifare1k","14":"tm-has-options","16":"first","17":"instock","18":"sale","19":"featured","20":"taxable","21":"shipping-taxable","22":"purchasable","23":"product-type-simple"},"acf":[],"_links":{"self":[{"href":"https:\/\/secureus.se\/dk\/wp-json\/wp\/v2\/product\/120197","targetHints":{"allow":["GET"]}}],"collection":[{"href":"https:\/\/secureus.se\/dk\/wp-json\/wp\/v2\/product"}],"about":[{"href":"https:\/\/secureus.se\/dk\/wp-json\/wp\/v2\/types\/product"}],"wp:featuredmedia":[{"embeddable":true,"href":"https:\/\/secureus.se\/dk\/wp-json\/wp\/v2\/media\/136040"}],"wp:attachment":[{"href":"https:\/\/secureus.se\/dk\/wp-json\/wp\/v2\/media?parent=120197"}],"wp:term":[{"taxonomy":"product_brand","embeddable":true,"href":"https:\/\/secureus.se\/dk\/wp-json\/wp\/v2\/product_brand?post=120197"},{"taxonomy":"product_cat","embeddable":true,"href":"https:\/\/secureus.se\/dk\/wp-json\/wp\/v2\/product_cat?post=120197"},{"taxonomy":"product_tag","embeddable":true,"href":"https:\/\/secureus.se\/dk\/wp-json\/wp\/v2\/product_tag?post=120197"}],"curies":[{"name":"wp","href":"https:\/\/api.w.org\/{rel}","templated":true}]}}