{"id":132356,"date":"2024-11-26T10:28:52","date_gmt":"2024-11-26T09:28:52","guid":{"rendered":"https:\/\/secureus.se\/?post_type=product&#038;p=132356"},"modified":"2026-02-18T13:50:16","modified_gmt":"2026-02-18T12:50:16","slug":"risco-rw432kpp802a-panda-wireless-2-way-keypad-for-lightsys","status":"publish","type":"product","link":"https:\/\/secureus.se\/dk\/risco-rw432kpp802a-panda-wireless-2-way-keypad-for-lightsys\/","title":{"rendered":"RISCO Tr\u00e5dl\u00f8st 2-vejs tastatur med Prox \u2013 til LightSYS Air &amp; LightSYS+ (Hvid)"},"content":{"rendered":"<p data-start=\"673\" data-end=\"733\"><strong data-start=\"673\" data-end=\"731\">RISCO RW432KPP802A \u2013 Tr\u00e5dl\u00f8st 2-vejs tastatur med Prox<\/strong><\/p>\n<p data-start=\"735\" data-end=\"1005\">RISCO RW432KPP802A er en <strong data-start=\"760\" data-end=\"789\">tr\u00e5dl\u00f8st tovejs tastatur<\/strong> med LCD-display, udviklet til brug med <strong data-start=\"836\" data-end=\"866\">LightSYS Air og LightSYS+<\/strong>Det kombinerer <strong data-start=\"883\" data-end=\"935\">moderne design, nem brug og h\u00f8j sikkerhed<\/strong> i en fleksibel l\u00f8sning til b\u00e5de boliger og erhvervsejendomme.<\/p>\n<p data-start=\"1007\" data-end=\"1448\"><strong data-start=\"1009\" data-end=\"1033\">Tr\u00e5dl\u00f8s installation<\/strong> \u2013 hurtig montering med indbygget beslag<br data-start=\"1069\" data-end=\"1072\" \/><strong data-start=\"1074\" data-end=\"1089\">LCD display<\/strong> \u2013 tydelig systemstatus og nem navigation<br data-start=\"1132\" data-end=\"1135\" \/><strong data-start=\"1137\" data-end=\"1171\">MIFARE RFID-l\u00e6ser (13,56 MHz)<\/strong> \u2013 hurtig og sikker adgang med n\u00e6rhedskort<br data-start=\"1210\" data-end=\"1213\" \/><strong data-start=\"1215\" data-end=\"1239\">Visuelle indikatorer<\/strong> \u2013 viser systemstatus, forbindelse til Risco Cloud, fejl og alarmer<br data-start=\"1303\" data-end=\"1306\" \/><strong data-start=\"1308\" data-end=\"1328\">Taktiske knapper<\/strong> \u2013 responsiv og holdbar for p\u00e5lidelig brug<br data-start=\"1378\" data-end=\"1381\" \/><strong data-start=\"1383\" data-end=\"1408\">868 MHz kommunikation<\/strong> \u2013 sikker og stabil tr\u00e5dl\u00f8s forbindelse<\/p>\n<p data-start=\"1450\" data-end=\"1561\">Tastaturet drives af <strong data-start=\"1473\" data-end=\"1497\">4 x CR123A-batterier<\/strong> og er udstyret med <strong data-start=\"1518\" data-end=\"1539\">beskyttelse mod sabotage<\/strong> for ekstra sikkerhed.<\/p>\n<hr data-start=\"1563\" data-end=\"1566\" \/>\n<h3 data-start=\"1568\" data-end=\"1593\"><strong data-start=\"1572\" data-end=\"1591\">specifikationer<\/strong><\/h3>\n<ul data-start=\"1594\" data-end=\"1950\">\n<li data-start=\"1594\" data-end=\"1622\">\n<p data-start=\"1596\" data-end=\"1622\"><strong data-start=\"1596\" data-end=\"1607\">Model:<\/strong> RW432KPP802A<\/p>\n<\/li>\n<li data-start=\"1623\" data-end=\"1640\">\n<p data-start=\"1625\" data-end=\"1640\"><strong data-start=\"1625\" data-end=\"1634\">Farve:<\/strong> hvid<\/p>\n<\/li>\n<li data-start=\"1641\" data-end=\"1689\">\n<p data-start=\"1643\" data-end=\"1689\"><strong data-start=\"1643\" data-end=\"1662\">Kompatibilitet:<\/strong> LightSYS Air &amp; LightSYS+<\/p>\n<\/li>\n<li data-start=\"1690\" data-end=\"1710\">\n<p data-start=\"1692\" data-end=\"1710\"><strong data-start=\"1692\" data-end=\"1704\">Vise:<\/strong> LCD-sk\u00e6rm<\/p>\n<\/li>\n<li data-start=\"1711\" data-end=\"1741\">\n<p data-start=\"1713\" data-end=\"1741\"><strong data-start=\"1713\" data-end=\"1722\">RFID:<\/strong> MIFARE 13,56 MHz<\/p>\n<\/li>\n<li data-start=\"1742\" data-end=\"1773\">\n<p data-start=\"1744\" data-end=\"1773\"><strong data-start=\"1744\" data-end=\"1763\">Arbejdsfrekvens:<\/strong> 868 MHz<\/p>\n<\/li>\n<li data-start=\"1774\" data-end=\"1820\">\n<p data-start=\"1776\" data-end=\"1820\"><strong data-start=\"1776\" data-end=\"1797\">Str\u00f8mforsyning:<\/strong> 4 \u00d7 CR123A-batterier<\/p>\n<\/li>\n<li data-start=\"1821\" data-end=\"1852\">\n<p data-start=\"1823\" data-end=\"1852\"><strong data-start=\"1823\" data-end=\"1832\">M\u00e5le:<\/strong> 180 \u00d7 115 \u00d7 35 mm<\/p>\n<\/li>\n<li data-start=\"1853\" data-end=\"1872\">\n<p data-start=\"1855\" data-end=\"1872\"><strong data-start=\"1855\" data-end=\"1864\">V\u00e6gt:<\/strong> 287 g<\/p>\n<\/li>\n<li data-start=\"1873\" data-end=\"1922\">\n<p data-start=\"1875\" data-end=\"1922\"><strong data-start=\"1875\" data-end=\"1892\">Installation:<\/strong> Tr\u00e5dl\u00f8s med monteringsbeslag<\/p>\n<\/li>\n<li data-start=\"1923\" data-end=\"1950\">\n<p data-start=\"1925\" data-end=\"1950\"><strong data-start=\"1925\" data-end=\"1935\">Beskyttelse:<\/strong> Anti-sabotage<\/p>\n<\/li>\n<\/ul>","protected":false},"excerpt":{"rendered":"<p>RISCO RW432KPP802A er et tr\u00e5dl\u00f8st tovejs tastatur til LightSYS Air og LightSYS+. Med et LCD-display, MIFARE RFID-l\u00e6ser og moderne design tilbyder det enkel, sikker og fleksibel styring.<\/p>","protected":false},"featured_media":133566,"template":"","meta":{"_acf_changed":false},"product_brand":[],"product_cat":[4880],"product_tag":[],"class_list":{"0":"post-132356","1":"product","2":"type-product","3":"status-publish","4":"has-post-thumbnail","6":"product_cat-lightsys-air-v6","7":"product_shipping_class-tunga-paket","8":"pa_brands-4risco","9":"tm-no-options","11":"first","12":"instock","13":"taxable","14":"shipping-taxable","15":"purchasable","16":"product-type-simple"},"acf":[],"_links":{"self":[{"href":"https:\/\/secureus.se\/dk\/wp-json\/wp\/v2\/product\/132356","targetHints":{"allow":["GET"]}}],"collection":[{"href":"https:\/\/secureus.se\/dk\/wp-json\/wp\/v2\/product"}],"about":[{"href":"https:\/\/secureus.se\/dk\/wp-json\/wp\/v2\/types\/product"}],"wp:featuredmedia":[{"embeddable":true,"href":"https:\/\/secureus.se\/dk\/wp-json\/wp\/v2\/media\/133566"}],"wp:attachment":[{"href":"https:\/\/secureus.se\/dk\/wp-json\/wp\/v2\/media?parent=132356"}],"wp:term":[{"taxonomy":"product_brand","embeddable":true,"href":"https:\/\/secureus.se\/dk\/wp-json\/wp\/v2\/product_brand?post=132356"},{"taxonomy":"product_cat","embeddable":true,"href":"https:\/\/secureus.se\/dk\/wp-json\/wp\/v2\/product_cat?post=132356"},{"taxonomy":"product_tag","embeddable":true,"href":"https:\/\/secureus.se\/dk\/wp-json\/wp\/v2\/product_tag?post=132356"}],"curies":[{"name":"wp","href":"https:\/\/api.w.org\/{rel}","templated":true}]}}