{"id":132552,"date":"2024-11-26T14:53:48","date_gmt":"2024-11-26T13:53:48","guid":{"rendered":"https:\/\/secureus.se\/dorrstangarsats-dc700-3-6-paket-silver\/"},"modified":"2026-04-08T15:28:59","modified_gmt":"2026-04-08T13:28:59","slug":"dorrstangarsats-dc700-3-6-paket-silver","status":"publish","type":"product","link":"https:\/\/secureus.se\/dk\/dorrstangarsats-dc700-3-6-paket-silver\/","title":{"rendered":"ASSA ABLOY DC700 D\u00f8rlukker \u2013 Komplet s\u00e6t (pakke) \u2013 EN 3-6 \u2013 Sl\u00e6de G195 \u2013 S\u00f8lv"},"content":{"rendered":"<p><strong>ASSA ABLOY DC700<\/strong> \u00e4r en modern och drifts\u00e4ker d\u00f6rrst\u00e4ngare f\u00f6r dig som vill ha en s\u00e4ker, kontrollerad och smidig st\u00e4ngning av innerd\u00f6rrar, ytterd\u00f6rrar och brandd\u00f6rrar. Den h\u00e4r modellen levereras som <strong>komplet s\u00e6t<\/strong> i s\u00f8lv med <strong>glideskinne G195<\/strong>, vilket g\u00f6r den till ett bra val b\u00e5de vid nyinstallation och utbyte.<\/p>\n<p>DC700 passar <strong>enkeltd\u00f8re op til 1400 mm<\/strong> og har <strong>justerbar lukkekraft EN 3-6<\/strong>. Takket v\u00e6re <strong>Cam Motion-teknologi<\/strong> f\u00e5r du ett l\u00e4ttare \u00f6ppningsmotst\u00e5nd j\u00e4mf\u00f6rt med en traditionell d\u00f6rrst\u00e4ngare, samtidigt som st\u00e4ngningskraften bibeh\u00e5lls. Det g\u00f6r modellen s\u00e4rskilt l\u00e4mplig i d\u00f6rrmilj\u00f6er d\u00e4r b\u00e5de funktion, komfort och tillg\u00e4nglighet \u00e4r viktiga.<\/p>\n<h3>Dette er inkluderet i s\u00e6ttet<\/h3>\n<ul>\n<li>D\u00f8rlukkerhus DC700<\/li>\n<li>Monteringsplade A120<\/li>\n<li>Glideskinne G195<\/li>\n<\/ul>\n<h3>Egenskaber<\/h3>\n<ul>\n<li>Komplet s\u00e6t med d\u00f8rlukkerhus, monteringsplade og glideskinne<\/li>\n<li>Armsystem: <strong>Skydeskinne<\/strong><\/li>\n<li>Lukkekraft: <strong>EN 3-6<\/strong><\/li>\n<li>Lukkemoment <strong>18 Nm til 54 Nm<\/strong><\/li>\n<li>Passer til enkeltd\u00f8r<\/li>\n<li>Maksimal d\u00f8rbladbredde: <strong>1400 mm<\/strong><\/li>\n<li>Cam Motion-teknologi for lettere \u00e5bningsmodstand<\/li>\n<li>Justerbar lukkehastighed<\/li>\n<li>Justerbar slagkraft<\/li>\n<li>Justerbar \u00e5bningsbremse<\/li>\n<li>\u00c5bningsvinkel h\u00e6ngselside op til ca. <strong>170\u00b0<\/strong><\/li>\n<li>\u00c5bningsvinkel p\u00e5 stopsiden op til ca. <strong>120\u00b0<\/strong><\/li>\n<li>Passer til venstre- og h\u00f8jreh\u00e6ngte d\u00f8re<\/li>\n<li>Skjult monteringsplade<\/li>\n<li>Justerbar skaft i h\u00f8jden op til <strong>14 mm<\/strong> for nemmere installation<\/li>\n<li>Best\u00e5et klasse <strong>C5<\/strong><\/li>\n<li>Godkendt i henhold til <strong>EN1154<\/strong><\/li>\n<li>Typegodkendt til brandd\u00f8re <strong>EI60<\/strong><\/li>\n<li>Byggeprodukt vurderet: Ja<\/li>\n<li>Overfladebehandling: <strong>S\u00f8lv<\/strong><\/li>\n<\/ul>\n<h3>Montage<\/h3>\n<p>DC700 kan anv\u00e4ndas i flera olika montageutf\u00f6randen och \u00e4r en flexibel l\u00f6sning f\u00f6r m\u00e5nga typer av d\u00f6rrmilj\u00f6er. Enligt produktdatan passar modellen f\u00f6r montage p\u00e5 <strong>d\u00f6rr g\u00e5ngj\u00e4rnssida, karm g\u00e5ngj\u00e4rnssida, d\u00f6rr anslagssida och karm anslagssida<\/strong>.<\/p>\n<h3>Feature<\/h3>\n<p>DC700 \u00e4r en <strong>kamskive d\u00f8rlukker<\/strong> d\u00e4r glidskena anv\u00e4nds samtidigt som st\u00e4ngningskraften bibeh\u00e5lls. Kamskivetekniken g\u00f6r att \u00f6ppningsmotst\u00e5ndet i f\u00f6rh\u00e5llande till st\u00e4ngningskraften blir l\u00e4gre \u00e4n hos en vanlig d\u00f6rrst\u00e4ngare, vilket ger en smidigare k\u00e4nsla vid passage.<\/p>\n<h3>Vigtig information<\/h3>\n<p>Ved montering p\u00e5 <strong>annonceringsside<\/strong> sammen med <strong>glideskinne G195<\/strong> anbefalet <strong>\u00e5bningsspj\u00e6ld A153<\/strong> for bedre og mere kontrolleret funktion.<\/p>\n<h3>M\u00e5le<\/h3>\n<ul>\n<li>H\u00f8jde: <strong>64 mm<\/strong><\/li>\n<li>Dybde: <strong>57 mm<\/strong><\/li>\n<li>L\u00e6ngde: <strong>270 mm<\/strong><\/li>\n<\/ul>\n<h3>Velegnet til<\/h3>\n<ul>\n<li>indvendige d\u00f8re<\/li>\n<li>hovedd\u00f8re<\/li>\n<li>brandd\u00f8re<\/li>\n<li>indgangsd\u00f8re<\/li>\n<li>ejendomme, kontorer og offentlige milj\u00f8er<\/li>\n<\/ul>\n<p>ASSA ABLOY DC700 er et godt valg for dem, der leder efter en <strong>d\u00f8rlukker med glideskinne<\/strong> i komplett sats d\u00e4r b\u00e5de funktion, komfort och h\u00e5llbarhet \u00e4r viktiga. Du f\u00e5r en p\u00e5litlig d\u00f6rrst\u00e4ngare med h\u00f6g justerbarhet, l\u00e4tt \u00f6ppningsk\u00e4nsla och stabil drift i m\u00e5nga olika typer av d\u00f6rrmilj\u00f6er.<\/p>\n<div style=\"background: #f6f8fa;padding: 14px;border-radius: 6px;margin: 18px 0\"><strong>Har du brug for hj\u00e6lp til at v\u00e6lge den rigtige d\u00f8rlukker?<\/strong><br \/>\nSammenlign d\u00f8rtype, armtype og d\u00f8rbredde, eller se flere modeller i vores sortiment.<br \/>\n<a style=\"font-weight: bold\" href=\"https:\/\/secureus.se\/dk\/dorrstangare-kompletta\/\"><br \/>\nSe alle komplette d\u00f8rlukkere her \u2192<br \/>\n<\/a><\/div>","protected":false},"excerpt":{"rendered":"<p><strong>ASSA ABLOY DC700 d\u00f8rlukker komplet s\u00e6t i s\u00f8lv<\/strong> Med glideskinne G195 til sikker og kontrolleret lukning af indvendige d\u00f8re, udvendige d\u00f8re og brandd\u00f8re. Passer til <strong>enkeltd\u00f8re op til 1400 mm<\/strong> og har <strong>Cam Motion-teknologi<\/strong> for lettere \u00e5bningsmodstand.<\/p>\n<p>Det komplette s\u00e6t inkluderer: <strong>d\u00f8rlukkerhus DC700, monteringsplade A120 og glideskinne G195<\/strong>. Modellen har <strong>justerbar lukkekraft EN 3-6<\/strong>, \u00e5bningsbremse og passer til b\u00e5de venstre- og h\u00f8jreh\u00e6ngte d\u00f8re.<\/p>","protected":false},"featured_media":133280,"template":"","meta":{"_acf_changed":false},"product_brand":[],"product_cat":[3258,4864],"product_tag":[4863],"class_list":{"0":"post-132552","1":"product","2":"type-product","3":"status-publish","4":"has-post-thumbnail","6":"product_cat-dorrstangare","7":"product_cat-dorrstangare-kompletta","8":"product_tag-pf","9":"product_shipping_class-tunga-paket","10":"pa_brands-abloy","11":"tm-no-options","13":"first","14":"instock","15":"sale","16":"taxable","17":"shipping-taxable","18":"purchasable","19":"product-type-simple"},"acf":[],"_links":{"self":[{"href":"https:\/\/secureus.se\/dk\/wp-json\/wp\/v2\/product\/132552","targetHints":{"allow":["GET"]}}],"collection":[{"href":"https:\/\/secureus.se\/dk\/wp-json\/wp\/v2\/product"}],"about":[{"href":"https:\/\/secureus.se\/dk\/wp-json\/wp\/v2\/types\/product"}],"wp:featuredmedia":[{"embeddable":true,"href":"https:\/\/secureus.se\/dk\/wp-json\/wp\/v2\/media\/133280"}],"wp:attachment":[{"href":"https:\/\/secureus.se\/dk\/wp-json\/wp\/v2\/media?parent=132552"}],"wp:term":[{"taxonomy":"product_brand","embeddable":true,"href":"https:\/\/secureus.se\/dk\/wp-json\/wp\/v2\/product_brand?post=132552"},{"taxonomy":"product_cat","embeddable":true,"href":"https:\/\/secureus.se\/dk\/wp-json\/wp\/v2\/product_cat?post=132552"},{"taxonomy":"product_tag","embeddable":true,"href":"https:\/\/secureus.se\/dk\/wp-json\/wp\/v2\/product_tag?post=132552"}],"curies":[{"name":"wp","href":"https:\/\/api.w.org\/{rel}","templated":true}]}}