{"id":132640,"date":"2024-11-27T13:49:51","date_gmt":"2024-11-27T12:49:51","guid":{"rendered":"https:\/\/secureus.se\/ajax-manualcallpoint-rod-tradlos-brandlarmsknapp\/"},"modified":"2026-03-09T17:38:51","modified_gmt":"2026-03-09T16:38:51","slug":"ajax-manualcallpoint-rod-tradlos-brandlarmsknapp","status":"publish","type":"product","link":"https:\/\/secureus.se\/dk\/ajax-manualcallpoint-rod-tradlos-brandlarmsknapp\/","title":{"rendered":"Ajax ManualCallPoint R\u00f8d - Tr\u00e5dl\u00f8s brandalarmknap"},"content":{"rendered":"<h1><strong>Ajax ManualCallPoint R\u00f8d<\/strong> er en innovativ, tr\u00e5dl\u00f8s brandalarmknap, der giver hurtig og p\u00e5lidelig brandalarmaktivering i n\u00f8dsituationer.<\/h1>\n<p>Med sit stilfulde design og avancerede funktioner er denne brandknap et perfekt valg til hjem, virksomheder og offentlige rum.<\/p>\n<h4>Funktioner og fordele<\/h4>\n<ul>\n<li><strong>Hurtig aktivering:<\/strong> Med et tryk p\u00e5 en knap aktiveres sirener i alle branddetektorer og automatiseringsscenarier for at underst\u00f8tte evakuering.<\/li>\n<li><strong>Programmerbare scenarier:<\/strong> Styr n\u00f8dbelysning, ventilationsanl\u00e6g, l\u00e5se og energistyring for at beskytte ejendommen.<\/li>\n<li><strong>Kompatibilitet<\/strong>: Hub Plus, Hub 2, Hub2Plus, Hub Hybrid 2G og 4G og repeatere ReX og ReX 2<\/li>\n<li><strong>Visuel verifikation:<\/strong> Brug kameradetektorer (PhOD) eller Ajax NVR til hurtigt at identificere brand\u00e5rsager.<\/li>\n<li><strong>Nem nulstilling:<\/strong> Knappen nulstilles manuelt med den medf\u00f8lgende n\u00f8gle efter aktivering.<\/li>\n<\/ul>\n<h4>specifikationer<\/h4>\n<ul>\n<li><strong>Farve:<\/strong> R\u00d8D<\/li>\n<li><strong>Kommunikationsprotokol:<\/strong> Juveler, op til 1.700 meters r\u00e6kkevidde i \u00e5bent terr\u00e6n<\/li>\n<li><strong>Certificering:<\/strong> EN 54-11:2001<\/li>\n<li><strong>Batteri type:<\/strong> 2x CR2032, 3V (inkluderet)<\/li>\n<li><strong>Batteri liv:<\/strong> Op til 7 \u00e5r<\/li>\n<li><strong>IP-klassificering:<\/strong> IP55 (st\u00f8vt\u00e6t og st\u00e6nkt\u00e6t)<\/li>\n<li><strong>Temperaturomr\u00e5de:<\/strong> 0\u00b0\u0421 til +50\u00b0\u0421<\/li>\n<li><strong>M\u00e5le:<\/strong> 102 x 104 x 39 mm<\/li>\n<li><strong>V\u00e6gt:<\/strong> 214 g<\/li>\n<\/ul>\n<h4>Anvendelsesomr\u00e5der<\/h4>\n<ul>\n<li>Huse og lejligheder<\/li>\n<li>Erhvervslokaler og kontorer<\/li>\n<li>Offentlige rum s\u00e5som skoler og hospitaler<\/li>\n<li>Industriejendomme og erhvervscentre<\/li>\n<\/ul>\n<h4>Leveringsomfang<\/h4>\n<ul>\n<li>Ajax ManualCallPoint R\u00f8d<\/li>\n<li>2x lithiumbatterier (CR2032 forudinstalleret)<\/li>\n<li>Gennemsigtigt beskyttelsescover<\/li>\n<li>Brugsanvisning<\/li>\n<\/ul>\n<h4>Nem installation og vedligeholdelse<\/h4>\n<p>Knappen leveres klar til brug og kobles til Ajax-systemet med f\u00e5 klik i appen.<\/p>\n<p>Det kr\u00e6ver ikke regelm\u00e6ssig manuel test takket v\u00e6re automatisk selvdiagnose og overv\u00e5gning i realtid via hub&#039;en.<\/p>","protected":false},"excerpt":{"rendered":"<p>Tr\u00e5dl\u00f8s brandalarmknap fra Ajax i r\u00f8d farve til manuel brandalarmaktivering. Aktiverer sirener, automatiseringsscenarier og sender alarmer til b\u00e5de brugere og alarmcentral, hvis dette er godkendt. Robust, p\u00e5lidelig og certificeret i henhold til EN 54-11:2001. Enkel installation og lang batterilevetid p\u00e5 op til 7 \u00e5r.<\/p>","protected":false},"featured_media":151922,"template":"","meta":{"_acf_changed":false},"product_brand":[],"product_cat":[3159,3165],"product_tag":[4863],"class_list":{"0":"post-132640","1":"product","2":"type-product","3":"status-publish","4":"has-post-thumbnail","6":"product_cat-brandvarnare","7":"product_cat-overfallslarm-knappar","8":"product_tag-pf","9":"pa_brands-ajax-systems","10":"pa_farg-rod","11":"tm-no-options","13":"first","14":"instock","15":"sale","16":"taxable","17":"shipping-taxable","18":"purchasable","19":"product-type-simple"},"acf":[],"_links":{"self":[{"href":"https:\/\/secureus.se\/dk\/wp-json\/wp\/v2\/product\/132640","targetHints":{"allow":["GET"]}}],"collection":[{"href":"https:\/\/secureus.se\/dk\/wp-json\/wp\/v2\/product"}],"about":[{"href":"https:\/\/secureus.se\/dk\/wp-json\/wp\/v2\/types\/product"}],"wp:featuredmedia":[{"embeddable":true,"href":"https:\/\/secureus.se\/dk\/wp-json\/wp\/v2\/media\/151922"}],"wp:attachment":[{"href":"https:\/\/secureus.se\/dk\/wp-json\/wp\/v2\/media?parent=132640"}],"wp:term":[{"taxonomy":"product_brand","embeddable":true,"href":"https:\/\/secureus.se\/dk\/wp-json\/wp\/v2\/product_brand?post=132640"},{"taxonomy":"product_cat","embeddable":true,"href":"https:\/\/secureus.se\/dk\/wp-json\/wp\/v2\/product_cat?post=132640"},{"taxonomy":"product_tag","embeddable":true,"href":"https:\/\/secureus.se\/dk\/wp-json\/wp\/v2\/product_tag?post=132640"}],"curies":[{"name":"wp","href":"https:\/\/api.w.org\/{rel}","templated":true}]}}