{"id":133227,"date":"2024-12-05T11:34:01","date_gmt":"2024-12-05T10:34:01","guid":{"rendered":"https:\/\/secureus.se\/radiosandare-for-tradlos-koppling\/"},"modified":"2025-12-31T21:36:15","modified_gmt":"2025-12-31T20:36:15","slug":"radiosandare-for-tradlos-koppling","status":"publish","type":"product","link":"https:\/\/secureus.se\/dk\/radiosandare-for-tradlos-koppling\/","title":{"rendered":"Radiosender til tr\u00e5dl\u00f8s forbindelse"},"content":{"rendered":"<h1>Radiosender til tr\u00e5dl\u00f8s forbindelse<\/h1>\n<p>Gennem en tr\u00e5dl\u00f8s forbindelse kan albuestikket monteres steder, hvor det af forskellige \u00e5rsager er sv\u00e6rt eller uhensigtsm\u00e6ssigt at tr\u00e6kke kabler ud.<\/p>\n<p>Eks. fredede ejendomme, kirker eller lignende.<\/p>\n<h4>Teknisk specifikation<\/h4>\n<ul>\n<li>Batterikabel: 200 mm<\/li>\n<li>Modulationer: AM\/ASK<\/li>\n<li>Kryptering: Rolling Code Keeloq<\/li>\n<li>Frekvens: 433,92 Mhz<\/li>\n<li>1 kanal<\/li>\n<li>Str\u00f8m: 9V (batteri 6LR61)<\/li>\n<li>Str\u00f8mforbrug: 17 mA<\/li>\n<\/ul>","protected":false},"excerpt":{"rendered":"<p>Radiosender, der muligg\u00f8r tr\u00e5dl\u00f8s forbindelse af albuekontakt.<\/p>","protected":false},"featured_media":133224,"template":"","meta":{"_acf_changed":false},"product_brand":[],"product_cat":[1422,4707],"product_tag":[],"class_list":{"0":"post-133227","1":"product","2":"type-product","3":"status-publish","4":"has-post-thumbnail","6":"product_cat-armbagskontakter-dorrautomatik","7":"product_cat-tillval-och-tillbehor","8":"product_shipping_class-tunga-paket","9":"tm-no-options","11":"first","12":"instock","13":"sale","14":"taxable","15":"shipping-taxable","16":"purchasable","17":"product-type-simple"},"acf":[],"_links":{"self":[{"href":"https:\/\/secureus.se\/dk\/wp-json\/wp\/v2\/product\/133227","targetHints":{"allow":["GET"]}}],"collection":[{"href":"https:\/\/secureus.se\/dk\/wp-json\/wp\/v2\/product"}],"about":[{"href":"https:\/\/secureus.se\/dk\/wp-json\/wp\/v2\/types\/product"}],"wp:featuredmedia":[{"embeddable":true,"href":"https:\/\/secureus.se\/dk\/wp-json\/wp\/v2\/media\/133224"}],"wp:attachment":[{"href":"https:\/\/secureus.se\/dk\/wp-json\/wp\/v2\/media?parent=133227"}],"wp:term":[{"taxonomy":"product_brand","embeddable":true,"href":"https:\/\/secureus.se\/dk\/wp-json\/wp\/v2\/product_brand?post=133227"},{"taxonomy":"product_cat","embeddable":true,"href":"https:\/\/secureus.se\/dk\/wp-json\/wp\/v2\/product_cat?post=133227"},{"taxonomy":"product_tag","embeddable":true,"href":"https:\/\/secureus.se\/dk\/wp-json\/wp\/v2\/product_tag?post=133227"}],"curies":[{"name":"wp","href":"https:\/\/api.w.org\/{rel}","templated":true}]}}