{"id":134600,"date":"2020-07-07T19:24:00","date_gmt":"2020-07-07T17:24:00","guid":{"rendered":"https:\/\/secureus.se\/stilren-liten-2\/"},"modified":"2025-12-31T19:35:56","modified_gmt":"2025-12-31T18:35:56","slug":"stilren-liten","status":"publish","type":"product","link":"https:\/\/secureus.se\/dk\/stilren-liten\/","title":{"rendered":"Stilfuldt d\u00f8rskilt Lille"},"content":{"rendered":"<p>M\u00e5l: 120 x 55 mm<br \/>\nMateriale: Messing<br \/>\nV\u00e6gt: 150 gram<br \/>\nOverfladebehandling: Klarlakeret<\/p>\n<p>Velkommen til vores skiltebutik! Her kan du se vores udvalg af d\u00f8rskilte i messing.<\/p>\n<h6><em><strong><a href=\"https:\/\/dinskylt.se\/shop-dorrskyltar-massing\/\" target=\"_blank\" rel=\"noopener\">Klik p\u00e5 det skilt, du kan lide, og indtast dit navn i produktbyggeren p\u00e5 https:\/\/dinskylt.se<\/a>\/<\/strong><\/em><\/h6>\n<p>I skiltebutikken kan du nemt p\u00e5 forh\u00e5nd se, hvordan dit d\u00f8rskilt af messing kommer til at se ud. N\u00e5r du har afgivet ordren, vil messingd\u00f8rskiltet blive graveret og sendt til dig inden for 24 timer. Alle vores skilte er fremstillet i Alings\u00e5s og leveret til hele Norden indenfor 5 dage. Har du sp\u00f8rgsm\u00e5l til vores d\u00f8rskilte, er du altid velkommen til at kontakte os!<\/p>","protected":false},"excerpt":{"rendered":"<p>Bem\u00e6rk venligst at du k\u00f8ber skiltet i vores designbutik - Prisen er den samme og gratis fragt<\/p>\n<h5><em><strong><a href=\"https:\/\/dinskylt.se\/shop-dorrskyltar-massing\/\" target=\"_blank\" rel=\"noopener\">Her k\u00f8ber og tilpasser du med dine egne navne i produktbyggeren p\u00e5 https:\/\/dinskylt.se<\/a>\/<\/strong><\/em><\/h5>\n<p><img decoding=\"async\" class=\"wp-image-123502210 size-medium\" src=\"https:\/\/securityonline.se\/wp-content\/uploads\/2020\/07\/Skylt_499kr_dinskylt.se_-300x240.jpg\" alt=\"d\u00f8rskilte-messing-h\u00f8jeste-kvalitet-brf\" width=\"300\" height=\"240\" \/><\/p>\n<p>G\u00e5 hen og v\u00e6r glad, stilfuld og klar, dog i et lille format!<\/p>\n<p>Som en lille lille sm\u00e5kagechokolade.<br \/>\nSmukt men samtidig med en karakter, der oser af stil. Ligesom sin storebror er den tynd og affaset i kanterne og valget for dem, der \u00f8nsker et tidl\u00f8st og stilrent d\u00f8rskilt, men som sagt i et lille format.<\/p>\n<p>Bem\u00e6rk, spis mini-sm\u00e5kagechokoladen p\u00e5 eget ansvar!<\/p>\n<p>Ps Denne godbid passer perfekt til vores Ingen reklame-skilt, <a href=\"https:\/\/dinskylt.se\/product\/ingen-reklam-tack\/\">tjek det ud her<\/a>.<\/p>","protected":false},"featured_media":134598,"template":"","meta":{"_acf_changed":false},"product_brand":[],"product_cat":[2920],"product_tag":[],"class_list":{"0":"post-134600","1":"product","2":"type-product","3":"status-publish","4":"has-post-thumbnail","6":"product_cat-dorrskyltar-i-massing","7":"pa_available-n","8":"pa_available-y","9":"pa_brands-secureus","10":"pa_color-gold","11":"pa_color-silver","12":"pa_holes-y","13":"pa_holes-n","14":"tm-no-options","16":"first","17":"instock","18":"taxable","19":"shipping-taxable","20":"purchasable","21":"product-type-simple"},"acf":[],"_links":{"self":[{"href":"https:\/\/secureus.se\/dk\/wp-json\/wp\/v2\/product\/134600","targetHints":{"allow":["GET"]}}],"collection":[{"href":"https:\/\/secureus.se\/dk\/wp-json\/wp\/v2\/product"}],"about":[{"href":"https:\/\/secureus.se\/dk\/wp-json\/wp\/v2\/types\/product"}],"wp:featuredmedia":[{"embeddable":true,"href":"https:\/\/secureus.se\/dk\/wp-json\/wp\/v2\/media\/134598"}],"wp:attachment":[{"href":"https:\/\/secureus.se\/dk\/wp-json\/wp\/v2\/media?parent=134600"}],"wp:term":[{"taxonomy":"product_brand","embeddable":true,"href":"https:\/\/secureus.se\/dk\/wp-json\/wp\/v2\/product_brand?post=134600"},{"taxonomy":"product_cat","embeddable":true,"href":"https:\/\/secureus.se\/dk\/wp-json\/wp\/v2\/product_cat?post=134600"},{"taxonomy":"product_tag","embeddable":true,"href":"https:\/\/secureus.se\/dk\/wp-json\/wp\/v2\/product_tag?post=134600"}],"curies":[{"name":"wp","href":"https:\/\/api.w.org\/{rel}","templated":true}]}}