{"id":134615,"date":"2020-05-26T00:15:53","date_gmt":"2020-05-25T22:15:53","guid":{"rendered":"https:\/\/secureus.se\/klassiskdorrskylt-2\/"},"modified":"2025-12-31T19:34:13","modified_gmt":"2025-12-31T18:34:13","slug":"klassiskdorrskylt","status":"publish","type":"product","link":"https:\/\/secureus.se\/dk\/klassiskdorrskylt\/","title":{"rendered":"Klassisk d\u00f8rskilt"},"content":{"rendered":"<p>Bem\u00e6rk venligst at du k\u00f8ber skiltet i vores designbutik - Prisen er den samme og gratis fragt.<\/p>\n<p><em><strong><a href=\"https:\/\/dinskylt.se\/shop-dorrskyltar-massing\/\" target=\"_blank\" rel=\"noopener\">Klik p\u00e5 det skilt, du kan lide, og indtast dine navne i produktbyggeren p\u00e5 https:\/\/dinskylt.se<\/a>\/<\/strong><\/em><\/p>\n<p><img decoding=\"async\" class=\"alignnone wp-image-123502210 size-medium\" src=\"https:\/\/securityonline.se\/wp-content\/uploads\/2020\/07\/Skylt_499kr_dinskylt.se_-300x240.jpg\" alt=\"\" width=\"300\" height=\"240\" \/><\/p>\n<p>M\u00e5l: 155 x 60 mm<br \/>\nMateriale: Messing<br \/>\nV\u00e6gt: 250 gram<\/p>\n<p>Overfladebehandling: Klarlakeret<\/p>","protected":false},"excerpt":{"rendered":"<p>Bem\u00e6rk venligst at du k\u00f8ber skiltet i vores designbutik - Prisen er den samme og gratis fragt.<\/p>\n<h5><em><strong><a href=\"https:\/\/dinskylt.se\/shop-dorrskyltar-massing\/\" target=\"_blank\" rel=\"noopener\">Her k\u00f8ber og tilpasser du med dine egne navne i produktbyggeren p\u00e5 https:\/\/dinskylt.se<\/a>\/<\/strong><\/em><\/h5>\n<p><img decoding=\"async\" class=\"alignnone wp-image-123502210 size-medium\" src=\"https:\/\/securityonline.se\/wp-content\/uploads\/2020\/07\/Skylt_499kr_dinskylt.se_-300x240.jpg\" alt=\"d\u00f8rskilte-messing-h\u00f8jeste-kvalitet-brf\" width=\"300\" height=\"240\" \/><\/p>\n<p>Hvis George Clooney skulle bestille et d\u00f8rskilt til at pryde hans d\u00f8r, ville det v\u00e6re dette.<\/p>\n<p>Et klassisk d\u00f8rskilt i messing efter alle kunstens regler. Lige linjer med affasede elegante kanter. Dette skilt er det oplagte valg for dig, der \u00f8nsker en ekstra gylden kant p\u00e5 hverdagen, p\u00e5 d\u00f8ren og p\u00e5 d\u00f8rskiltet.<\/p>\n<p>Ps. Denne godbid passer perfekt til vores No Advertising-skilt, tjek det ud <a href=\"http:\/\/dinskylt.se\/product\/ingen-reklam-tack\/\">her<\/a>.<\/p>","protected":false},"featured_media":134613,"template":"","meta":{"_acf_changed":false},"product_brand":[],"product_cat":[2920],"product_tag":[],"class_list":{"0":"post-134615","1":"product","2":"type-product","3":"status-publish","4":"has-post-thumbnail","6":"product_cat-dorrskyltar-i-massing","7":"pa_available-n","8":"pa_available-y","9":"pa_brands-secureus","10":"pa_color-gold","11":"pa_color-silver","12":"pa_holes-y","13":"pa_holes-n","14":"tm-no-options","16":"first","17":"instock","18":"taxable","19":"shipping-taxable","20":"purchasable","21":"product-type-simple"},"acf":[],"_links":{"self":[{"href":"https:\/\/secureus.se\/dk\/wp-json\/wp\/v2\/product\/134615","targetHints":{"allow":["GET"]}}],"collection":[{"href":"https:\/\/secureus.se\/dk\/wp-json\/wp\/v2\/product"}],"about":[{"href":"https:\/\/secureus.se\/dk\/wp-json\/wp\/v2\/types\/product"}],"wp:featuredmedia":[{"embeddable":true,"href":"https:\/\/secureus.se\/dk\/wp-json\/wp\/v2\/media\/134613"}],"wp:attachment":[{"href":"https:\/\/secureus.se\/dk\/wp-json\/wp\/v2\/media?parent=134615"}],"wp:term":[{"taxonomy":"product_brand","embeddable":true,"href":"https:\/\/secureus.se\/dk\/wp-json\/wp\/v2\/product_brand?post=134615"},{"taxonomy":"product_cat","embeddable":true,"href":"https:\/\/secureus.se\/dk\/wp-json\/wp\/v2\/product_cat?post=134615"},{"taxonomy":"product_tag","embeddable":true,"href":"https:\/\/secureus.se\/dk\/wp-json\/wp\/v2\/product_tag?post=134615"}],"curies":[{"name":"wp","href":"https:\/\/api.w.org\/{rel}","templated":true}]}}