{"id":134619,"date":"2020-10-03T21:51:00","date_gmt":"2020-10-03T19:51:00","guid":{"rendered":"https:\/\/secureus.se\/stilren-2\/"},"modified":"2025-12-31T19:34:10","modified_gmt":"2025-12-31T18:34:10","slug":"stilren","status":"publish","type":"product","link":"https:\/\/secureus.se\/dk\/stilren\/","title":{"rendered":"Stilfuldt d\u00f8rskilt Large"},"content":{"rendered":"<p>Bem\u00e6rk venligst at du k\u00f8ber skiltet i vores designbutik - Prisen er den samme og gratis fragt.<\/p>\n<p><em><strong><a href=\"https:\/\/dinskylt.se\/shop-dorrskyltar-massing\/\" target=\"_blank\" rel=\"noopener\">Klik p\u00e5 det skilt, du kan lide, og indtast dine navne i produktbyggeren p\u00e5 https:\/\/dinskylt.se<\/a>\/<\/strong><\/em><\/p>\n<p>M\u00e5l: 170 x 70 mm<br \/>\nMateriale: Messing<br \/>\nV\u00e6gt: 200 gram<br \/>\nOverfladebehandling: Klarlakeret<\/p>","protected":false},"excerpt":{"rendered":"<p>Bem\u00e6rk venligst at du k\u00f8ber skiltet i vores designbutik - Prisen er den samme og gratis fragt.<\/p>\n<h5><em><strong><a href=\"https:\/\/dinskylt.se\/shop-dorrskyltar-massing\/\" target=\"_blank\" rel=\"noopener\">Her k\u00f8ber og tilpasser du med dine egne navne i produktbyggeren p\u00e5 https:\/\/dinskylt.se<\/a>\/<\/strong><\/em><\/h5>\n<p><img decoding=\"async\" class=\"alignnone wp-image-123502210 size-medium\" src=\"https:\/\/securityonline.se\/wp-content\/uploads\/2020\/07\/Skylt_499kr_dinskylt.se_-300x240.jpg\" alt=\"d\u00f8rskilte-messing-h\u00f8jeste-kvalitet-brf\" width=\"300\" height=\"240\" \/><\/p>\n<p>G\u00e5 hen og v\u00e6r glad, stilfuld og klar!<\/p>\n<p>Synes du det samme som os?<br \/>\nBiscuitchokolade, men lidt tyndere, skr\u00e5 i kanterne og med dit navn indgraveret. Dette skilt i messing er valget for dem, der \u00f8nsker et tidl\u00f8st og stilrent d\u00f8rskilt, praktisk nok kommer dette skilt i to forskellige st\u00f8rrelser. OPM\u00c6RKSOMHED! Spis p\u00e5 eget ansvar.<\/p>\n<p>Ps. Denne godbid passer perfekt til vores No Advertising-skilt, tjek det ud <a href=\"http:\/\/dinskylt.se\/product\/ingen-reklam-tack\/\">her<\/a>.<\/p>","protected":false},"featured_media":134617,"template":"","meta":{"_acf_changed":false},"product_brand":[],"product_cat":[2920],"product_tag":[],"class_list":{"0":"post-134619","1":"product","2":"type-product","3":"status-publish","4":"has-post-thumbnail","6":"product_cat-dorrskyltar-i-massing","7":"pa_available-n","8":"pa_available-y","9":"pa_brands-secureus","10":"pa_color-gold","11":"pa_color-silver","12":"pa_holes-y","13":"pa_holes-n","14":"tm-no-options","16":"first","17":"instock","18":"taxable","19":"shipping-taxable","20":"purchasable","21":"product-type-simple"},"acf":[],"_links":{"self":[{"href":"https:\/\/secureus.se\/dk\/wp-json\/wp\/v2\/product\/134619","targetHints":{"allow":["GET"]}}],"collection":[{"href":"https:\/\/secureus.se\/dk\/wp-json\/wp\/v2\/product"}],"about":[{"href":"https:\/\/secureus.se\/dk\/wp-json\/wp\/v2\/types\/product"}],"wp:featuredmedia":[{"embeddable":true,"href":"https:\/\/secureus.se\/dk\/wp-json\/wp\/v2\/media\/134617"}],"wp:attachment":[{"href":"https:\/\/secureus.se\/dk\/wp-json\/wp\/v2\/media?parent=134619"}],"wp:term":[{"taxonomy":"product_brand","embeddable":true,"href":"https:\/\/secureus.se\/dk\/wp-json\/wp\/v2\/product_brand?post=134619"},{"taxonomy":"product_cat","embeddable":true,"href":"https:\/\/secureus.se\/dk\/wp-json\/wp\/v2\/product_cat?post=134619"},{"taxonomy":"product_tag","embeddable":true,"href":"https:\/\/secureus.se\/dk\/wp-json\/wp\/v2\/product_tag?post=134619"}],"curies":[{"name":"wp","href":"https:\/\/api.w.org\/{rel}","templated":true}]}}