{"id":138076,"date":"2024-06-12T13:12:58","date_gmt":"2024-06-12T11:12:58","guid":{"rendered":"https:\/\/secureus.se\/?post_type=product&#038;p=138076"},"modified":"2026-03-26T12:27:38","modified_gmt":"2026-03-26T11:27:38","slug":"provkit-solo-23-93-m-rok-vaskor-nedtagare","status":"publish","type":"product","link":"https:\/\/secureus.se\/dk\/provkit-solo-23-93-m-rok-vaskor-nedtagare\/","title":{"rendered":"Solo 23 Sample Kit \u2013 9,3 m (R\u00f8g) \u2013 Tasker og nedtagninger"},"content":{"rendered":"<h1>Solo 23 Sample Kit \u2013 9,3 m (R\u00f8g) \u2013 Tasker og nedtagninger<\/h1>\n<h3 data-start=\"319\" data-end=\"380\">Professionelt tests\u00e6t til r\u00f8gdetektorer op til 9,3 m<\/h3>\n<p data-start=\"381\" data-end=\"561\">Solo 23 er et effektivt testkit, der giver fuld mulighed for test og vedligeholdelse af r\u00f8gdetektorer i h\u00f8jhuse.<\/p>\n<p data-start=\"381\" data-end=\"561\">S\u00e6ttet er designet til nem h\u00e5ndtering, sikkerhed og transport.<\/p>\n<h3 data-start=\"563\" data-end=\"587\">Indhold af Solo 23<\/h3>\n<ul data-start=\"588\" data-end=\"1234\">\n<li data-start=\"588\" data-end=\"676\">\n<p data-start=\"590\" data-end=\"676\"><strong data-start=\"590\" data-end=\"618\">Detektortester Solo 330<\/strong> \u2013 test af r\u00f8gdetektorer med Solo A5 testgasflasker.<\/p>\n<\/li>\n<li data-start=\"677\" data-end=\"835\">\n<p data-start=\"679\" data-end=\"835\"><strong data-start=\"679\" data-end=\"705\">Teleskopstang Solo 100<\/strong> \u2013 lang, 4,5 m med 4 glasfibersegmenter, kan kombineres med tre Solo 101 forl\u00e6ngerst\u00e6nger for en samlet r\u00e6kkevidde p\u00e5 op til 9,3 m.<\/p>\n<\/li>\n<li data-start=\"836\" data-end=\"913\">\n<p data-start=\"838\" data-end=\"913\"><strong data-start=\"838\" data-end=\"874\">3 \u00d7 Solo 101 forl\u00e6ngerst\u00e6nger<\/strong> \u2013 giver maksimal h\u00f8jde og fleksibilitet.<\/p>\n<\/li>\n<li data-start=\"914\" data-end=\"1017\">\n<p data-start=\"916\" data-end=\"1017\"><strong data-start=\"916\" data-end=\"949\">Universel nedtagningsanordning Solo 200<\/strong> \u2013 justerbare kl\u00f8er til at h\u00e5ndtere de fleste brandalarmdetektorer.<\/p>\n<\/li>\n<li data-start=\"1018\" data-end=\"1120\">\n<p data-start=\"1020\" data-end=\"1120\"><strong data-start=\"1020\" data-end=\"1050\">3 \u00d7 Solo A5 testgasflasker<\/strong> \u2013 optimeret til r\u00f8gdetektorer, tilstr\u00e6kkelig til cirka 400 pr\u00f8ver pr. flaske.<\/p>\n<\/li>\n<li data-start=\"1121\" data-end=\"1234\">\n<p data-start=\"1123\" data-end=\"1234\"><strong data-start=\"1123\" data-end=\"1152\">B\u00e6retaske + kogger Solo 610<\/strong> \u2013 praktisk opbevaringssystem med plads til st\u00e6nger, testinstrumenter og testgasflasker.<\/p>\n<\/li>\n<\/ul>\n<h3 data-start=\"1236\" data-end=\"1268\">Nem og sikker brug<\/h3>\n<ol data-start=\"1269\" data-end=\"1536\">\n<li data-start=\"1269\" data-end=\"1328\">\n<p data-start=\"1272\" data-end=\"1328\">Ryst Solo A5 testgasflaskerne og monter dem i Solo 330.<\/p>\n<\/li>\n<li data-start=\"1329\" data-end=\"1373\">\n<p data-start=\"1332\" data-end=\"1373\">Skru beholderen p\u00e5, og drej den \u00bc omgang.<\/p>\n<\/li>\n<li data-start=\"1374\" data-end=\"1456\">\n<p data-start=\"1377\" data-end=\"1456\">Placer koppen omkring detektoren, tryk let mod loftet og lad gassen str\u00f8mme ud.<\/p>\n<\/li>\n<li data-start=\"1457\" data-end=\"1536\">\n<p data-start=\"1460\" data-end=\"1536\">Vent cirka 10 sekunder, indtil detektoren udsender en alarm. Gentag om n\u00f8dvendigt den korte test.<\/p>\n<\/li>\n<\/ol>\n<h3 data-start=\"1538\" data-end=\"1564\">Fordele ved Solo 23<\/h3>\n<ul data-start=\"1565\" data-end=\"1843\">\n<li data-start=\"1565\" data-end=\"1618\">\n<p data-start=\"1567\" data-end=\"1618\">Komplet udstyr til test af r\u00f8gdetektorer<\/p>\n<\/li>\n<li data-start=\"1619\" data-end=\"1682\">\n<p data-start=\"1621\" data-end=\"1682\">R\u00e6kkevidde op til 9,3 m med teleskopstang og forl\u00e6ngere<\/p>\n<\/li>\n<li data-start=\"1683\" data-end=\"1739\">\n<p data-start=\"1685\" data-end=\"1739\">Professionel b\u00e6retaske og kogger for nem transport<\/p>\n<\/li>\n<li data-start=\"1740\" data-end=\"1783\">\n<p data-start=\"1742\" data-end=\"1783\">Passer til de fleste detektorm\u00e6rker<\/p>\n<\/li>\n<li data-start=\"1784\" data-end=\"1843\">\n<p data-start=\"1786\" data-end=\"1843\">Nem h\u00e5ndtering og hurtig nulstilling af detektorer<\/p>\n<\/li>\n<\/ul>\n<h3 data-start=\"1845\" data-end=\"1875\">Tekniske specifikationer<\/h3>\n<ul data-start=\"1876\" data-end=\"2163\">\n<li data-start=\"1876\" data-end=\"1909\">\n<p data-start=\"1878\" data-end=\"1909\">Testh\u00f8jde: op til 9,3 m<\/p>\n<\/li>\n<li data-start=\"1910\" data-end=\"1989\">\n<p data-start=\"1912\" data-end=\"1989\">Indhold: Solo 330, Solo 100, 3 \u00d7 Solo 101, Solo 200, Solo 610, 3 \u00d7 Solo A5<\/p>\n<\/li>\n<li data-start=\"1990\" data-end=\"2052\">\n<p data-start=\"1992\" data-end=\"2052\">Teleskopstangmateriale: Glasfiber, ikke elektrisk ledende<\/p>\n<\/li>\n<li data-start=\"2053\" data-end=\"2104\">\n<p data-start=\"2055\" data-end=\"2104\">Testgasflaskekapacitet: ca. 400 pr\u00f8ver pr. flaske<\/p>\n<\/li>\n<li data-start=\"2105\" data-end=\"2163\">\n<p data-start=\"2107\" data-end=\"2163\">Kompatibel med: Solo- og Testifire-testere, takedown-testere<\/p>\n<\/li>\n<\/ul>","protected":false},"excerpt":{"rendered":"<p>Solo 23 testkittet er et komplet s\u00e6t til funktionstest af r\u00f8gdetektorer op til ca. 9,3 m. Indeholder Solo 100 teleskopstang med 3 Solo 101 forl\u00e6ngerst\u00e6nger, Solo 330 detektortester, Solo 200 nedt\u00e6ller, 3 Solo A5 testgasflasker og Solo 610 b\u00e6retaske og kogger.<\/p>","protected":false},"featured_media":138075,"template":"","meta":{"_acf_changed":false},"product_brand":[],"product_cat":[2945,3849],"product_tag":[],"class_list":{"0":"post-138076","1":"product","2":"type-product","3":"status-publish","4":"has-post-thumbnail","6":"product_cat-solo","7":"product_cat-solo-kit","8":"product_shipping_class-tunga-paket","9":"tm-no-options","11":"first","12":"onbackorder","13":"taxable","14":"shipping-taxable","15":"purchasable","16":"product-type-simple"},"acf":[],"_links":{"self":[{"href":"https:\/\/secureus.se\/dk\/wp-json\/wp\/v2\/product\/138076","targetHints":{"allow":["GET"]}}],"collection":[{"href":"https:\/\/secureus.se\/dk\/wp-json\/wp\/v2\/product"}],"about":[{"href":"https:\/\/secureus.se\/dk\/wp-json\/wp\/v2\/types\/product"}],"wp:featuredmedia":[{"embeddable":true,"href":"https:\/\/secureus.se\/dk\/wp-json\/wp\/v2\/media\/138075"}],"wp:attachment":[{"href":"https:\/\/secureus.se\/dk\/wp-json\/wp\/v2\/media?parent=138076"}],"wp:term":[{"taxonomy":"product_brand","embeddable":true,"href":"https:\/\/secureus.se\/dk\/wp-json\/wp\/v2\/product_brand?post=138076"},{"taxonomy":"product_cat","embeddable":true,"href":"https:\/\/secureus.se\/dk\/wp-json\/wp\/v2\/product_cat?post=138076"},{"taxonomy":"product_tag","embeddable":true,"href":"https:\/\/secureus.se\/dk\/wp-json\/wp\/v2\/product_tag?post=138076"}],"curies":[{"name":"wp","href":"https:\/\/api.w.org\/{rel}","templated":true}]}}