{"id":138084,"date":"2024-06-12T13:12:53","date_gmt":"2024-06-12T11:12:53","guid":{"rendered":"https:\/\/secureus.se\/?post_type=product&#038;p=138084"},"modified":"2026-04-23T12:57:48","modified_gmt":"2026-04-23T10:57:48","slug":"provkit-solo-13-73-m-rok-vaska-nedtagare","status":"publish","type":"product","link":"https:\/\/secureus.se\/dk\/provkit-solo-13-73-m-rok-vaska-nedtagare\/","title":{"rendered":"Solo 13 Sample Kit \u2013 7,3 m (r\u00f8g) \u2013 Taske og nedtagningsanordning"},"content":{"rendered":"<h1>Solo 13 Sample Kit \u2013 7,3 m (r\u00f8g) \u2013 Taske og nedtagningsanordning<\/h1>\n<h3 data-start=\"363\" data-end=\"409\">Professionelt r\u00f8gdetektor tests\u00e6t<\/h3>\n<p data-start=\"410\" data-end=\"679\">Solo 13 er designet til sikker og effektiv test af r\u00f8gdetektorer i h\u00f8jere h\u00f8jder, op til cirka 7,3 m.<\/p>\n<p data-start=\"410\" data-end=\"679\">S\u00e6ttet kombinerer teleskopst\u00e6nger og forl\u00e6ngere med universelt testudstyr og b\u00e6retasker, hvilket g\u00f8r det nemt at transportere og bruge p\u00e5 arbejdspladsen.<\/p>\n<h3 data-start=\"681\" data-end=\"705\">Indhold af Solo 13<\/h3>\n<ul data-start=\"706\" data-end=\"1274\">\n<li data-start=\"706\" data-end=\"822\">\n<p data-start=\"708\" data-end=\"822\"><strong data-start=\"708\" data-end=\"736\">Detektortester Solo 330<\/strong> \u2013 tester r\u00f8g- og CO-detektorer, kompatibel med Solo A5 og Solo C3 testgasflasker.<\/p>\n<\/li>\n<li data-start=\"823\" data-end=\"913\">\n<p data-start=\"825\" data-end=\"913\"><strong data-start=\"825\" data-end=\"851\">Teleskopstang Solo 108<\/strong> \u2013 2,5 m, glasfiber, ikke-elektrisk ledende, let og stiv.<\/p>\n<\/li>\n<li data-start=\"914\" data-end=\"1014\">\n<p data-start=\"916\" data-end=\"1014\"><strong data-start=\"916\" data-end=\"952\">3 \u00d7 Forl\u00e6ngerst\u00e6nger Solo 101<\/strong> \u2013 1,13 m hver, kan forbindes for at n\u00e5 h\u00f8jere h\u00f8jder.<\/p>\n<\/li>\n<li data-start=\"1015\" data-end=\"1098\">\n<p data-start=\"1017\" data-end=\"1098\"><strong data-start=\"1017\" data-end=\"1050\">Universel nedtagningsanordning Solo 200<\/strong> \u2013 letter sikker fjernelse af detektorer.<\/p>\n<\/li>\n<li data-start=\"1099\" data-end=\"1183\">\n<p data-start=\"1101\" data-end=\"1183\"><strong data-start=\"1101\" data-end=\"1130\">B\u00e6retaske + kogger Solo 610<\/strong> \u2013 for nem transport og opbevaring af udstyr.<\/p>\n<\/li>\n<li data-start=\"1184\" data-end=\"1274\">\n<p data-start=\"1186\" data-end=\"1274\"><strong data-start=\"1186\" data-end=\"1216\">3 \u00d7 Solo A5 testgasflasker<\/strong> \u2013 til r\u00f8gtests, nok til omkring 400 tests pr. flaske.<\/p>\n<\/li>\n<\/ul>\n<h3 data-start=\"1276\" data-end=\"1308\">Nem og sikker brug<\/h3>\n<ol data-start=\"1309\" data-end=\"1595\">\n<li data-start=\"1309\" data-end=\"1391\">\n<p data-start=\"1312\" data-end=\"1391\">Monter Solo 330 p\u00e5 Solo 108 og eventuelle Solo 101-st\u00e6nger for at opn\u00e5 den \u00f8nskede h\u00f8jde.<\/p>\n<\/li>\n<li data-start=\"1392\" data-end=\"1453\">\n<p data-start=\"1395\" data-end=\"1453\">Ryst Solo A5 testgasflasken, og monter den i testeren.<\/p>\n<\/li>\n<li data-start=\"1454\" data-end=\"1526\">\n<p data-start=\"1457\" data-end=\"1526\">Placer koppen omkring detektoren, tryk let, og lad gassen str\u00f8mme ud.<\/p>\n<\/li>\n<li data-start=\"1527\" data-end=\"1595\">\n<p data-start=\"1530\" data-end=\"1595\">Vent cirka 10 sekunder, indtil detektoren udl\u00f8ser en alarm; gentag om n\u00f8dvendigt.<\/p>\n<\/li>\n<\/ol>\n<h3 data-start=\"1597\" data-end=\"1623\">Fordele ved Solo 13<\/h3>\n<ul data-start=\"1624\" data-end=\"1827\">\n<li data-start=\"1624\" data-end=\"1651\">\n<p data-start=\"1626\" data-end=\"1651\">R\u00e6kkevidde op til 7,3 m<\/p>\n<\/li>\n<li data-start=\"1652\" data-end=\"1694\">\n<p data-start=\"1654\" data-end=\"1694\">Kompakt og b\u00e6rbar med Solo 610-tasker<\/p>\n<\/li>\n<li data-start=\"1695\" data-end=\"1770\">\n<p data-start=\"1697\" data-end=\"1770\">Sikker og professionel test af de fleste m\u00e6rker af r\u00f8galarmer<\/p>\n<\/li>\n<li data-start=\"1771\" data-end=\"1827\">\n<p data-start=\"1773\" data-end=\"1827\">Nem montering og h\u00e5ndtering af st\u00e6nger og testere<\/p>\n<\/li>\n<\/ul>\n<h3 data-start=\"1829\" data-end=\"1859\">Tekniske specifikationer<\/h3>\n<ul data-start=\"1860\" data-end=\"2124\">\n<li data-start=\"1860\" data-end=\"1893\">\n<p data-start=\"1862\" data-end=\"1893\">Testh\u00f8jde: op til 7,3 m<\/p>\n<\/li>\n<li data-start=\"1894\" data-end=\"1973\">\n<p data-start=\"1896\" data-end=\"1973\">Indhold: Solo 330, Solo 108, 3 \u00d7 Solo 101, Solo 200, Solo 610, 3 \u00d7 Solo A5<\/p>\n<\/li>\n<li data-start=\"1974\" data-end=\"2028\">\n<p data-start=\"1976\" data-end=\"2028\">Stangmateriale: Glasfiber, ikke elektrisk ledende<\/p>\n<\/li>\n<li data-start=\"2029\" data-end=\"2076\">\n<p data-start=\"2031\" data-end=\"2076\">Testgasflaskekapacitet: ca. 400 pr\u00f8ver\/flaske<\/p>\n<\/li>\n<li data-start=\"2077\" data-end=\"2124\">\n<p data-start=\"2079\" data-end=\"2124\">Kompatibel med: Solo- og Testifire-testere<\/p>\n<\/li>\n<\/ul>","protected":false},"excerpt":{"rendered":"<p>Solo 13 testkittet er et komplet s\u00e6t til test af r\u00f8gdetektorer op til cirka 7,3 m.<\/p>\n<p>Indeholder Solo 108 teleskopstang, 3 Solo 101 forl\u00e6ngerst\u00e6nger, Solo 330 detektortester, Solo 200 afmonteringsenhed, Solo 610 b\u00e6retaske og 3 Solo A5 testgasflasker.<\/p>\n<p>Perfekt til professionelle installationer og h\u00f8jere loftsh\u00f8jder.<\/p>","protected":false},"featured_media":138083,"template":"","meta":{"_acf_changed":false},"product_brand":[],"product_cat":[2945,3849],"product_tag":[],"class_list":{"0":"post-138084","1":"product","2":"type-product","3":"status-publish","4":"has-post-thumbnail","6":"product_cat-solo","7":"product_cat-solo-kit","8":"product_shipping_class-tunga-paket","9":"pa_brands-solo","10":"tm-no-options","12":"first","13":"instock","14":"taxable","15":"shipping-taxable","16":"purchasable","17":"product-type-simple"},"acf":[],"_links":{"self":[{"href":"https:\/\/secureus.se\/dk\/wp-json\/wp\/v2\/product\/138084","targetHints":{"allow":["GET"]}}],"collection":[{"href":"https:\/\/secureus.se\/dk\/wp-json\/wp\/v2\/product"}],"about":[{"href":"https:\/\/secureus.se\/dk\/wp-json\/wp\/v2\/types\/product"}],"wp:featuredmedia":[{"embeddable":true,"href":"https:\/\/secureus.se\/dk\/wp-json\/wp\/v2\/media\/138083"}],"wp:attachment":[{"href":"https:\/\/secureus.se\/dk\/wp-json\/wp\/v2\/media?parent=138084"}],"wp:term":[{"taxonomy":"product_brand","embeddable":true,"href":"https:\/\/secureus.se\/dk\/wp-json\/wp\/v2\/product_brand?post=138084"},{"taxonomy":"product_cat","embeddable":true,"href":"https:\/\/secureus.se\/dk\/wp-json\/wp\/v2\/product_cat?post=138084"},{"taxonomy":"product_tag","embeddable":true,"href":"https:\/\/secureus.se\/dk\/wp-json\/wp\/v2\/product_tag?post=138084"}],"curies":[{"name":"wp","href":"https:\/\/api.w.org\/{rel}","templated":true}]}}