{"id":138472,"date":"2024-01-11T12:57:45","date_gmt":"2024-01-11T11:57:45","guid":{"rendered":"https:\/\/secureus.se\/exxact-stromstallare-infalld-valfri-gravyr-branddorrstangning-logo\/"},"modified":"2025-11-26T15:41:48","modified_gmt":"2025-11-26T14:41:48","slug":"exxact-stromstallare-infalld-valfri-gravyr-branddorrstangning-logo","status":"publish","type":"product","link":"https:\/\/secureus.se\/dk\/exxact-stromstallare-infalld-valfri-gravyr-branddorrstangning-logo\/","title":{"rendered":"Exxact Switch Fors\u00e6nket - Valgfri gravering &quot;Fire Door Closer&quot;-logo"},"content":{"rendered":"<p>\u00c5bningsknap, lukkefunktion og fjederfunktion med dit valg af design \u2013 nye produkter leveres altid med pr\u00f8vetryk. Bem\u00e6rk venligst, at graveringen er i 1 farve.<\/p>\n<p>Leveringstiden er 2-5 dage, og priserne inkluderer gravering og design.<\/p>\n<p>Hvis du vil have de \u00e5bne knapper placeret p\u00e5 dit kundeunikke lag, s\u00e5 lad os det vide.<\/p>\n<p>&nbsp;<\/p>","protected":false},"excerpt":{"rendered":"<p>\u00d6ppnaknapp slutande funktion och \u00e5terfj\u00e4drande med ert val av design &#8211; Korrektur kommer allid p\u00e5 nya produkter. Observera att gravyr \u00e4r 1-f\u00e4rgad. Leveranstiden \u00e4r 2-5 dagar, och priser inkluderar gravyr<\/p>","protected":false},"featured_media":158247,"template":"","meta":{"_acf_changed":false},"product_brand":[],"product_cat":[1830,4826],"product_tag":[2938,2989,2936,2422],"class_list":{"0":"post-138472","1":"product","2":"type-product","3":"status-publish","4":"has-post-thumbnail","6":"product_cat-brandknappar","7":"product_cat-exxact","8":"product_tag-brandknappar","9":"product_tag-egen-logo-ej-taggar-kort","10":"product_tag-oppna-brand-design-produkt","11":"product_tag-rel-brand","12":"product_shipping_class-postnord-varubrev","13":"pa_brands-schneider-electric","14":"tm-has-options","16":"first","17":"instock","18":"featured","19":"taxable","20":"shipping-taxable","21":"purchasable","22":"product-type-simple"},"acf":[],"_links":{"self":[{"href":"https:\/\/secureus.se\/dk\/wp-json\/wp\/v2\/product\/138472","targetHints":{"allow":["GET"]}}],"collection":[{"href":"https:\/\/secureus.se\/dk\/wp-json\/wp\/v2\/product"}],"about":[{"href":"https:\/\/secureus.se\/dk\/wp-json\/wp\/v2\/types\/product"}],"wp:featuredmedia":[{"embeddable":true,"href":"https:\/\/secureus.se\/dk\/wp-json\/wp\/v2\/media\/158247"}],"wp:attachment":[{"href":"https:\/\/secureus.se\/dk\/wp-json\/wp\/v2\/media?parent=138472"}],"wp:term":[{"taxonomy":"product_brand","embeddable":true,"href":"https:\/\/secureus.se\/dk\/wp-json\/wp\/v2\/product_brand?post=138472"},{"taxonomy":"product_cat","embeddable":true,"href":"https:\/\/secureus.se\/dk\/wp-json\/wp\/v2\/product_cat?post=138472"},{"taxonomy":"product_tag","embeddable":true,"href":"https:\/\/secureus.se\/dk\/wp-json\/wp\/v2\/product_tag?post=138472"}],"curies":[{"name":"wp","href":"https:\/\/api.w.org\/{rel}","templated":true}]}}