{"id":138488,"date":"2024-03-07T14:44:15","date_gmt":"2024-03-07T13:44:15","guid":{"rendered":"https:\/\/secureus.se\/optex-flx-p-st-flipx-professional-indoor-pir-with-dual-technology\/"},"modified":"2025-12-31T21:05:19","modified_gmt":"2025-12-31T20:05:19","slug":"optex-flx-p-st-flipx-professional-indoor-pir-with-dual-technology","status":"publish","type":"product","link":"https:\/\/secureus.se\/dk\/optex-flx-p-st-flipx-professional-indoor-pir-with-dual-technology\/","title":{"rendered":"Optex FLX-P-ST Professional FlipX PIR detektor 15 meter vinkel eller lang str\u00e5le 24 meter"},"content":{"rendered":"<h1><strong>Optex FLX-P-ST FlipX \u2013 Avanceret PIR-detektor med unik justerbar linse<\/strong><\/h1>\n<p>Optex FLX-P-ST FlipX er en professionel PIR-detektor, der tilbyder en innovativ l\u00f8sning til indend\u00f8rs bev\u00e6gelsesdetektering.<\/p>\n<p>Med sin unikke egenskab \u2013 en 180\u00b0 roterbar linse \u2013 giver denne detektor brugere fuld fleksibilitet i at tilpasse detektionsomr\u00e5det, s\u00e5 det passer til forskellige behov og milj\u00f8er.<\/p>\n<p>FlipX-serien er en af Optex&#039; mest avancerede produktlinjer og er ideel til alt fra boligapplikationer til avancerede sikkerhedssystemer i erhvervsejendomme.<\/p>\n<p><strong>Unik 180\u00b0 roterbar linse til brugerdefineret registrering:<\/strong> En af de mest bem\u00e6rkelsesv\u00e6rdige egenskaber ved Optex FLX-P-ST er dens 180\u00b0 roterbare linse.<\/p>\n<p>Dette unikke design g\u00f8r det muligt at tilpasse detektionsm\u00f8nsteret p\u00e5 en m\u00e5de, som ikke tidligere var mulig med traditionelle PIR-detektorer.<\/p>\n<p>Ved blot at fjerne d\u00e6kslet og dreje linsen kan brugeren justere detekteringsvinklen fra en bred 85\u00b0 for at d\u00e6kke store \u00e5bne omr\u00e5der, til en smal 5\u00b0 vinkel perfekt til at d\u00e6kke lange passager eller vinduer.<\/p>\n<p>Denne funktion giver enest\u00e5ende fleksibilitet til at opfylde de specifikke sikkerhedsbehov i hvert rum eller omr\u00e5de.<\/p>\n<p><strong>Forbedret detektionsteknologi med pyroelektriske elementer:<\/strong> FlipX-serien er udstyret med de nyeste pyroelektriske elementer, hvilket g\u00f8r det muligt at detektere bev\u00e6gelse med h\u00f8jere pr\u00e6cision og p\u00e5lidelighed end mange andre traditionelle PIR-detektorer.<\/p>\n<p>Disse elementer reagerer hurtigt p\u00e5 \u00e6ndringer i infrar\u00f8d str\u00e5ling, hvilket g\u00f8r det muligt for FLX-P-ST effektivt at identificere bev\u00e6gelser fra mennesker, mens de filtrerer u\u00f8nsket interferens fra s\u00e5som dyr eller ikke-bev\u00e6gelige genstande.<\/p>\n<p><strong>Fleksibel installation til bolig- og erhvervsejendomme:<\/strong> Optex FLX-P-ST FlipX er designet til at v\u00e6re lige effektiv i b\u00e5de sm\u00e5 og store milj\u00f8er.<\/p>\n<p>Uanset om du skal overv\u00e5ge et \u00e5bent kontorlandskab eller et stramt gangrum, kan du justere detektoren for at sikre optimal d\u00e6kning og sikkerhed.<\/p>\n<p>Detektoren er nem at installere og kan monteres p\u00e5 v\u00e6g eller loft alt efter behov for detektering, og den justerbare linse g\u00f8r installationen endnu nemmere.<\/p>\n<p><strong>LED-lampe til klar indikation:<\/strong> For at give brugerne en hurtig og klar visuel indikation af enhedens status er FLX-P-ST udstyret med et fremtr\u00e6dende LED-lys.<\/p>\n<p>Dette lys giver et \u00f8jeblikkeligt visuelt signal om, at detektoren er aktiv eller registrerer bev\u00e6gelse, hvilket letter b\u00e5de installation og betjening. LED-lyset g\u00f8r det ogs\u00e5 nemmere at teste og justere enheden for at sikre, at den er korrekt opsat til optimal ydeevne.<\/p>\n<p><strong>Kompatibilitet og integration:<\/strong> FLX-P-ST er kompatibel med alle Optex sikkerhedssystemer og andre sikkerhedsl\u00f8sninger, hvilket g\u00f8r det nemt at integrere i dit nuv\u00e6rende sikkerhedsnetv\u00e6rk.<\/p>\n<p>Dens fleksibilitet i detektion g\u00f8r den nyttig i mange forskellige applikationer, fra private boliger til st\u00f8rre kommercielle sikkerhedssystemer.<\/p>\n<p><strong>Lang holdbarhed og p\u00e5lidelighed:<\/strong> Optex er kendt for at skabe produkter af h\u00f8jeste kvalitet, og FLX-P-ST FlipX er ingen undtagelse.<\/p>\n<p>Den er bygget til at v\u00e6re holdbar og p\u00e5lidelig, og med sine innovative teknologier giver den langvarig ydeevne og konstant beskyttelse. Installationen er hurtig og nem, og enheden har en lang levetid, hvilket g\u00f8r den til en omkostningseffektiv l\u00f8sning p\u00e5 lang sigt.<\/p>\n<p><strong>Tekniske specifikationer:<\/strong><\/p>\n<ul>\n<li><strong>Detektionsteknologi:<\/strong> PIR (Passiv Infrar\u00f8d) og pyroelektrisk element<\/li>\n<li><strong>Roterbar linse:<\/strong> 180\u00b0 for justerbar detekteringsvinkel<\/li>\n<li><strong>Detektionsvinkel:<\/strong> Justerbar fra 5\u00b0 til 85\u00b0<\/li>\n<li><strong>LED indikator:<\/strong> Ja, til visuel statusindikation<\/li>\n<li><strong>Arbejdsomr\u00e5de:<\/strong> Bolig-, erhvervsejendomme, korridorer og passager<\/li>\n<li><strong>Temperaturomr\u00e5de:<\/strong> -10\u00b0C til +50\u00b0C<\/li>\n<li><strong>Installation:<\/strong> V\u00e6g- eller loftmontering<\/li>\n<li><strong>M\u00e5le:<\/strong> 80 x 50 x 50 mm<\/li>\n<li><strong>V\u00e6gt:<\/strong> 150 g<\/li>\n<\/ul>","protected":false},"excerpt":{"rendered":"<p>Optex FLX-P-ST FlipX er en professionel PIR-detektor til indend\u00f8rs brug, udstyret med en unik 180\u00b0 roterbar linse til tilpasset detektering.<\/p>\n<p>Perfekt til b\u00e5de bolig- og erhvervsejendomme, den tilbyder fleksibel d\u00e6kning med justerbar detekteringsvinkel.<\/p>","protected":false},"featured_media":138481,"template":"","meta":{"_acf_changed":false},"product_brand":[],"product_cat":[1325],"product_tag":[2989,2145,2465],"class_list":{"0":"post-138488","1":"product","2":"type-product","3":"status-publish","4":"has-post-thumbnail","6":"product_cat-larmgivare-skalskydd","7":"product_tag-egen-logo-ej-taggar-kort","8":"product_tag-rorelsedetektor-ir-detektorer","9":"product_tag-sbsc-larmklass2","10":"product_shipping_class-postnord-varubrev","11":"pa_brands-optex","12":"tm-no-options","14":"first","15":"instock","16":"featured","17":"taxable","18":"shipping-taxable","19":"purchasable","20":"product-type-simple"},"acf":[],"_links":{"self":[{"href":"https:\/\/secureus.se\/dk\/wp-json\/wp\/v2\/product\/138488","targetHints":{"allow":["GET"]}}],"collection":[{"href":"https:\/\/secureus.se\/dk\/wp-json\/wp\/v2\/product"}],"about":[{"href":"https:\/\/secureus.se\/dk\/wp-json\/wp\/v2\/types\/product"}],"wp:featuredmedia":[{"embeddable":true,"href":"https:\/\/secureus.se\/dk\/wp-json\/wp\/v2\/media\/138481"}],"wp:attachment":[{"href":"https:\/\/secureus.se\/dk\/wp-json\/wp\/v2\/media?parent=138488"}],"wp:term":[{"taxonomy":"product_brand","embeddable":true,"href":"https:\/\/secureus.se\/dk\/wp-json\/wp\/v2\/product_brand?post=138488"},{"taxonomy":"product_cat","embeddable":true,"href":"https:\/\/secureus.se\/dk\/wp-json\/wp\/v2\/product_cat?post=138488"},{"taxonomy":"product_tag","embeddable":true,"href":"https:\/\/secureus.se\/dk\/wp-json\/wp\/v2\/product_tag?post=138488"}],"curies":[{"name":"wp","href":"https:\/\/api.w.org\/{rel}","templated":true}]}}