{"id":138790,"date":"2024-01-11T12:11:56","date_gmt":"2024-01-11T11:11:56","guid":{"rendered":"https:\/\/secureus.se\/exxact-stromstallare-infalld-valfri-gravyr-oppnaknapp\/"},"modified":"2025-11-26T15:38:53","modified_gmt":"2025-11-26T14:38:53","slug":"exxact-stromstallare-infalld-valfri-gravyr-oppnaknapp","status":"publish","type":"product","link":"https:\/\/secureus.se\/dk\/exxact-stromstallare-infalld-valfri-gravyr-oppnaknapp\/","title":{"rendered":"Exxact Switch Fors\u00e6nket - Valgfri &quot;Open Button&quot;-gravering"},"content":{"rendered":"<p>\u00c5bningsknap, lukkefunktion og fjederfunktion med dit valg af design \u2013 nye produkter leveres altid med pr\u00f8vetryk. Bem\u00e6rk venligst, at graveringen er i 1 farve.<\/p>\n<p>Leveringstiden er 2-5 dage og priserne er inklusiv gravering og design.<\/p>\n<p>Hvis du vil have de \u00e5bne knapper placeret p\u00e5 dit kundeunikke lag, s\u00e5 lad os det vide.<\/p>\n<p>&nbsp;<\/p>","protected":false},"excerpt":{"rendered":"<p>\u00c5bningsknap, lukkefunktion og fjederfunktion med dit valg af design \u2013 Pr\u00f8vetryk kommer altid p\u00e5 nye produkter. Bem\u00e6rk venligst, at graveringen er 1-farvet. Leveringstiden er 2-5 dage, og priserne er inklusive gravering.<\/p>","protected":false},"featured_media":138497,"template":"","meta":{"_acf_changed":false},"product_brand":[],"product_cat":[1830,4826],"product_tag":[2989,2936,2937],"class_list":{"0":"post-138790","1":"product","2":"type-product","3":"status-publish","4":"has-post-thumbnail","6":"product_cat-brandknappar","7":"product_cat-exxact","8":"product_tag-egen-logo-ej-taggar-kort","9":"product_tag-oppna-brand-design-produkt","10":"product_tag-oppnaknappar","11":"product_shipping_class-postnord-varubrev","12":"pa_brands-schneider-electric","13":"tm-has-options","15":"first","16":"instock","17":"featured","18":"taxable","19":"shipping-taxable","20":"purchasable","21":"product-type-simple"},"acf":[],"_links":{"self":[{"href":"https:\/\/secureus.se\/dk\/wp-json\/wp\/v2\/product\/138790","targetHints":{"allow":["GET"]}}],"collection":[{"href":"https:\/\/secureus.se\/dk\/wp-json\/wp\/v2\/product"}],"about":[{"href":"https:\/\/secureus.se\/dk\/wp-json\/wp\/v2\/types\/product"}],"wp:featuredmedia":[{"embeddable":true,"href":"https:\/\/secureus.se\/dk\/wp-json\/wp\/v2\/media\/138497"}],"wp:attachment":[{"href":"https:\/\/secureus.se\/dk\/wp-json\/wp\/v2\/media?parent=138790"}],"wp:term":[{"taxonomy":"product_brand","embeddable":true,"href":"https:\/\/secureus.se\/dk\/wp-json\/wp\/v2\/product_brand?post=138790"},{"taxonomy":"product_cat","embeddable":true,"href":"https:\/\/secureus.se\/dk\/wp-json\/wp\/v2\/product_cat?post=138790"},{"taxonomy":"product_tag","embeddable":true,"href":"https:\/\/secureus.se\/dk\/wp-json\/wp\/v2\/product_tag?post=138790"}],"curies":[{"name":"wp","href":"https:\/\/api.w.org\/{rel}","templated":true}]}}