{"id":139670,"date":"2023-09-26T13:07:14","date_gmt":"2023-09-26T11:07:14","guid":{"rendered":"https:\/\/secureus.se\/elslutbleck-step-28e-hoger-omvand-24v-12mm-regel\/"},"modified":"2026-04-23T12:41:50","modified_gmt":"2026-04-23T10:41:50","slug":"elslutbleck-step-28e-hoger-omvand-24v-12mm-regel","status":"publish","type":"product","link":"https:\/\/secureus.se\/dk\/elslutbleck-step-28e-hoger-omvand-24v-12mm-regel\/","title":{"rendered":"Elektrisk endeplade STEP 28E H\u00f8jre Omvendt 24V 12mm line"},"content":{"rendered":"<h1>Elektrisk endeplade STEP 28E H\u00f8jre Omvendt 24V 12mm line<\/h1>\n<p>TRIN 28E Sikker elektrisk sl\u00f8jfe med omvendt funktion til h\u00f8jreh\u00e6ngte d\u00f8re.<\/p>\n<p>Tilpasset til 12 mm stempel i Modul serien, 24V DC.<\/p>\n<p>Brandklassificeret E\/EI 60, manipulationssikker og klar til adgangskontrolsystemer. Leveres med 5 m halogenfrit kabel.<\/p>\n<p class=\"\" data-start=\"421\" data-end=\"878\">STEP 28E Secure elektriske slutstykke er et h\u00f8jsikkerheds elektrisk slutstykke, der kombinerer krav til indbrudsbeskyttelse, brandklassificering og flugtevne i \u00e9n robust pakke.<\/p>\n<p class=\"\" data-start=\"421\" data-end=\"878\">Denne version er beregnet til h\u00f8jreh\u00e6ngte d\u00f8re og anvendes sammen med boltl\u00e5se med 12 mm stempel fra Modul serien.<\/p>\n<p class=\"\" data-start=\"421\" data-end=\"878\">Pladen er udstyret med en omvendt funktion \u2013 hvilket betyder, at den er l\u00e5st i sp\u00e6ndingsl\u00f8s position, en vigtig egenskab i sikkerhedsklassificerede installationer.<\/p>\n<p class=\"\" data-start=\"880\" data-end=\"1168\">STEP 28E Secure er certificeret efter brandklasse E\/EI 60 og anvendes ofte i d\u00f8rmilj\u00f8er med krav efter SS-EN 179.<\/p>\n<p class=\"\" data-start=\"880\" data-end=\"1168\">Takket v\u00e6re indbygget indikation for d\u00f8rstatus (\u00e5ben\/lukket) og l\u00e5sestatus (l\u00e5st\/ul\u00e5st) kan panelet nemt integreres med adgangskontrolsystemer, alarmer eller andre overv\u00e5gningsl\u00f8sninger.<\/p>\n<p class=\"\" data-start=\"1170\" data-end=\"1503\">Med en brudstyrke p\u00e5 over 15 kN og modstand mod b\u00e5ndtryk p\u00e5 op til 500 kg er dette en meget holdbar og slagsikker l\u00f8sning.<\/p>\n<p class=\"\" data-start=\"1170\" data-end=\"1503\">Den rustfri st\u00e5lkonstruktion bidrager til en lang levetid selv i udsatte milj\u00f8er.<\/p>\n<p class=\"\" data-start=\"1170\" data-end=\"1503\">Produktet er b\u00e5de byggevarevurderet og godkendt af SundaHus og leveres komplet med 5 meter halogenfrit tilslutningskabel.<\/p>\n<p class=\"\" data-start=\"1505\" data-end=\"1629\">Driftssp\u00e6ndingen er 24V DC, hvilket g\u00f8r panelet perfekt til moderne sikkerhedssystemer i kommercielle eller offentlige bygninger.<\/p>","protected":false},"excerpt":{"rendered":"<p>Her kan du se, hvilke stolper og modeller, der passer sammen fra STEP serien af Elektriske d\u00f8rstoppere.<\/p>\n<h5><strong><a href=\"https:\/\/steplock.com\/sv\/stolpguide\/#!?lang=sv&amp;blog_id=1&amp;paged=1&amp;number=50\" target=\"_blank\" rel=\"noopener\">TRIN Post guide\u00a0<\/a><\/strong><\/h5>\n<h5><strong><a href=\"https:\/\/steplock.com\/sv\/projekteringsguide\/#!?lang=sv&amp;blog_id=1&amp;paged=1&amp;number=999\" target=\"_blank\" rel=\"noopener\">STEP design guide<\/a><\/strong><\/h5>","protected":false},"featured_media":139668,"template":"","meta":{"_acf_changed":false},"product_brand":[],"product_cat":[3355],"product_tag":[4197,4201],"class_list":{"0":"post-139670","1":"product","2":"type-product","3":"status-publish","4":"has-post-thumbnail","6":"product_cat-elslutbleck","7":"product_tag-24v","8":"product_tag-omvand","9":"product_shipping_class-tunga-paket","10":"pa_brands-step","11":"tm-no-options","13":"first","14":"onbackorder","15":"sale","16":"taxable","17":"shipping-taxable","18":"purchasable","19":"product-type-simple"},"acf":[],"_links":{"self":[{"href":"https:\/\/secureus.se\/dk\/wp-json\/wp\/v2\/product\/139670","targetHints":{"allow":["GET"]}}],"collection":[{"href":"https:\/\/secureus.se\/dk\/wp-json\/wp\/v2\/product"}],"about":[{"href":"https:\/\/secureus.se\/dk\/wp-json\/wp\/v2\/types\/product"}],"wp:featuredmedia":[{"embeddable":true,"href":"https:\/\/secureus.se\/dk\/wp-json\/wp\/v2\/media\/139668"}],"wp:attachment":[{"href":"https:\/\/secureus.se\/dk\/wp-json\/wp\/v2\/media?parent=139670"}],"wp:term":[{"taxonomy":"product_brand","embeddable":true,"href":"https:\/\/secureus.se\/dk\/wp-json\/wp\/v2\/product_brand?post=139670"},{"taxonomy":"product_cat","embeddable":true,"href":"https:\/\/secureus.se\/dk\/wp-json\/wp\/v2\/product_cat?post=139670"},{"taxonomy":"product_tag","embeddable":true,"href":"https:\/\/secureus.se\/dk\/wp-json\/wp\/v2\/product_tag?post=139670"}],"curies":[{"name":"wp","href":"https:\/\/api.w.org\/{rel}","templated":true}]}}