{"id":139680,"date":"2023-09-26T13:07:07","date_gmt":"2023-09-26T11:07:07","guid":{"rendered":"https:\/\/secureus.se\/elslutbleck-step-98-omstallbar-24v-kolvkontakt\/"},"modified":"2026-04-08T16:37:52","modified_gmt":"2026-04-08T14:37:52","slug":"elslutbleck-step-98-omstallbar-24v-kolvkontakt","status":"publish","type":"product","link":"https:\/\/secureus.se\/dk\/elslutbleck-step-98-omstallbar-24v-kolvkontakt\/","title":{"rendered":"Elektrisk termineringsplade STEP 98 Justerbar 24V Stempelkontakt"},"content":{"rendered":"<p>Elektrisk termineringsplade STEP 98 Justerbar 24V Stempelkontakt<\/p>\n<p>TRIN 98 Preload er et brandgodkendt elektrisk slutstykke med justerbar funktion, perfekt til d\u00f8re, der l\u00e5ses med en knop eller n\u00f8gle.<\/p>\n<p>Udstyret med stempelkontakt og HPR\u00ae-teknologi for h\u00f8j sikkerhed og p\u00e5lidelighed.<\/p>\n<p>Elektrisk sl\u00f8jd STEP 98 Preload er en h\u00f8jkvalitets elektrisk sl\u00f8jd designet til sikkerhedsd\u00f8re og rum, der kr\u00e6ver l\u00e5sning med en knap eller n\u00f8gle.<\/p>\n<p>Det er s\u00e6rligt godt til installationer, hvor b\u00e5de brandmodstandsdygtighed og sikkerhed er vigtig, s\u00e5som i bygninger med strenge brandkrav.<\/p>\n<p>STEP 98 er brandgodkendt op til E\/EI 120 iht. SS-EN 14846:2008 og kan derfor modst\u00e5 brand i op til 120 minutter.<\/p>\n<p class=\"\" data-start=\"787\" data-end=\"1157\">En af de unikke egenskaber ved STEP 98 er muligheden for at installere en boltindikator (ST4880), der g\u00f8r det muligt at blokere d\u00f8rens adgangskontrolsystem eller d\u00f8rautomatik, n\u00e5r l\u00e5sehusets krogbolt eller lige bolt er mekanisk l\u00e5st ude.<\/p>\n<p class=\"\" data-start=\"787\" data-end=\"1157\">STEP 98 er udstyret med STEPs patenterede b\u00e5ndtrykteknologi, der g\u00f8r, at l\u00e5gen kan \u00e5bnes trods et b\u00e5ndtryk p\u00e5 op til 40 kg.<\/p>\n<p class=\"\" data-start=\"1159\" data-end=\"1406\">Den omskiftelige funktion (frem eller bagl\u00e6ns) giver fleksibilitet, og den indbyggede stempelkontakt g\u00f8r det muligt at angive d\u00f8rens lukkede\/\u00e5bne status.<\/p>\n<p class=\"\" data-start=\"1159\" data-end=\"1406\">STEP 98 har en brudstyrke p\u00e5 9 kN (ca. 900 kg) og er st\u00f8dsikker for \u00f8get sikkerhed.<\/p>\n<p class=\"\" data-start=\"1408\" data-end=\"1423\"><strong data-start=\"1408\" data-end=\"1423\">Egenskaber:<\/strong><\/p>\n<ul data-start=\"1424\" data-end=\"1957\">\n<li class=\"\" data-start=\"1424\" data-end=\"1503\">\n<p class=\"\" data-start=\"1426\" data-end=\"1503\">Omskiftelig frem- eller bakfunktion (l\u00e5st eller ul\u00e5st i str\u00f8ml\u00f8s tilstand)<\/p>\n<\/li>\n<li class=\"\" data-start=\"1504\" data-end=\"1562\">\n<p class=\"\" data-start=\"1506\" data-end=\"1562\">Stempelkontakt med indikation for d\u00f8rstatus (lukket\/\u00e5bent)<\/p>\n<\/li>\n<li class=\"\" data-start=\"1563\" data-end=\"1619\">\n<p class=\"\" data-start=\"1565\" data-end=\"1619\">Brandgodkendt op til E\/EI 120 i henhold til SS-EN 14846:2008<\/p>\n<\/li>\n<li class=\"\" data-start=\"1620\" data-end=\"1668\">\n<p class=\"\" data-start=\"1622\" data-end=\"1668\">Beskyttelsesdiode indbygget for \u00f8get elektrisk sikkerhed<\/p>\n<\/li>\n<li class=\"\" data-start=\"1669\" data-end=\"1706\">\n<p class=\"\" data-start=\"1671\" data-end=\"1706\">Brudstyrke p\u00e5 9 kN (ca. 900 kg)<\/p>\n<\/li>\n<li class=\"\" data-start=\"1707\" data-end=\"1806\">\n<p class=\"\" data-start=\"1709\" data-end=\"1806\">Garanterer \u00e5bning trods strimmeltryk p\u00e5 op til 40 kg (0,4 kN) i b\u00e5de frem- og bakfunktion<\/p>\n<\/li>\n<li class=\"\" data-start=\"1807\" data-end=\"1866\">\n<p class=\"\" data-start=\"1809\" data-end=\"1866\">Antibanke og vendbar til b\u00e5de h\u00f8jre- og venstred\u00f8re<\/p>\n<\/li>\n<li class=\"\" data-start=\"1867\" data-end=\"1913\">\n<p class=\"\" data-start=\"1869\" data-end=\"1913\">I stand til at l\u00e5se op for kroglineal eller lige lineal<\/p>\n<\/li>\n<li class=\"\" data-start=\"1914\" data-end=\"1957\">\n<p class=\"\" data-start=\"1916\" data-end=\"1957\">5 meter halogenfrit tilslutningskabel medf\u00f8lger<\/p>\n<\/li>\n<\/ul>\n<p class=\"\" data-start=\"1959\" data-end=\"1988\"><strong data-start=\"1959\" data-end=\"1988\">Tekniske specifikationer:<\/strong><\/p>\n<ul data-start=\"1989\" data-end=\"2626\">\n<li class=\"\" data-start=\"1989\" data-end=\"2096\">\n<p class=\"\" data-start=\"1991\" data-end=\"2096\">Sp\u00e6ndingsforsyning: 12 V DC (+15% -10%) 220 mAh \/ max 600 mA eller 24 V DC (+15% -10%) 110 mAh \/ max 300 mA<\/p>\n<\/li>\n<li class=\"\" data-start=\"2097\" data-end=\"2160\">\n<p class=\"\" data-start=\"2099\" data-end=\"2160\">Stempelkontakt: Mikroswitch enpolet alternerende, max. 30V DC, 1A<\/p>\n<\/li>\n<li class=\"\" data-start=\"2161\" data-end=\"2201\">\n<p class=\"\" data-start=\"2163\" data-end=\"2201\">Holdbarhed: Grade X i henhold til SS-EN 14846<\/p>\n<\/li>\n<li class=\"\" data-start=\"2202\" data-end=\"2241\">\n<p class=\"\" data-start=\"2204\" data-end=\"2241\">Korrosion: Grade M i henhold til SS-EN 14846<\/p>\n<\/li>\n<li class=\"\" data-start=\"2242\" data-end=\"2280\">\n<p class=\"\" data-start=\"2244\" data-end=\"2280\">Sikkerhed: Grad 3 i henhold til SS-EN 14846<\/p>\n<\/li>\n<li class=\"\" data-start=\"2281\" data-end=\"2343\">\n<p class=\"\" data-start=\"2283\" data-end=\"2343\">Sikker elektrisk manipulation: Grad 1 i henhold til SS-EN 14846<\/p>\n<\/li>\n<li class=\"\" data-start=\"2344\" data-end=\"2366\">\n<p class=\"\" data-start=\"2346\" data-end=\"2366\">Brandtestet: 120 min<\/p>\n<\/li>\n<li class=\"\" data-start=\"2367\" data-end=\"2392\">\n<p class=\"\" data-start=\"2369\" data-end=\"2392\">Brudstyrke: 900 kg<\/p>\n<\/li>\n<li class=\"\" data-start=\"2393\" data-end=\"2423\">\n<p class=\"\" data-start=\"2395\" data-end=\"2423\">D\u00f8rh\u00e6ngsel: H\u00f8jre, Venstre<\/p>\n<\/li>\n<li class=\"\" data-start=\"2424\" data-end=\"2478\">\n<p class=\"\" data-start=\"2426\" data-end=\"2478\">Kabel medf\u00f8lger: Ja, 5 meter halogenfrit tilslutningskabel<\/p>\n<\/li>\n<li class=\"\" data-start=\"2479\" data-end=\"2497\">\n<p class=\"\" data-start=\"2481\" data-end=\"2497\">Listetryk: 40 kg<\/p>\n<\/li>\n<li class=\"\" data-start=\"2498\" data-end=\"2533\">\n<p class=\"\" data-start=\"2500\" data-end=\"2533\">L\u00e5setype: Enkeltfaldsl\u00e5s, Dobbeltfaldsl\u00e5s<\/p>\n<\/li>\n<li class=\"\" data-start=\"2534\" data-end=\"2587\">\n<p class=\"\" data-start=\"2536\" data-end=\"2587\">Produktm\u00e5l: Bredde: 25 mm, Dybde: 35 mm, H\u00f8jde: 90 mm<\/p>\n<\/li>\n<li class=\"\" data-start=\"2588\" data-end=\"2605\">\n<p class=\"\" data-start=\"2590\" data-end=\"2605\">Stempelkontakt: Ja<\/p>\n<\/li>\n<li class=\"\" data-start=\"2606\" data-end=\"2626\">\n<p class=\"\" data-start=\"2608\" data-end=\"2626\">Sp\u00e6nding AC\/DC: DC<\/p>\n<\/li>\n<\/ul>","protected":false},"excerpt":{"rendered":"<p>Her kan du se, hvilke stolper og modeller, der passer sammen fra STEP serien af Elektriske d\u00f8rstoppere.<\/p>\n<h5><strong><a href=\"https:\/\/steplock.com\/sv\/stolpguide\/#!?lang=sv&amp;blog_id=1&amp;paged=1&amp;number=50\" target=\"_blank\" rel=\"noopener\">TRIN Post guide\u00a0<\/a><\/strong><\/h5>\n<h5><strong><a href=\"https:\/\/steplock.com\/sv\/projekteringsguide\/#!?lang=sv&amp;blog_id=1&amp;paged=1&amp;number=999\" target=\"_blank\" rel=\"noopener\">STEP design guide<\/a><\/strong><\/h5>","protected":false},"featured_media":139679,"template":"","meta":{"_acf_changed":false},"product_brand":[],"product_cat":[3355],"product_tag":[4197,4202],"class_list":{"0":"post-139680","1":"product","2":"type-product","3":"status-publish","4":"has-post-thumbnail","6":"product_cat-elslutbleck","7":"product_tag-24v","8":"product_tag-omstallbar-rattvand-omvand","9":"product_shipping_class-tunga-paket","10":"pa_brands-step","11":"tm-no-options","13":"first","14":"onbackorder","15":"sale","16":"taxable","17":"shipping-taxable","18":"purchasable","19":"product-type-simple"},"acf":[],"_links":{"self":[{"href":"https:\/\/secureus.se\/dk\/wp-json\/wp\/v2\/product\/139680","targetHints":{"allow":["GET"]}}],"collection":[{"href":"https:\/\/secureus.se\/dk\/wp-json\/wp\/v2\/product"}],"about":[{"href":"https:\/\/secureus.se\/dk\/wp-json\/wp\/v2\/types\/product"}],"wp:featuredmedia":[{"embeddable":true,"href":"https:\/\/secureus.se\/dk\/wp-json\/wp\/v2\/media\/139679"}],"wp:attachment":[{"href":"https:\/\/secureus.se\/dk\/wp-json\/wp\/v2\/media?parent=139680"}],"wp:term":[{"taxonomy":"product_brand","embeddable":true,"href":"https:\/\/secureus.se\/dk\/wp-json\/wp\/v2\/product_brand?post=139680"},{"taxonomy":"product_cat","embeddable":true,"href":"https:\/\/secureus.se\/dk\/wp-json\/wp\/v2\/product_cat?post=139680"},{"taxonomy":"product_tag","embeddable":true,"href":"https:\/\/secureus.se\/dk\/wp-json\/wp\/v2\/product_tag?post=139680"}],"curies":[{"name":"wp","href":"https:\/\/api.w.org\/{rel}","templated":true}]}}