{"id":139699,"date":"2023-09-26T13:06:55","date_gmt":"2023-09-26T11:06:55","guid":{"rendered":"https:\/\/secureus.se\/elslutbleck-step-30-rattvand-12v-kolvkontakt\/"},"modified":"2026-04-23T12:56:42","modified_gmt":"2026-04-23T10:56:42","slug":"elslutbleck-step-30-rattvand-12v-kolvkontakt","status":"publish","type":"product","link":"https:\/\/secureus.se\/dk\/elslutbleck-step-30-rattvand-12v-kolvkontakt\/","title":{"rendered":"Elektrisk klemmeark TRIN 30 H\u00f8jrevendt 12V Stempelkontakt"},"content":{"rendered":"<h1>Elektrisk klemmeark TRIN 30 H\u00f8jrevendt 12V Stempelkontakt<\/h1>\n<p>TRIN 30 Preload er et minimalt elektrisk slutstykke med stempelkontakt, designet til at erstatte \u00e6ldre simple elektriske slag og skabe et p\u00e5lideligt d\u00f8rmilj\u00f8.<\/p>\n<p>Udstyret med HPR\u00ae teknologi og brudstyrke p\u00e5 500 kg.<\/p>\n<p class=\"\" data-start=\"397\" data-end=\"826\">STEP 30 Preload elektrisk slutb\u00f8jle er et kompakt og p\u00e5lideligt elektrisk slutstykke, der er perfekt til at erstatte \u00e6ldre eller simplere elektriske sl\u00f8jfer og give et sikkert d\u00f8rmilj\u00f8, selv i \u00e6ldre d\u00f8rsektioner og udsparinger.<\/p>\n<p class=\"\" data-start=\"397\" data-end=\"826\">STEP 30 Preload er udstyret med STEPs patenterede b\u00e5ndtrykteknologi, der g\u00f8r, at d\u00f8ren altid kan \u00e5bnes, selvom den er udsat for tryk.<\/p>\n<p class=\"\" data-start=\"397\" data-end=\"826\">Dette g\u00f8r den til en p\u00e5lidelig l\u00f8sning til b\u00e5de nye og \u00e6ldre d\u00f8rsystemer.<\/p>\n<p class=\"\" data-start=\"828\" data-end=\"1290\">Med en brudstyrke p\u00e5 5 kN (ca. 500 kg) garanterer STEP 30 b\u00e5de p\u00e5lidelighed og langtidsholdbarhed.<\/p>\n<p class=\"\" data-start=\"828\" data-end=\"1290\">Den har en vendbar funktion, hvor d\u00f8ren l\u00e5ses op i sp\u00e6ndingsl\u00f8s position, hvilket g\u00f8r, at den kan \u00e5bnes hurtigt og nemt, hvis det er n\u00f8dvendigt.<\/p>\n<p class=\"\" data-start=\"828\" data-end=\"1290\">Den indbyggede stempelkontakt giver indikation af d\u00f8rens lukket\/\u00e5ben status, hvilket g\u00f8r integration med adgangskontrolsystemer og alarmsystemer let.<\/p>\n<p class=\"\" data-start=\"828\" data-end=\"1290\">STEP 30 er ogs\u00e5 st\u00f8dsikker og vendbar, s\u00e5 den passer til b\u00e5de h\u00f8jre og venstre d\u00f8re.<\/p>\n<p class=\"\" data-start=\"1292\" data-end=\"1307\"><strong data-start=\"1292\" data-end=\"1307\">Egenskaber:<\/strong><\/p>\n<ul data-start=\"1308\" data-end=\"1735\">\n<li class=\"\" data-start=\"1308\" data-end=\"1352\">\n<p class=\"\" data-start=\"1310\" data-end=\"1352\">H\u00f8jrevendt funktion (l\u00e5st op i str\u00f8ml\u00f8s tilstand)<\/p>\n<\/li>\n<li class=\"\" data-start=\"1353\" data-end=\"1408\">\n<p class=\"\" data-start=\"1355\" data-end=\"1408\">Stempelkontakt. D\u00f8rstatusindikation (lukket\/\u00e5ben)<\/p>\n<\/li>\n<li class=\"\" data-start=\"1409\" data-end=\"1447\">\n<p class=\"\" data-start=\"1411\" data-end=\"1447\">Beskyttelsesdiode indbygget for \u00f8get sikkerhed<\/p>\n<\/li>\n<li class=\"\" data-start=\"1448\" data-end=\"1485\">\n<p class=\"\" data-start=\"1450\" data-end=\"1485\">Brudstyrke p\u00e5 5 kN (ca. 500 kg)<\/p>\n<\/li>\n<li class=\"\" data-start=\"1486\" data-end=\"1588\">\n<p class=\"\" data-start=\"1488\" data-end=\"1588\">Garanterer \u00e5bning trods b\u00e5ndtryk p\u00e5 op til 0,4 kN (ca. 40 kg) i b\u00e5de frem- og bakfunktion<\/p>\n<\/li>\n<li class=\"\" data-start=\"1589\" data-end=\"1648\">\n<p class=\"\" data-start=\"1591\" data-end=\"1648\">Antibanke og vendbar til b\u00e5de h\u00f8jre- og venstred\u00f8re<\/p>\n<\/li>\n<li class=\"\" data-start=\"1649\" data-end=\"1691\">\n<p class=\"\" data-start=\"1651\" data-end=\"1691\">Velegnet til enkelt- og dobbeltfl\u00f8jede l\u00e5se<\/p>\n<\/li>\n<li class=\"\" data-start=\"1692\" data-end=\"1735\">\n<p class=\"\" data-start=\"1694\" data-end=\"1735\">5 meter halogenfrit tilslutningskabel medf\u00f8lger<\/p>\n<\/li>\n<\/ul>\n<p class=\"\" data-start=\"1737\" data-end=\"1766\"><strong data-start=\"1737\" data-end=\"1766\">Tekniske specifikationer:<\/strong><\/p>\n<ul data-start=\"1767\" data-end=\"2436\">\n<li class=\"\" data-start=\"1767\" data-end=\"1874\">\n<p class=\"\" data-start=\"1769\" data-end=\"1874\">Str\u00f8mforsyning: 24 V DC (+15% -10%) 110 mAh \/ maks. 300 mA eller 12 V DC (+15% -10%) 220 mAh \/ maks. 600 mA<\/p>\n<\/li>\n<li class=\"\" data-start=\"1875\" data-end=\"1938\">\n<p class=\"\" data-start=\"1877\" data-end=\"1938\">Stempelkontakt: Mikroswitch enpolet alternerende, max. 30V DC, 1A<\/p>\n<\/li>\n<li class=\"\" data-start=\"1939\" data-end=\"1979\">\n<p class=\"\" data-start=\"1941\" data-end=\"1979\">Holdbarhed: Grade X i henhold til SS-EN 14846<\/p>\n<\/li>\n<li class=\"\" data-start=\"1980\" data-end=\"2019\">\n<p class=\"\" data-start=\"1982\" data-end=\"2019\">Korrosion: Grade M i henhold til SS-EN 14846<\/p>\n<\/li>\n<li class=\"\" data-start=\"2020\" data-end=\"2058\">\n<p class=\"\" data-start=\"2022\" data-end=\"2058\">Sikkerhed: Grad 3 i henhold til SS-EN 14846<\/p>\n<\/li>\n<li class=\"\" data-start=\"2059\" data-end=\"2084\">\n<p class=\"\" data-start=\"2061\" data-end=\"2084\">Brudstyrke: 500 kg<\/p>\n<\/li>\n<li class=\"\" data-start=\"2085\" data-end=\"2115\">\n<p class=\"\" data-start=\"2087\" data-end=\"2115\">D\u00f8rh\u00e6ngsel: H\u00f8jre, Venstre<\/p>\n<\/li>\n<li class=\"\" data-start=\"2116\" data-end=\"2134\">\n<p class=\"\" data-start=\"2118\" data-end=\"2134\">Kabel inkluderet: Nr<\/p>\n<\/li>\n<li class=\"\" data-start=\"2135\" data-end=\"2153\">\n<p class=\"\" data-start=\"2137\" data-end=\"2153\">Listetryk: 40 kg<\/p>\n<\/li>\n<li class=\"\" data-start=\"2154\" data-end=\"2189\">\n<p class=\"\" data-start=\"2156\" data-end=\"2189\">L\u00e5setype: Enkeltfaldsl\u00e5s, Dobbeltfaldsl\u00e5s<\/p>\n<\/li>\n<li class=\"\" data-start=\"2190\" data-end=\"2245\">\n<p class=\"\" data-start=\"2192\" data-end=\"2245\">Produktm\u00e5l: Bredde: 20,5 mm, Dybde: 28 mm, H\u00f8jde: 99 mm<\/p>\n<\/li>\n<li class=\"\" data-start=\"2246\" data-end=\"2263\">\n<p class=\"\" data-start=\"2248\" data-end=\"2263\">Stempelkontakt: Ja<\/p>\n<\/li>\n<li class=\"\" data-start=\"2264\" data-end=\"2284\">\n<p class=\"\" data-start=\"2266\" data-end=\"2284\">Sp\u00e6nding AC\/DC: DC<\/p>\n<\/li>\n<li class=\"\" data-start=\"2285\" data-end=\"2307\">\n<p class=\"\" data-start=\"2287\" data-end=\"2307\">Sp\u00e6nding max: 13,8 V<\/p>\n<\/li>\n<li class=\"\" data-start=\"2308\" data-end=\"2330\">\n<p class=\"\" data-start=\"2310\" data-end=\"2330\">Sp\u00e6nding min: 10,8 V<\/p>\n<\/li>\n<li class=\"\" data-start=\"2331\" data-end=\"2359\">\n<p class=\"\" data-start=\"2333\" data-end=\"2359\">Farve\/finish: Rustfrit st\u00e5l<\/p>\n<\/li>\n<li class=\"\" data-start=\"2360\" data-end=\"2380\">\n<p class=\"\" data-start=\"2362\" data-end=\"2380\">Byggeprodukt vurderet: Ja<\/p>\n<\/li>\n<li class=\"\" data-start=\"2381\" data-end=\"2402\">\n<p class=\"\" data-start=\"2383\" data-end=\"2402\">EPD-verificeret: Nej<\/p>\n<\/li>\n<li class=\"\" data-start=\"2403\" data-end=\"2415\">\n<p class=\"\" data-start=\"2405\" data-end=\"2415\">FINFO: Nej<\/p>\n<\/li>\n<li class=\"\" data-start=\"2416\" data-end=\"2436\">\n<p class=\"\" data-start=\"2418\" data-end=\"2436\">SundaHouse Vurderet: Ja<\/p>\n<\/li>\n<\/ul>","protected":false},"excerpt":{"rendered":"<p>Her kan du se, hvilke stolper og modeller, der passer sammen fra STEP serien af Elektriske d\u00f8rstoppere.<\/p>\n<h5><strong><a href=\"https:\/\/steplock.com\/sv\/stolpguide\/#!?lang=sv&amp;blog_id=1&amp;paged=1&amp;number=50\" target=\"_blank\" rel=\"noopener\">TRIN Post guide\u00a0<\/a><\/strong><\/h5>\n<h5><strong><a href=\"https:\/\/steplock.com\/sv\/projekteringsguide\/#!?lang=sv&amp;blog_id=1&amp;paged=1&amp;number=999\" target=\"_blank\" rel=\"noopener\">STEP design guide<\/a><\/strong><\/h5>","protected":false},"featured_media":139697,"template":"","meta":{"_acf_changed":false},"product_brand":[],"product_cat":[3355],"product_tag":[4198,4200],"class_list":{"0":"post-139699","1":"product","2":"type-product","3":"status-publish","4":"has-post-thumbnail","6":"product_cat-elslutbleck","7":"product_tag-12v","8":"product_tag-rattvand","9":"product_shipping_class-tunga-paket","10":"pa_brands-step","11":"tm-no-options","13":"first","14":"onbackorder","15":"sale","16":"taxable","17":"shipping-taxable","18":"purchasable","19":"product-type-simple"},"acf":[],"_links":{"self":[{"href":"https:\/\/secureus.se\/dk\/wp-json\/wp\/v2\/product\/139699","targetHints":{"allow":["GET"]}}],"collection":[{"href":"https:\/\/secureus.se\/dk\/wp-json\/wp\/v2\/product"}],"about":[{"href":"https:\/\/secureus.se\/dk\/wp-json\/wp\/v2\/types\/product"}],"wp:featuredmedia":[{"embeddable":true,"href":"https:\/\/secureus.se\/dk\/wp-json\/wp\/v2\/media\/139697"}],"wp:attachment":[{"href":"https:\/\/secureus.se\/dk\/wp-json\/wp\/v2\/media?parent=139699"}],"wp:term":[{"taxonomy":"product_brand","embeddable":true,"href":"https:\/\/secureus.se\/dk\/wp-json\/wp\/v2\/product_brand?post=139699"},{"taxonomy":"product_cat","embeddable":true,"href":"https:\/\/secureus.se\/dk\/wp-json\/wp\/v2\/product_cat?post=139699"},{"taxonomy":"product_tag","embeddable":true,"href":"https:\/\/secureus.se\/dk\/wp-json\/wp\/v2\/product_tag?post=139699"}],"curies":[{"name":"wp","href":"https:\/\/api.w.org\/{rel}","templated":true}]}}