{"id":139713,"date":"2023-09-26T13:06:42","date_gmt":"2023-09-26T11:06:42","guid":{"rendered":"https:\/\/secureus.se\/elslutbleck-step-30-omvand-12v\/"},"modified":"2026-03-26T09:55:55","modified_gmt":"2026-03-26T08:55:55","slug":"elslutbleck-step-30-omvand-12v","status":"publish","type":"product","link":"https:\/\/secureus.se\/dk\/elslutbleck-step-30-omvand-12v\/","title":{"rendered":"Elektrisk klemmeark TRIN 30 Omvendt 12V"},"content":{"rendered":"<h1>Elektrisk klemmeark TRIN 30 Omvendt 12V<\/h1>\n<p>STEP 30 Preload elektrisk slutb\u00f8jle er et kompakt elektrisk slutstykke designet til at erstatte \u00e6ldre modeller og sikre et p\u00e5lideligt d\u00f8rmilj\u00f8.<\/p>\n<p>Udstyret med omvendt funktion og brudstyrke p\u00e5 500 kg.<\/p>\n<p class=\"\" data-start=\"352\" data-end=\"780\">STEP 30 Preload elektriske sl\u00f8jfer er en p\u00e5lidelig l\u00f8sning til udskiftning af \u00e6ldre eller enklere elektriske sl\u00f8jfer og skabe et sikkert d\u00f8rmilj\u00f8, selv i \u00e6ldre d\u00f8rsektioner og udsparinger.<\/p>\n<p class=\"\" data-start=\"352\" data-end=\"780\">STEP 30 er en del af STEPs Preload-serie og kombinerer minimale dimensioner med h\u00f8j kvalitet og fleksibilitet.<\/p>\n<p class=\"\" data-start=\"352\" data-end=\"780\">Udstyret med STEPs patenterede b\u00e5ndtrykteknologi s\u00f8rger denne elektriske sl\u00f8jfe for, at d\u00f8ren altid kan \u00e5bnes, selvom den uds\u00e6ttes for tryk.<\/p>\n<p class=\"\" data-start=\"782\" data-end=\"1280\">Omvendt funktion betyder, at d\u00f8ren l\u00e5ses op i sp\u00e6ndingsl\u00f8s position, hvilket g\u00f8r det muligt at \u00e5bne d\u00f8ren hurtigt, hvis det er n\u00f8dvendigt.<\/p>\n<p class=\"\" data-start=\"782\" data-end=\"1280\">Uden en stempelkontakt er dette elektriske slutstykke ideelt til installationer, hvor en stempelkontakt ikke er p\u00e5kr\u00e6vet.<\/p>\n<p class=\"\" data-start=\"782\" data-end=\"1280\">Den indbyggede beskyttelsesdiode \u00f8ger sikkerheden og g\u00f8r den til en p\u00e5lidelig l\u00f8sning til b\u00e5de nye og \u00e6ldre d\u00f8rsystemer.<\/p>\n<p class=\"\" data-start=\"782\" data-end=\"1280\">Med en brudstyrke p\u00e5 5 kN (ca. 500 kg) og mulighed for at \u00e5bne trods b\u00e5ndtryk p\u00e5 op til 40 kg, tilbyder STEP 30 Preload b\u00e5de sikkerhed og p\u00e5lidelighed.<\/p>\n<p class=\"\" data-start=\"1282\" data-end=\"1297\"><strong data-start=\"1282\" data-end=\"1297\">Egenskaber:<\/strong><\/p>\n<ul data-start=\"1298\" data-end=\"1659\">\n<li class=\"\" data-start=\"1298\" data-end=\"1339\">\n<p class=\"\" data-start=\"1300\" data-end=\"1339\">Omvendt funktion (l\u00e5st i str\u00f8ml\u00f8s tilstand)<\/p>\n<\/li>\n<li class=\"\" data-start=\"1340\" data-end=\"1359\">\n<p class=\"\" data-start=\"1342\" data-end=\"1359\">Ingen stempelkontakt<\/p>\n<\/li>\n<li class=\"\" data-start=\"1360\" data-end=\"1398\">\n<p class=\"\" data-start=\"1362\" data-end=\"1398\">Beskyttelsesdiode indbygget for \u00f8get sikkerhed<\/p>\n<\/li>\n<li class=\"\" data-start=\"1399\" data-end=\"1436\">\n<p class=\"\" data-start=\"1401\" data-end=\"1436\">Brudstyrke p\u00e5 5 kN (ca. 500 kg)<\/p>\n<\/li>\n<li class=\"\" data-start=\"1437\" data-end=\"1539\">\n<p class=\"\" data-start=\"1439\" data-end=\"1539\">Garanterer \u00e5bning trods b\u00e5ndtryk p\u00e5 op til 0,4 kN (ca. 40 kg) i b\u00e5de frem- og bakfunktion<\/p>\n<\/li>\n<li class=\"\" data-start=\"1540\" data-end=\"1599\">\n<p class=\"\" data-start=\"1542\" data-end=\"1599\">Antibanke og vendbar til b\u00e5de h\u00f8jre- og venstred\u00f8re<\/p>\n<\/li>\n<li class=\"\" data-start=\"1600\" data-end=\"1642\">\n<p class=\"\" data-start=\"1602\" data-end=\"1642\">Velegnet til enkelt- og dobbeltfl\u00f8jede l\u00e5se<\/p>\n<\/li>\n<li class=\"\" data-start=\"1643\" data-end=\"1659\">\n<p class=\"\" data-start=\"1645\" data-end=\"1659\">Kabel medf\u00f8lger ikke<\/p>\n<\/li>\n<\/ul>\n<p class=\"\" data-start=\"1661\" data-end=\"1690\"><strong data-start=\"1661\" data-end=\"1690\">Tekniske specifikationer:<\/strong><\/p>\n<ul data-start=\"1691\" data-end=\"2278\">\n<li class=\"\" data-start=\"1691\" data-end=\"1798\">\n<p class=\"\" data-start=\"1693\" data-end=\"1798\">Str\u00f8mforsyning: 24 V DC (+15% -10%) 110 mAh \/ maks. 300 mA eller 12 V DC (+15% -10%) 220 mAh \/ maks. 600 mA<\/p>\n<\/li>\n<li class=\"\" data-start=\"1799\" data-end=\"1839\">\n<p class=\"\" data-start=\"1801\" data-end=\"1839\">Holdbarhed: Grade X i henhold til SS-EN 14846<\/p>\n<\/li>\n<li class=\"\" data-start=\"1840\" data-end=\"1879\">\n<p class=\"\" data-start=\"1842\" data-end=\"1879\">Korrosion: Grade M i henhold til SS-EN 14846<\/p>\n<\/li>\n<li class=\"\" data-start=\"1880\" data-end=\"1918\">\n<p class=\"\" data-start=\"1882\" data-end=\"1918\">Sikkerhed: Grad 3 i henhold til SS-EN 14846<\/p>\n<\/li>\n<li class=\"\" data-start=\"1919\" data-end=\"1944\">\n<p class=\"\" data-start=\"1921\" data-end=\"1944\">Brudstyrke: 500 kg<\/p>\n<\/li>\n<li class=\"\" data-start=\"1945\" data-end=\"1975\">\n<p class=\"\" data-start=\"1947\" data-end=\"1975\">D\u00f8rh\u00e6ngsel: H\u00f8jre, Venstre<\/p>\n<\/li>\n<li class=\"\" data-start=\"1976\" data-end=\"1994\">\n<p class=\"\" data-start=\"1978\" data-end=\"1994\">Listetryk: 40 kg<\/p>\n<\/li>\n<li class=\"\" data-start=\"1995\" data-end=\"2030\">\n<p class=\"\" data-start=\"1997\" data-end=\"2030\">L\u00e5setype: Enkeltfaldsl\u00e5s, Dobbeltfaldsl\u00e5s<\/p>\n<\/li>\n<li class=\"\" data-start=\"2031\" data-end=\"2086\">\n<p class=\"\" data-start=\"2033\" data-end=\"2086\">Produktm\u00e5l: Bredde: 20,5 mm, Dybde: 28 mm, H\u00f8jde: 99 mm<\/p>\n<\/li>\n<li class=\"\" data-start=\"2087\" data-end=\"2105\">\n<p class=\"\" data-start=\"2089\" data-end=\"2105\">Stempelkontakt: Nej<\/p>\n<\/li>\n<li class=\"\" data-start=\"2106\" data-end=\"2126\">\n<p class=\"\" data-start=\"2108\" data-end=\"2126\">Sp\u00e6nding AC\/DC: DC<\/p>\n<\/li>\n<li class=\"\" data-start=\"2127\" data-end=\"2149\">\n<p class=\"\" data-start=\"2129\" data-end=\"2149\">Sp\u00e6nding max: 13,8 V<\/p>\n<\/li>\n<li class=\"\" data-start=\"2150\" data-end=\"2172\">\n<p class=\"\" data-start=\"2152\" data-end=\"2172\">Sp\u00e6nding min: 10,8 V<\/p>\n<\/li>\n<li class=\"\" data-start=\"2173\" data-end=\"2201\">\n<p class=\"\" data-start=\"2175\" data-end=\"2201\">Farve\/finish: Rustfrit st\u00e5l<\/p>\n<\/li>\n<li class=\"\" data-start=\"2202\" data-end=\"2222\">\n<p class=\"\" data-start=\"2204\" data-end=\"2222\">Byggeprodukt vurderet: Ja<\/p>\n<\/li>\n<li class=\"\" data-start=\"2223\" data-end=\"2244\">\n<p class=\"\" data-start=\"2225\" data-end=\"2244\">EPD-verificeret: Nej<\/p>\n<\/li>\n<li class=\"\" data-start=\"2245\" data-end=\"2257\">\n<p class=\"\" data-start=\"2247\" data-end=\"2257\">FINFO: Nej<\/p>\n<\/li>\n<li class=\"\" data-start=\"2258\" data-end=\"2278\">\n<p class=\"\" data-start=\"2260\" data-end=\"2278\">SundaHouse Vurderet: Ja<\/p>\n<\/li>\n<\/ul>","protected":false},"excerpt":{"rendered":"<p>Her kan du se, hvilke stolper og modeller, der passer sammen fra STEP serien af Elektriske d\u00f8rstoppere.<\/p>\n<h5><strong><a href=\"https:\/\/steplock.com\/sv\/stolpguide\/#!?lang=sv&amp;blog_id=1&amp;paged=1&amp;number=50\" target=\"_blank\" rel=\"noopener\">TRIN Post guide\u00a0<\/a><\/strong><\/h5>\n<h5><strong><a href=\"https:\/\/steplock.com\/sv\/projekteringsguide\/#!?lang=sv&amp;blog_id=1&amp;paged=1&amp;number=999\" target=\"_blank\" rel=\"noopener\">STEP design guide<\/a><\/strong><\/h5>","protected":false},"featured_media":139712,"template":"","meta":{"_acf_changed":false},"product_brand":[],"product_cat":[3355],"product_tag":[4198,4201],"class_list":{"0":"post-139713","1":"product","2":"type-product","3":"status-publish","4":"has-post-thumbnail","6":"product_cat-elslutbleck","7":"product_tag-12v","8":"product_tag-omvand","9":"product_shipping_class-tunga-paket","10":"pa_brands-step","11":"tm-no-options","13":"first","14":"onbackorder","15":"sale","16":"taxable","17":"shipping-taxable","18":"purchasable","19":"product-type-simple"},"acf":[],"_links":{"self":[{"href":"https:\/\/secureus.se\/dk\/wp-json\/wp\/v2\/product\/139713","targetHints":{"allow":["GET"]}}],"collection":[{"href":"https:\/\/secureus.se\/dk\/wp-json\/wp\/v2\/product"}],"about":[{"href":"https:\/\/secureus.se\/dk\/wp-json\/wp\/v2\/types\/product"}],"wp:featuredmedia":[{"embeddable":true,"href":"https:\/\/secureus.se\/dk\/wp-json\/wp\/v2\/media\/139712"}],"wp:attachment":[{"href":"https:\/\/secureus.se\/dk\/wp-json\/wp\/v2\/media?parent=139713"}],"wp:term":[{"taxonomy":"product_brand","embeddable":true,"href":"https:\/\/secureus.se\/dk\/wp-json\/wp\/v2\/product_brand?post=139713"},{"taxonomy":"product_cat","embeddable":true,"href":"https:\/\/secureus.se\/dk\/wp-json\/wp\/v2\/product_cat?post=139713"},{"taxonomy":"product_tag","embeddable":true,"href":"https:\/\/secureus.se\/dk\/wp-json\/wp\/v2\/product_tag?post=139713"}],"curies":[{"name":"wp","href":"https:\/\/api.w.org\/{rel}","templated":true}]}}