{"id":139731,"date":"2023-09-26T13:07:58","date_gmt":"2023-09-26T11:07:58","guid":{"rendered":"https:\/\/secureus.se\/elslutbleck-step-90-rattvand-12v\/"},"modified":"2026-03-26T09:48:52","modified_gmt":"2026-03-26T08:48:52","slug":"elslutbleck-step-90-rattvand-12v","status":"publish","type":"product","link":"https:\/\/secureus.se\/dk\/elslutbleck-step-90-rattvand-12v\/","title":{"rendered":"El-klemmeark STEP 90 H\u00f8jrevendt 12V"},"content":{"rendered":"<h1>El-klemmeark STEP 90 H\u00f8jrevendt 12V<\/h1>\n<p>STEP 90 Preload er et brandklassificeret elektrisk slutstykke i et kompakt format med fremadvendt funktion. Ideel til d\u00f8rmilj\u00f8er med krav om h\u00f8j sikkerhed og p\u00e5lidelighed ved afl\u00e5sning i dagtimerne.<\/p>\n<p class=\"\" data-start=\"244\" data-end=\"625\">STEP 90 Preload elektrisk sl\u00f8jfe med h\u00f8jrevendt funktion er en p\u00e5lidelig og sikker l\u00f8sning til d\u00f8rmilj\u00f8er, hvor sikker l\u00e5sning kombineres med krav til brandklassificering og h\u00f8j \u00e5bningsfrekvens.<\/p>\n<p class=\"\" data-start=\"244\" data-end=\"625\">Med sit kompakte design er metalpladen nem at installere selv p\u00e5 trange steder, hvilket g\u00f8r den til et glimrende valg til opgradering af eksisterende d\u00f8re.<\/p>\n<p class=\"\" data-start=\"627\" data-end=\"900\">Produktet er en del af STEPs Preload-serie og er udstyret med den patenterede HPR\u00ae-st\u00f8beteknologi.<\/p>\n<p class=\"\" data-start=\"627\" data-end=\"900\">Det muligg\u00f8r sikker opl\u00e5sning selv med et b\u00e5ndtryk p\u00e5 op til 250 kg, hvilket er afg\u00f8rende i d\u00f8rmilj\u00f8er med t\u00e6tningslister eller tryk fra automatisk d\u00f8rautomatik.<\/p>\n<p class=\"\" data-start=\"902\" data-end=\"1268\">STEP 90 er brandgodkendt op til E\/EI 120 i henhold til SS-EN 14846:2008 og testet til at modst\u00e5 1200 kg brudstyrke.<\/p>\n<p class=\"\" data-start=\"902\" data-end=\"1268\">Den h\u00f8jrevendte funktion betyder, at panelet l\u00e5ses i sp\u00e6ndingsl\u00f8s stilling, hvilket er standard i sikkerhedskritiske installationer.<\/p>\n<p class=\"\" data-start=\"902\" data-end=\"1268\">Produktet er vendbart og passer til b\u00e5de h\u00f8jre- og venstreh\u00e6ngte d\u00f8re samt l\u00e5sehuse i serierne Connect, Modul og Narrow Profile.<\/p>\n<p class=\"\" data-start=\"1270\" data-end=\"1296\"><strong data-start=\"1270\" data-end=\"1296\">Funktioner og fordele:<\/strong><\/p>\n<ul data-start=\"1297\" data-end=\"1529\">\n<li class=\"\" data-start=\"1297\" data-end=\"1340\">\n<p class=\"\" data-start=\"1299\" data-end=\"1340\">H\u00f8jrevendt funktion (l\u00e5st i str\u00f8ml\u00f8s tilstand)<\/p>\n<\/li>\n<li class=\"\" data-start=\"1341\" data-end=\"1381\">\n<p class=\"\" data-start=\"1343\" data-end=\"1381\">Brandklasse E\/EI 120 i henhold til SS-EN 14846<\/p>\n<\/li>\n<li class=\"\" data-start=\"1382\" data-end=\"1425\">\n<p class=\"\" data-start=\"1384\" data-end=\"1425\">HPR\u00ae-teknologi til stribeprint op til 250 kg<\/p>\n<\/li>\n<li class=\"\" data-start=\"1426\" data-end=\"1461\">\n<p class=\"\" data-start=\"1428\" data-end=\"1461\">Kompakte m\u00e5l \u2013 nem installation<\/p>\n<\/li>\n<li class=\"\" data-start=\"1462\" data-end=\"1494\">\n<p class=\"\" data-start=\"1464\" data-end=\"1494\">Vendbart og slagsikkert design<\/p>\n<\/li>\n<li class=\"\" data-start=\"1495\" data-end=\"1529\">\n<p class=\"\" data-start=\"1497\" data-end=\"1529\">Til enkelt- og dobbeltl\u00e5se<\/p>\n<\/li>\n<\/ul>\n<p class=\"\" data-start=\"1531\" data-end=\"1857\"><strong data-start=\"1531\" data-end=\"1560\">Tekniske specifikationer:<\/strong><br data-start=\"1560\" data-end=\"1563\" \/>Driftssp\u00e6nding: 12 V DC (10,8-13,8 V)<br data-start=\"1599\" data-end=\"1602\" \/>Str\u00f8mforbrug: 220 mAh \/ max 600 mA<br data-start=\"1640\" data-end=\"1643\" \/>Brudstyrke: 1200 kg (12 kN)<br data-start=\"1675\" data-end=\"1678\" \/>Listetryk: 250 kg<br data-start=\"1695\" data-end=\"1698\" \/>M\u00e5l (BxDxH): 25 x 28 x 90 mm<br data-start=\"1727\" data-end=\"1730\" \/>L\u00e5setype: Enkeltfaldsl\u00e5s, Dobbeltfaldsl\u00e5s<br data-start=\"1763\" data-end=\"1766\" \/>Stempelkontakt: Nej<br data-start=\"1782\" data-end=\"1785\" \/>Kabel: Nej<br data-start=\"1795\" data-end=\"1798\" \/>Overfladebehandling: Rustfrit st\u00e5l<br data-start=\"1819\" data-end=\"1822\" \/>Byggematerialer vurderet &amp; SundaHus vurderet: Ja<\/p>","protected":false},"excerpt":{"rendered":"<p>Her kan du se, hvilke stolper og modeller, der passer sammen fra STEP serien af Elektriske d\u00f8rstoppere.<\/p>\n<h5><strong><a href=\"https:\/\/steplock.com\/sv\/stolpguide\/#!?lang=sv&amp;blog_id=1&amp;paged=1&amp;number=50\" target=\"_blank\" rel=\"noopener\">TRIN Post guide\u00a0<\/a><\/strong><\/h5>\n<h5><strong><a href=\"https:\/\/steplock.com\/sv\/projekteringsguide\/#!?lang=sv&amp;blog_id=1&amp;paged=1&amp;number=999\" target=\"_blank\" rel=\"noopener\">STEP design guide<\/a><\/strong><\/h5>","protected":false},"featured_media":139727,"template":"","meta":{"_acf_changed":false},"product_brand":[],"product_cat":[3355],"product_tag":[4198,4200],"class_list":{"0":"post-139731","1":"product","2":"type-product","3":"status-publish","4":"has-post-thumbnail","6":"product_cat-elslutbleck","7":"product_tag-12v","8":"product_tag-rattvand","9":"product_shipping_class-tunga-paket","10":"pa_brands-step","11":"tm-no-options","13":"first","14":"instock","15":"sale","16":"taxable","17":"shipping-taxable","18":"purchasable","19":"product-type-simple"},"acf":[],"_links":{"self":[{"href":"https:\/\/secureus.se\/dk\/wp-json\/wp\/v2\/product\/139731","targetHints":{"allow":["GET"]}}],"collection":[{"href":"https:\/\/secureus.se\/dk\/wp-json\/wp\/v2\/product"}],"about":[{"href":"https:\/\/secureus.se\/dk\/wp-json\/wp\/v2\/types\/product"}],"wp:featuredmedia":[{"embeddable":true,"href":"https:\/\/secureus.se\/dk\/wp-json\/wp\/v2\/media\/139727"}],"wp:attachment":[{"href":"https:\/\/secureus.se\/dk\/wp-json\/wp\/v2\/media?parent=139731"}],"wp:term":[{"taxonomy":"product_brand","embeddable":true,"href":"https:\/\/secureus.se\/dk\/wp-json\/wp\/v2\/product_brand?post=139731"},{"taxonomy":"product_cat","embeddable":true,"href":"https:\/\/secureus.se\/dk\/wp-json\/wp\/v2\/product_cat?post=139731"},{"taxonomy":"product_tag","embeddable":true,"href":"https:\/\/secureus.se\/dk\/wp-json\/wp\/v2\/product_tag?post=139731"}],"curies":[{"name":"wp","href":"https:\/\/api.w.org\/{rel}","templated":true}]}}