{"id":139754,"date":"2023-09-26T13:06:24","date_gmt":"2023-09-26T11:06:24","guid":{"rendered":"https:\/\/secureus.se\/elslutbleck-step-90-omvand-12v\/"},"modified":"2026-04-23T12:53:58","modified_gmt":"2026-04-23T10:53:58","slug":"elslutbleck-step-90-omvand-12v","status":"publish","type":"product","link":"https:\/\/secureus.se\/dk\/elslutbleck-step-90-omvand-12v\/","title":{"rendered":"Elektrisk afslutningsark STEP 90 Reverse 12V"},"content":{"rendered":"<h1>Elektrisk afslutningsark STEP 90 Reverse 12V<\/h1>\n<p class=\"\" data-start=\"120\" data-end=\"310\">Elektrisk sl\u00f8jd STEP 90 Preload HPR er en brandgodkendt elektrisk slisk med kompakt design og h\u00f8j sikkerhed, ideel til brug i d\u00f8re med h\u00f8je krav til driftssikkerhed.<\/p>\n<p class=\"\" data-start=\"312\" data-end=\"801\"><strong data-start=\"312\" data-end=\"332\">Lang beskrivelse<\/strong>:<br data-start=\"333\" data-end=\"336\" \/>STEP 90 Preload HPR er et brandgodkendt elektrisk slutstykke med en kompakt og holdbar konstruktion, designet til at give h\u00f8j driftssikkerhed og lang levetid.<\/p>\n<p class=\"\" data-start=\"312\" data-end=\"801\">Takket v\u00e6re den patenterede b\u00e5ndtrykteknologi kan d\u00f8ren \u00e5bnes selv ved tryk p\u00e5 op til 250 kg, hvilket g\u00f8r STEP 90 Preload til et fleksibelt og p\u00e5lideligt valg.<\/p>\n<p class=\"\" data-start=\"312\" data-end=\"801\">Produktet er certificeret til brandmodstand op til E\/EI120 i henhold til SS-EN 14846:2008 og er specielt tilpasset d\u00f8re med h\u00f8je \u00e5bningsfrekvenser.<\/p>\n<p class=\"\" data-start=\"803\" data-end=\"1036\">Den elektriske spj\u00e6ld er vendbar og passer til b\u00e5de h\u00f8jre- og venstreh\u00e6ngte d\u00f8re, hvilket g\u00f8r installationen nem.<\/p>\n<p class=\"\" data-start=\"803\" data-end=\"1036\">Med en stempelkontakt kan systemet integreres med adgangskontrolsystemer og alarmsystemer for at indikere om d\u00f8ren er lukket\/\u00e5ben.<\/p>\n<p class=\"\" data-start=\"1038\" data-end=\"1055\"><strong data-start=\"1038\" data-end=\"1052\">Egenskaber<\/strong>:<\/p>\n<ul data-start=\"1056\" data-end=\"1478\">\n<li class=\"\" data-start=\"1056\" data-end=\"1099\">\n<p class=\"\" data-start=\"1058\" data-end=\"1099\">Omvendt funktion (l\u00e5st i str\u00f8ml\u00f8s tilstand)<\/p>\n<\/li>\n<li class=\"\" data-start=\"1100\" data-end=\"1162\">\n<p class=\"\" data-start=\"1102\" data-end=\"1162\">Brandgodkendt op til F (E\/EI 120) i henhold til SS-EN 14846:2008<\/p>\n<\/li>\n<li class=\"\" data-start=\"1163\" data-end=\"1220\">\n<p class=\"\" data-start=\"1165\" data-end=\"1220\">Indikation af d\u00f8rstatusregistrering (lukket\/\u00e5bent)<\/p>\n<\/li>\n<li class=\"\" data-start=\"1221\" data-end=\"1259\">\n<p class=\"\" data-start=\"1223\" data-end=\"1259\">Brudstyrke 1200 kg (ca. 12 kN)<\/p>\n<\/li>\n<li class=\"\" data-start=\"1260\" data-end=\"1336\">\n<p class=\"\" data-start=\"1262\" data-end=\"1336\">HPR\u00ae teknologi, der garanterer \u00e5bning trods et b\u00e5ndtryk p\u00e5 250 kg (ca. 2,5 kN)<\/p>\n<\/li>\n<li class=\"\" data-start=\"1337\" data-end=\"1352\">\n<p class=\"\" data-start=\"1339\" data-end=\"1352\">Anti-banke<\/p>\n<\/li>\n<li class=\"\" data-start=\"1353\" data-end=\"1393\">\n<p class=\"\" data-start=\"1355\" data-end=\"1393\">Vendbar til h\u00f8jre og venstre d\u00f8re<\/p>\n<\/li>\n<li class=\"\" data-start=\"1394\" data-end=\"1478\">\n<p class=\"\" data-start=\"1396\" data-end=\"1478\">Passer til l\u00e5sekasser med enkelt- og dobbeltl\u00e5se i serierne Connect, Modul og Narrow Profile<\/p>\n<\/li>\n<\/ul>\n<p class=\"\" data-start=\"1480\" data-end=\"1511\"><strong data-start=\"1480\" data-end=\"1508\">Tekniske specifikationer<\/strong>:<\/p>\n<ul data-start=\"1512\" data-end=\"2105\">\n<li class=\"\" data-start=\"1512\" data-end=\"1548\">\n<p class=\"\" data-start=\"1514\" data-end=\"1548\"><strong data-start=\"1514\" data-end=\"1537\">Brudstyrke max<\/strong>: 1200 kg<\/p>\n<\/li>\n<li class=\"\" data-start=\"1549\" data-end=\"1585\">\n<p class=\"\" data-start=\"1551\" data-end=\"1585\"><strong data-start=\"1551\" data-end=\"1567\">D\u00f8r h\u00e6ngende<\/strong>: H\u00f8jre, Venstre<\/p>\n<\/li>\n<li class=\"\" data-start=\"1586\" data-end=\"1610\">\n<p class=\"\" data-start=\"1588\" data-end=\"1610\"><strong data-start=\"1588\" data-end=\"1603\">Kabel medf\u00f8lger<\/strong>: Nej<\/p>\n<\/li>\n<li class=\"\" data-start=\"1611\" data-end=\"1636\">\n<p class=\"\" data-start=\"1613\" data-end=\"1636\"><strong data-start=\"1613\" data-end=\"1626\">Listeudskrivning<\/strong>: 250 kg<\/p>\n<\/li>\n<li class=\"\" data-start=\"1637\" data-end=\"1678\">\n<p class=\"\" data-start=\"1639\" data-end=\"1678\"><strong data-start=\"1639\" data-end=\"1649\">L\u00e5s type<\/strong>: Enkelt l\u00e5s, Dobbelt l\u00e5s<\/p>\n<\/li>\n<li class=\"\" data-start=\"1679\" data-end=\"1707\">\n<p class=\"\" data-start=\"1681\" data-end=\"1707\"><strong data-start=\"1681\" data-end=\"1698\">Bredt produkt<\/strong>: 25 mm<\/p>\n<\/li>\n<li class=\"\" data-start=\"1708\" data-end=\"1734\">\n<p class=\"\" data-start=\"1710\" data-end=\"1734\"><strong data-start=\"1710\" data-end=\"1728\">Byggematerialer vurderet<\/strong>: Ja<\/p>\n<\/li>\n<li class=\"\" data-start=\"1735\" data-end=\"1762\">\n<p class=\"\" data-start=\"1737\" data-end=\"1762\"><strong data-start=\"1737\" data-end=\"1753\">Dybt produkt<\/strong>: 28 mm<\/p>\n<\/li>\n<li class=\"\" data-start=\"1763\" data-end=\"1797\">\n<p class=\"\" data-start=\"1765\" data-end=\"1797\"><strong data-start=\"1765\" data-end=\"1790\">Driftssp\u00e6nding 12V\/24V<\/strong>: 12V<\/p>\n<\/li>\n<li class=\"\" data-start=\"1798\" data-end=\"1826\">\n<p class=\"\" data-start=\"1800\" data-end=\"1826\"><strong data-start=\"1800\" data-end=\"1819\">Dobbelt twist case<\/strong>: Nej<\/p>\n<\/li>\n<li class=\"\" data-start=\"1827\" data-end=\"1854\">\n<p class=\"\" data-start=\"1829\" data-end=\"1854\"><strong data-start=\"1829\" data-end=\"1847\">EPD-verificeret<\/strong>: Nej<\/p>\n<\/li>\n<li class=\"\" data-start=\"1855\" data-end=\"1873\">\n<p class=\"\" data-start=\"1857\" data-end=\"1873\"><strong data-start=\"1857\" data-end=\"1866\">FIN INFO<\/strong>: Nej<\/p>\n<\/li>\n<li class=\"\" data-start=\"1874\" data-end=\"1908\">\n<p class=\"\" data-start=\"1876\" data-end=\"1908\"><strong data-start=\"1876\" data-end=\"1897\">Farve\/Overfladebehandling<\/strong>: Rustfrit st\u00e5l<\/p>\n<\/li>\n<li class=\"\" data-start=\"1909\" data-end=\"1936\">\n<p class=\"\" data-start=\"1911\" data-end=\"1936\"><strong data-start=\"1911\" data-end=\"1927\">Forh\u00f8jet produkt<\/strong>: 90 mm<\/p>\n<\/li>\n<li class=\"\" data-start=\"1937\" data-end=\"1961\">\n<p class=\"\" data-start=\"1939\" data-end=\"1961\"><strong data-start=\"1939\" data-end=\"1954\">Stempelforbindelse<\/strong>: Nej<\/p>\n<\/li>\n<li class=\"\" data-start=\"1962\" data-end=\"1993\">\n<p class=\"\" data-start=\"1964\" data-end=\"1993\"><strong data-start=\"1964\" data-end=\"1983\">H\u00f8jre\/omvendt<\/strong>: Omvendt<\/p>\n<\/li>\n<li class=\"\" data-start=\"1994\" data-end=\"2020\">\n<p class=\"\" data-start=\"1996\" data-end=\"2020\"><strong data-start=\"1996\" data-end=\"2014\">Sp\u00e6nding AC\/DC<\/strong>: DC<\/p>\n<\/li>\n<li class=\"\" data-start=\"2021\" data-end=\"2049\">\n<p class=\"\" data-start=\"2023\" data-end=\"2049\"><strong data-start=\"2023\" data-end=\"2039\">Sp\u00e6nding max<\/strong>: 13,8V<\/p>\n<\/li>\n<li class=\"\" data-start=\"2050\" data-end=\"2078\">\n<p class=\"\" data-start=\"2052\" data-end=\"2078\"><strong data-start=\"2052\" data-end=\"2068\">Sp\u00e6nding min<\/strong>: 10,8V<\/p>\n<\/li>\n<li class=\"\" data-start=\"2079\" data-end=\"2105\">\n<p class=\"\" data-start=\"2081\" data-end=\"2105\"><strong data-start=\"2081\" data-end=\"2099\">SundaHouse vurderet<\/strong>: Ja<\/p>\n<\/li>\n<\/ul>","protected":false},"excerpt":{"rendered":"<p>Her kan du se, hvilke stolper og modeller, der passer sammen fra STEP serien af Elektriske d\u00f8rstoppere.<\/p>\n<h5><strong><a href=\"https:\/\/steplock.com\/sv\/stolpguide\/#!?lang=sv&amp;blog_id=1&amp;paged=1&amp;number=50\" target=\"_blank\" rel=\"noopener\">TRIN Post guide\u00a0<\/a><\/strong><\/h5>\n<h5><strong><a href=\"https:\/\/steplock.com\/sv\/projekteringsguide\/#!?lang=sv&amp;blog_id=1&amp;paged=1&amp;number=999\" target=\"_blank\" rel=\"noopener\">STEP design guide<\/a><\/strong><\/h5>","protected":false},"featured_media":139745,"template":"","meta":{"_acf_changed":false},"product_brand":[],"product_cat":[3355],"product_tag":[4198,4201],"class_list":{"0":"post-139754","1":"product","2":"type-product","3":"status-publish","4":"has-post-thumbnail","6":"product_cat-elslutbleck","7":"product_tag-12v","8":"product_tag-omvand","9":"product_shipping_class-tunga-paket","10":"pa_brands-step","11":"tm-no-options","13":"first","14":"onbackorder","15":"sale","16":"taxable","17":"shipping-taxable","18":"purchasable","19":"product-type-simple"},"acf":[],"_links":{"self":[{"href":"https:\/\/secureus.se\/dk\/wp-json\/wp\/v2\/product\/139754","targetHints":{"allow":["GET"]}}],"collection":[{"href":"https:\/\/secureus.se\/dk\/wp-json\/wp\/v2\/product"}],"about":[{"href":"https:\/\/secureus.se\/dk\/wp-json\/wp\/v2\/types\/product"}],"wp:featuredmedia":[{"embeddable":true,"href":"https:\/\/secureus.se\/dk\/wp-json\/wp\/v2\/media\/139745"}],"wp:attachment":[{"href":"https:\/\/secureus.se\/dk\/wp-json\/wp\/v2\/media?parent=139754"}],"wp:term":[{"taxonomy":"product_brand","embeddable":true,"href":"https:\/\/secureus.se\/dk\/wp-json\/wp\/v2\/product_brand?post=139754"},{"taxonomy":"product_cat","embeddable":true,"href":"https:\/\/secureus.se\/dk\/wp-json\/wp\/v2\/product_cat?post=139754"},{"taxonomy":"product_tag","embeddable":true,"href":"https:\/\/secureus.se\/dk\/wp-json\/wp\/v2\/product_tag?post=139754"}],"curies":[{"name":"wp","href":"https:\/\/api.w.org\/{rel}","templated":true}]}}