{"id":139763,"date":"2023-09-26T13:07:41","date_gmt":"2023-09-26T11:07:41","guid":{"rendered":"https:\/\/secureus.se\/elslutbleck-step-18-vanster-rattvand-12v-9mm-regel-connect\/"},"modified":"2026-04-08T16:13:36","modified_gmt":"2026-04-08T14:13:36","slug":"elslutbleck-step-18-vanster-rattvand-12v-9mm-regel-connect","status":"publish","type":"product","link":"https:\/\/secureus.se\/dk\/elslutbleck-step-18-vanster-rattvand-12v-9mm-regel-connect\/","title":{"rendered":"Elektrisk endeplade TRIN 18 Venstre H\u00f8jre vendt 12V 9mm Regel Connect"},"content":{"rendered":"<h1>Elektrisk endeplade TRIN 18 Venstre H\u00f8jre vendt 12V 9mm Regel Connect<\/h1>\n<p>TRIN 18 Secure er en h\u00f8jsikkerheds elektrisk sl\u00f8jfe med h\u00f8jreh\u00e5ndsfunktion til venstreh\u00e6ngte d\u00f8re.<\/p>\n<p>Tilpasset til 9 mm Connect bolt, brandgodkendt op til E\/EI60 og udstyret med stempel- og l\u00e5sekontakt.<\/p>\n<p class=\"\" data-start=\"288\" data-end=\"661\">Elektrisk sl\u00f8jd STEP 18 Secure er en avanceret elektrisk slisk udviklet til at im\u00f8dekomme h\u00f8je krav til sikkerhed, holdbarhed og funktion i d\u00f8rmilj\u00f8er, der bruges hyppigt.<\/p>\n<p class=\"\" data-start=\"288\" data-end=\"661\">Produktet er specielt tilpasset venstreh\u00e6ngte d\u00f8re med 9 mm bolt i Connect-serien og bruges ofte i sikkerhedsklassificerede milj\u00f8er som banker, institutioner og offentlige bygninger.<\/p>\n<p class=\"\" data-start=\"663\" data-end=\"968\">Pladen er med sin h\u00f8jrevendte funktion l\u00e5st i str\u00f8ml\u00f8s tilstand, hvilket giver ekstra beskyttelse ved f.eks. str\u00f8mafbrydelse.<\/p>\n<p class=\"\" data-start=\"663\" data-end=\"968\">Den indbyggede stempelkontakt og l\u00e5sekontakt muligg\u00f8r pr\u00e6cis statusoverv\u00e5gning af d\u00f8rens lukkede\/\u00e5bne og l\u00e5ste\/ul\u00e5ste positioner \u2013 perfekt til integration med alarm- og adgangskontrolsystemer.<\/p>\n<p class=\"\" data-start=\"970\" data-end=\"1277\">STEP 18 er brandcertificeret efter E\/EI60 og testet til at modst\u00e5 et b\u00e5ndtryk p\u00e5 500 kg og en brudstyrke p\u00e5 15 kN, hvilket garanterer en sikker l\u00e5s selv under trykforhold.<\/p>\n<p class=\"\" data-start=\"970\" data-end=\"1277\">Pladen er manipulationssikker og udstyret med en indbygget beskyttelsesdiode. Der medf\u00f8lger 5 meter halogenfrit tilslutningskabel.<\/p>\n<p class=\"\" data-start=\"1279\" data-end=\"1307\"><strong data-start=\"1279\" data-end=\"1305\">Funktioner og fordele:<\/strong><\/p>\n<ul data-start=\"1308\" data-end=\"1614\">\n<li class=\"\" data-start=\"1308\" data-end=\"1347\">\n<p class=\"\" data-start=\"1310\" data-end=\"1347\">Korrekt funktion (l\u00e5st uden str\u00f8m)<\/p>\n<\/li>\n<li class=\"\" data-start=\"1348\" data-end=\"1399\">\n<p class=\"\" data-start=\"1350\" data-end=\"1399\">Til venstreh\u00e6ngte d\u00f8re med 9 mm Tilslutningsbolt<\/p>\n<\/li>\n<li class=\"\" data-start=\"1400\" data-end=\"1448\">\n<p class=\"\" data-start=\"1402\" data-end=\"1448\">Stempel- og sp\u00e6rrekontakt til statusoverv\u00e5gning<\/p>\n<\/li>\n<li class=\"\" data-start=\"1449\" data-end=\"1472\">\n<p class=\"\" data-start=\"1451\" data-end=\"1472\">Brandklassificeret E\/EI60<\/p>\n<\/li>\n<li class=\"\" data-start=\"1473\" data-end=\"1506\">\n<p class=\"\" data-start=\"1475\" data-end=\"1506\">T\u00e5ler b\u00e5ndtryk op til 500 kg<\/p>\n<\/li>\n<li class=\"\" data-start=\"1507\" data-end=\"1533\">\n<p class=\"\" data-start=\"1509\" data-end=\"1533\">Brudstyrke: 15 kN<\/p>\n<\/li>\n<li class=\"\" data-start=\"1534\" data-end=\"1576\">\n<p class=\"\" data-start=\"1536\" data-end=\"1576\">Leveres med 5 meter halogenfrit kabel<\/p>\n<\/li>\n<li class=\"\" data-start=\"1577\" data-end=\"1614\">\n<p class=\"\" data-start=\"1579\" data-end=\"1614\">Beskyttelsesdiode og oversp\u00e6ndingsbeskytter medf\u00f8lger<\/p>\n<\/li>\n<\/ul>","protected":false},"excerpt":{"rendered":"<p>Her kan du se, hvilke stolper og modeller, der passer sammen fra STEP serien af Elektriske d\u00f8rstoppere.<\/p>\n<h5><strong><a href=\"https:\/\/steplock.com\/sv\/stolpguide\/#!?lang=sv&amp;blog_id=1&amp;paged=1&amp;number=50\" target=\"_blank\" rel=\"noopener\">TRIN Post guide\u00a0<\/a><\/strong><\/h5>\n<h5><strong><a href=\"https:\/\/steplock.com\/sv\/projekteringsguide\/#!?lang=sv&amp;blog_id=1&amp;paged=1&amp;number=999\" target=\"_blank\" rel=\"noopener\">STEP design guide<\/a><\/strong><\/h5>","protected":false},"featured_media":139761,"template":"","meta":{"_acf_changed":false},"product_brand":[],"product_cat":[3355],"product_tag":[4198,4200],"class_list":{"0":"post-139763","1":"product","2":"type-product","3":"status-publish","4":"has-post-thumbnail","6":"product_cat-elslutbleck","7":"product_tag-12v","8":"product_tag-rattvand","9":"product_shipping_class-tunga-paket","10":"pa_brands-step","11":"tm-no-options","13":"first","14":"onbackorder","15":"sale","16":"taxable","17":"shipping-taxable","18":"purchasable","19":"product-type-simple"},"acf":[],"_links":{"self":[{"href":"https:\/\/secureus.se\/dk\/wp-json\/wp\/v2\/product\/139763","targetHints":{"allow":["GET"]}}],"collection":[{"href":"https:\/\/secureus.se\/dk\/wp-json\/wp\/v2\/product"}],"about":[{"href":"https:\/\/secureus.se\/dk\/wp-json\/wp\/v2\/types\/product"}],"wp:featuredmedia":[{"embeddable":true,"href":"https:\/\/secureus.se\/dk\/wp-json\/wp\/v2\/media\/139761"}],"wp:attachment":[{"href":"https:\/\/secureus.se\/dk\/wp-json\/wp\/v2\/media?parent=139763"}],"wp:term":[{"taxonomy":"product_brand","embeddable":true,"href":"https:\/\/secureus.se\/dk\/wp-json\/wp\/v2\/product_brand?post=139763"},{"taxonomy":"product_cat","embeddable":true,"href":"https:\/\/secureus.se\/dk\/wp-json\/wp\/v2\/product_cat?post=139763"},{"taxonomy":"product_tag","embeddable":true,"href":"https:\/\/secureus.se\/dk\/wp-json\/wp\/v2\/product_tag?post=139763"}],"curies":[{"name":"wp","href":"https:\/\/api.w.org\/{rel}","templated":true}]}}