{"id":139766,"date":"2023-09-26T13:06:14","date_gmt":"2023-09-26T11:06:14","guid":{"rendered":"https:\/\/secureus.se\/elslutbleck-step-18-vanster-rattvand-12v-for-assa-511\/"},"modified":"2026-04-08T16:27:27","modified_gmt":"2026-04-08T14:27:27","slug":"elslutbleck-step-18-vanster-rattvand-12v-for-assa-511","status":"publish","type":"product","link":"https:\/\/secureus.se\/dk\/elslutbleck-step-18-vanster-rattvand-12v-for-assa-511\/","title":{"rendered":"Elektrisk endeplade TRIN 18 Venstre H\u00f8jre vendt 12V til Assa 511"},"content":{"rendered":"<h1>Elektrisk endeplade TRIN 18 Venstre H\u00f8jre vendt 12V til Assa 511<\/h1>\n<p>STEP 18 Secure elektriske slutr\u00f8r tilbyder h\u00f8j indbrudssikkerhed og brandgodkendt funktionalitet. Designet til krogboltl\u00e5s Assa 511 med 10 mm stempel, velegnet til sikkerhedsd\u00f8re.<\/p>\n<p class=\"\" data-start=\"355\" data-end=\"752\">TRIN 18 Secure er en h\u00f8jsikkerheds elektrisk l\u00e5s designet til installation i d\u00f8re med et stort antal ind- og udgange, s\u00e5som i f\u00e6ngsler og banker.<\/p>\n<p class=\"\" data-start=\"355\" data-end=\"752\">L\u00e5sen er godkendt til at l\u00e5se sikkerhedsd\u00f8re op til RC4 og er brandgodkendt op til E\/EI 60. TRIN 18 Secure er s\u00e6rligt velegnet til d\u00f8re med evakueringskrav og dem, der skal t\u00e5le hyppig og hurtig \u00e5bning.<\/p>\n<p class=\"\" data-start=\"754\" data-end=\"1156\">Til krogboltl\u00e5s Assa 511 med 10 mm stempel, og har h\u00f8jreh\u00e5ndsfunktion (l\u00e5st i str\u00f8ml\u00f8s position).<\/p>\n<p class=\"\" data-start=\"754\" data-end=\"1156\">Den giver h\u00f8j sikkerhed, med en brudstyrke p\u00e5 15 kN (ca. 1500 kg), og fungerer ogs\u00e5 med b\u00e5ndtryk op til 5 kN (ca. 500 kg).<\/p>\n<p class=\"\" data-start=\"754\" data-end=\"1156\">Den er ogs\u00e5 udstyret med en stempelafbryder og indikatorer, der viser om d\u00f8ren er lukket\/\u00e5ben og l\u00e5st\/ul\u00e5st, hvilket g\u00f8r den ideel til adgangskontrolsystemer og alarmsystemer.<\/p>\n<p class=\"\" data-start=\"1158\" data-end=\"1175\"><strong data-start=\"1158\" data-end=\"1172\">Egenskaber<\/strong>:<\/p>\n<ul data-start=\"1176\" data-end=\"1620\">\n<li class=\"\" data-start=\"1176\" data-end=\"1219\">\n<p class=\"\" data-start=\"1178\" data-end=\"1219\">Til kroglineall\u00e5s Assa 511 med 10 mm stempel<\/p>\n<\/li>\n<li class=\"\" data-start=\"1220\" data-end=\"1265\">\n<p class=\"\" data-start=\"1222\" data-end=\"1265\">H\u00f8jrevendt funktion (l\u00e5st i str\u00f8ml\u00f8s tilstand)<\/p>\n<\/li>\n<li class=\"\" data-start=\"1266\" data-end=\"1294\">\n<p class=\"\" data-start=\"1268\" data-end=\"1294\">Til venstreh\u00e6ngte d\u00f8re<\/p>\n<\/li>\n<li class=\"\" data-start=\"1295\" data-end=\"1328\">\n<p class=\"\" data-start=\"1297\" data-end=\"1328\">Brandgodkendt op til E\/EI 60<\/p>\n<\/li>\n<li class=\"\" data-start=\"1329\" data-end=\"1413\">\n<p class=\"\" data-start=\"1331\" data-end=\"1413\">Indbygget stempelkontakt til indikering af d\u00f8rens lukket\/\u00e5ben og l\u00e5st\/ul\u00e5st status<\/p>\n<\/li>\n<li class=\"\" data-start=\"1414\" data-end=\"1436\">\n<p class=\"\" data-start=\"1416\" data-end=\"1436\">Indbygget beskyttelsesdiode<\/p>\n<\/li>\n<li class=\"\" data-start=\"1437\" data-end=\"1475\">\n<p class=\"\" data-start=\"1439\" data-end=\"1475\">Brudstyrke 15 kN (ca. 1500 kg)<\/p>\n<\/li>\n<li class=\"\" data-start=\"1476\" data-end=\"1558\">\n<p class=\"\" data-start=\"1478\" data-end=\"1558\">\u00c5bner trods et b\u00e5ndtryk p\u00e5 5 kN (ca. 500 kg) i b\u00e5de opretst\u00e5ende og omvendt funktion<\/p>\n<\/li>\n<li class=\"\" data-start=\"1559\" data-end=\"1574\">\n<p class=\"\" data-start=\"1561\" data-end=\"1574\">Anti-banke<\/p>\n<\/li>\n<li class=\"\" data-start=\"1575\" data-end=\"1620\">\n<p class=\"\" data-start=\"1577\" data-end=\"1620\">5 meter halogenfrit tilslutningskabel medf\u00f8lger<\/p>\n<\/li>\n<\/ul>\n<p class=\"\" data-start=\"1622\" data-end=\"1653\"><strong data-start=\"1622\" data-end=\"1650\">Tekniske specifikationer<\/strong>:<\/p>\n<ul data-start=\"1654\" data-end=\"2237\">\n<li class=\"\" data-start=\"1654\" data-end=\"1690\">\n<p class=\"\" data-start=\"1656\" data-end=\"1690\"><strong data-start=\"1656\" data-end=\"1679\">Brudstyrke max<\/strong>: 1500 kg<\/p>\n<\/li>\n<li class=\"\" data-start=\"1691\" data-end=\"1720\">\n<p class=\"\" data-start=\"1693\" data-end=\"1720\"><strong data-start=\"1693\" data-end=\"1709\">D\u00f8r h\u00e6ngende<\/strong>: Venstre<\/p>\n<\/li>\n<li class=\"\" data-start=\"1721\" data-end=\"1744\">\n<p class=\"\" data-start=\"1723\" data-end=\"1744\"><strong data-start=\"1723\" data-end=\"1738\">Kabel medf\u00f8lger<\/strong>: Ja<\/p>\n<\/li>\n<li class=\"\" data-start=\"1745\" data-end=\"1770\">\n<p class=\"\" data-start=\"1747\" data-end=\"1770\"><strong data-start=\"1747\" data-end=\"1760\">Listeudskrivning<\/strong>: 500 kg<\/p>\n<\/li>\n<li class=\"\" data-start=\"1771\" data-end=\"1808\">\n<p class=\"\" data-start=\"1773\" data-end=\"1808\"><strong data-start=\"1773\" data-end=\"1783\">L\u00e5s type<\/strong>: Krogl\u00e5s, L\u00e5se<\/p>\n<\/li>\n<li class=\"\" data-start=\"1809\" data-end=\"1837\">\n<p class=\"\" data-start=\"1811\" data-end=\"1837\"><strong data-start=\"1811\" data-end=\"1828\">Bredt produkt<\/strong>: 35 mm<\/p>\n<\/li>\n<li class=\"\" data-start=\"1838\" data-end=\"1864\">\n<p class=\"\" data-start=\"1840\" data-end=\"1864\"><strong data-start=\"1840\" data-end=\"1858\">Byggematerialer vurderet<\/strong>: Ja<\/p>\n<\/li>\n<li class=\"\" data-start=\"1865\" data-end=\"1892\">\n<p class=\"\" data-start=\"1867\" data-end=\"1892\"><strong data-start=\"1867\" data-end=\"1883\">Dybt produkt<\/strong>: 40 mm<\/p>\n<\/li>\n<li class=\"\" data-start=\"1893\" data-end=\"1927\">\n<p class=\"\" data-start=\"1895\" data-end=\"1927\"><strong data-start=\"1895\" data-end=\"1920\">Driftssp\u00e6nding 12V\/24V<\/strong>: 12V<\/p>\n<\/li>\n<li class=\"\" data-start=\"1928\" data-end=\"1956\">\n<p class=\"\" data-start=\"1930\" data-end=\"1956\"><strong data-start=\"1930\" data-end=\"1949\">Dobbelt twist case<\/strong>: Nej<\/p>\n<\/li>\n<li class=\"\" data-start=\"1957\" data-end=\"1984\">\n<p class=\"\" data-start=\"1959\" data-end=\"1984\"><strong data-start=\"1959\" data-end=\"1977\">EPD-verificeret<\/strong>: Nej<\/p>\n<\/li>\n<li class=\"\" data-start=\"1985\" data-end=\"2003\">\n<p class=\"\" data-start=\"1987\" data-end=\"2003\"><strong data-start=\"1987\" data-end=\"1996\">FIN INFO<\/strong>: Nej<\/p>\n<\/li>\n<li class=\"\" data-start=\"2004\" data-end=\"2038\">\n<p class=\"\" data-start=\"2006\" data-end=\"2038\"><strong data-start=\"2006\" data-end=\"2027\">Farve\/Overfladebehandling<\/strong>: Rustfrit st\u00e5l<\/p>\n<\/li>\n<li class=\"\" data-start=\"2039\" data-end=\"2067\">\n<p class=\"\" data-start=\"2041\" data-end=\"2067\"><strong data-start=\"2041\" data-end=\"2057\">Forh\u00f8jet produkt<\/strong>: 230 mm<\/p>\n<\/li>\n<li class=\"\" data-start=\"2068\" data-end=\"2091\">\n<p class=\"\" data-start=\"2070\" data-end=\"2091\"><strong data-start=\"2070\" data-end=\"2085\">Stempelforbindelse<\/strong>: Ja<\/p>\n<\/li>\n<li class=\"\" data-start=\"2092\" data-end=\"2125\">\n<p class=\"\" data-start=\"2094\" data-end=\"2125\"><strong data-start=\"2094\" data-end=\"2113\">H\u00f8jre\/omvendt<\/strong>: H\u00f8jrevendt<\/p>\n<\/li>\n<li class=\"\" data-start=\"2126\" data-end=\"2152\">\n<p class=\"\" data-start=\"2128\" data-end=\"2152\"><strong data-start=\"2128\" data-end=\"2146\">Sp\u00e6nding AC\/DC<\/strong>: DC<\/p>\n<\/li>\n<li class=\"\" data-start=\"2153\" data-end=\"2181\">\n<p class=\"\" data-start=\"2155\" data-end=\"2181\"><strong data-start=\"2155\" data-end=\"2171\">Sp\u00e6nding max<\/strong>: 13,8V<\/p>\n<\/li>\n<li class=\"\" data-start=\"2182\" data-end=\"2210\">\n<p class=\"\" data-start=\"2184\" data-end=\"2210\"><strong data-start=\"2184\" data-end=\"2200\">Sp\u00e6nding min<\/strong>: 10,8V<\/p>\n<\/li>\n<li class=\"\" data-start=\"2211\" data-end=\"2237\">\n<p class=\"\" data-start=\"2213\" data-end=\"2237\"><strong data-start=\"2213\" data-end=\"2231\">SundaHouse vurderet<\/strong>: Ja<\/p>\n<\/li>\n<\/ul>","protected":false},"excerpt":{"rendered":"<p>Her kan du se, hvilke stolper og modeller, der passer sammen fra STEP serien af Elektriske d\u00f8rstoppere.<\/p>\n<h5><strong><a href=\"https:\/\/steplock.com\/sv\/stolpguide\/#!?lang=sv&amp;blog_id=1&amp;paged=1&amp;number=50\" target=\"_blank\" rel=\"noopener\">TRIN Post guide\u00a0<\/a><\/strong><\/h5>\n<h5><strong><a href=\"https:\/\/steplock.com\/sv\/projekteringsguide\/#!?lang=sv&amp;blog_id=1&amp;paged=1&amp;number=999\" target=\"_blank\" rel=\"noopener\">STEP design guide<\/a><\/strong><\/h5>","protected":false},"featured_media":139764,"template":"","meta":{"_acf_changed":false},"product_brand":[],"product_cat":[3355],"product_tag":[4198,4200],"class_list":{"0":"post-139766","1":"product","2":"type-product","3":"status-publish","4":"has-post-thumbnail","6":"product_cat-elslutbleck","7":"product_tag-12v","8":"product_tag-rattvand","9":"product_shipping_class-tunga-paket","10":"pa_brands-step","11":"tm-no-options","13":"first","14":"onbackorder","15":"sale","16":"taxable","17":"shipping-taxable","18":"purchasable","19":"product-type-simple"},"acf":[],"_links":{"self":[{"href":"https:\/\/secureus.se\/dk\/wp-json\/wp\/v2\/product\/139766","targetHints":{"allow":["GET"]}}],"collection":[{"href":"https:\/\/secureus.se\/dk\/wp-json\/wp\/v2\/product"}],"about":[{"href":"https:\/\/secureus.se\/dk\/wp-json\/wp\/v2\/types\/product"}],"wp:featuredmedia":[{"embeddable":true,"href":"https:\/\/secureus.se\/dk\/wp-json\/wp\/v2\/media\/139764"}],"wp:attachment":[{"href":"https:\/\/secureus.se\/dk\/wp-json\/wp\/v2\/media?parent=139766"}],"wp:term":[{"taxonomy":"product_brand","embeddable":true,"href":"https:\/\/secureus.se\/dk\/wp-json\/wp\/v2\/product_brand?post=139766"},{"taxonomy":"product_cat","embeddable":true,"href":"https:\/\/secureus.se\/dk\/wp-json\/wp\/v2\/product_cat?post=139766"},{"taxonomy":"product_tag","embeddable":true,"href":"https:\/\/secureus.se\/dk\/wp-json\/wp\/v2\/product_tag?post=139766"}],"curies":[{"name":"wp","href":"https:\/\/api.w.org\/{rel}","templated":true}]}}