{"id":139777,"date":"2023-09-26T13:07:32","date_gmt":"2023-09-26T11:07:32","guid":{"rendered":"https:\/\/secureus.se\/elslutbleck-step-28e-vanster-rattvand-12v-7mm-regel\/"},"modified":"2026-04-23T12:43:02","modified_gmt":"2026-04-23T10:43:02","slug":"elslutbleck-step-28e-vanster-rattvand-12v-7mm-regel","status":"publish","type":"product","link":"https:\/\/secureus.se\/dk\/elslutbleck-step-28e-vanster-rattvand-12v-7mm-regel\/","title":{"rendered":"Elektrisk endeplade STEP 28E Venstre H\u00f8jre vendt 12V 7mm Rulle"},"content":{"rendered":"<h1>Elektrisk endeplade STEP 28E Venstre H\u00f8jre vendt 12V 7mm Rulle<\/h1>\n<p>TRIN 28E Sikker elektrisk sl\u00f8jfe med h\u00f8jreh\u00e5ndsfunktion til venstreh\u00e6ngte d\u00f8re. Tilpasset til 7 mm Connect bolt, brandgodkendt E\/EI60, stempelkontakt og h\u00f8j sikkerhed.<\/p>\n<p class=\"\" data-start=\"243\" data-end=\"681\">STEP 28E Secure elektrisk slutb\u00f8jle er en sikker og fleksibel l\u00f8sning til d\u00f8rmilj\u00f8er med h\u00f8je krav til indbrudssikring, brandmodstand og mulighed for evakuering.<\/p>\n<p class=\"\" data-start=\"243\" data-end=\"681\">Denne model er udviklet til venstreh\u00e6ngte d\u00f8re og bruges sammen med boltl\u00e5se i Connect-serien med 7 mm stempel.<\/p>\n<p class=\"\" data-start=\"243\" data-end=\"681\">Med h\u00f8jreh\u00e5ndsfunktionen (l\u00e5st ved str\u00f8msvigt) er den perfekt, hvor der skal opretholdes maksimal sikkerhed ogs\u00e5 ved str\u00f8mafbrydelse.<\/p>\n<p class=\"\" data-start=\"683\" data-end=\"1083\">Takket v\u00e6re den indbyggede stempelkontakt og l\u00e5sekontakt kan d\u00f8rens status overv\u00e5ges i realtid, hvilket g\u00f8r det elektriske slutstykke velegnet til integration med alarm- og adgangskontrolsystemer.<\/p>\n<p class=\"\" data-start=\"683\" data-end=\"1083\">Konstruktionen kan modst\u00e5 en h\u00f8j brudstyrke p\u00e5 over 15 kN og funktionalitet er garanteret selv ved et b\u00e5ndtryk p\u00e5 op til 500 kg.<\/p>\n<p class=\"\" data-start=\"683\" data-end=\"1083\">STEP 28E er certificeret efter brandklasse E\/EI 60 og leveres med et 5 meter halogenfrit tilslutningskabel.<\/p>\n<p class=\"\" data-start=\"1085\" data-end=\"1369\">Denne elektriske sl\u00f8jfe anvendes ofte i kombination med n\u00f8dudgangsl\u00e5se efter SS-EN 179, hvor brandkrav og d\u00f8rautomatik skal kombineres.<\/p>\n<p class=\"\" data-start=\"1085\" data-end=\"1369\">Med STEP 28E Secure f\u00e5r du en p\u00e5lidelig og robust l\u00f8sning til kr\u00e6vende milj\u00f8er som offentlige bygninger, institutioner og sikkerhedsklassificerede rum.<\/p>\n<p class=\"\" data-start=\"1371\" data-end=\"1399\"><strong data-start=\"1371\" data-end=\"1397\">Funktioner og fordele:<\/strong><\/p>\n<ul data-start=\"1400\" data-end=\"1675\">\n<li class=\"\" data-start=\"1400\" data-end=\"1434\">\n<p class=\"\" data-start=\"1402\" data-end=\"1434\">Til 7 mm stempel i Connect-serien<\/p>\n<\/li>\n<li class=\"\" data-start=\"1435\" data-end=\"1481\">\n<p class=\"\" data-start=\"1437\" data-end=\"1481\">H\u00f8jrevendt funktion \u2013 l\u00e5st i tilf\u00e6lde af str\u00f8msvigt<\/p>\n<\/li>\n<li class=\"\" data-start=\"1482\" data-end=\"1510\">\n<p class=\"\" data-start=\"1484\" data-end=\"1510\">Til venstreh\u00e6ngte d\u00f8re<\/p>\n<\/li>\n<li class=\"\" data-start=\"1511\" data-end=\"1532\">\n<p class=\"\" data-start=\"1513\" data-end=\"1532\">Brandklasse E\/EI60<\/p>\n<\/li>\n<li class=\"\" data-start=\"1533\" data-end=\"1581\">\n<p class=\"\" data-start=\"1535\" data-end=\"1581\">Stempel- og sp\u00e6rrekontakt til statusoverv\u00e5gning<\/p>\n<\/li>\n<li class=\"\" data-start=\"1582\" data-end=\"1612\">\n<p class=\"\" data-start=\"1584\" data-end=\"1612\">Brudstyrke over 15 kN<\/p>\n<\/li>\n<li class=\"\" data-start=\"1613\" data-end=\"1642\">\n<p class=\"\" data-start=\"1615\" data-end=\"1642\">Strimmeltrykmodstand 500 kg<\/p>\n<\/li>\n<li class=\"\" data-start=\"1643\" data-end=\"1675\">\n<p class=\"\" data-start=\"1645\" data-end=\"1675\">5 meter halogenfrit kabel medf\u00f8lger<\/p>\n<\/li>\n<\/ul>","protected":false},"excerpt":{"rendered":"<p>Her kan du se, hvilke stolper og modeller, der passer sammen fra STEP serien af Elektriske d\u00f8rstoppere.<\/p>\n<h5><strong><a href=\"https:\/\/steplock.com\/sv\/stolpguide\/#!?lang=sv&amp;blog_id=1&amp;paged=1&amp;number=50\" target=\"_blank\" rel=\"noopener\">TRIN Post guide\u00a0<\/a><\/strong><\/h5>\n<h5><strong><a href=\"https:\/\/steplock.com\/sv\/projekteringsguide\/#!?lang=sv&amp;blog_id=1&amp;paged=1&amp;number=999\" target=\"_blank\" rel=\"noopener\">STEP design guide<\/a><\/strong><\/h5>","protected":false},"featured_media":139775,"template":"","meta":{"_acf_changed":false},"product_brand":[],"product_cat":[3355],"product_tag":[4198,4200],"class_list":{"0":"post-139777","1":"product","2":"type-product","3":"status-publish","4":"has-post-thumbnail","6":"product_cat-elslutbleck","7":"product_tag-12v","8":"product_tag-rattvand","9":"product_shipping_class-tunga-paket","10":"pa_brands-step","11":"tm-no-options","13":"first","14":"onbackorder","15":"sale","16":"taxable","17":"shipping-taxable","18":"purchasable","19":"product-type-simple"},"acf":[],"_links":{"self":[{"href":"https:\/\/secureus.se\/dk\/wp-json\/wp\/v2\/product\/139777","targetHints":{"allow":["GET"]}}],"collection":[{"href":"https:\/\/secureus.se\/dk\/wp-json\/wp\/v2\/product"}],"about":[{"href":"https:\/\/secureus.se\/dk\/wp-json\/wp\/v2\/types\/product"}],"wp:featuredmedia":[{"embeddable":true,"href":"https:\/\/secureus.se\/dk\/wp-json\/wp\/v2\/media\/139775"}],"wp:attachment":[{"href":"https:\/\/secureus.se\/dk\/wp-json\/wp\/v2\/media?parent=139777"}],"wp:term":[{"taxonomy":"product_brand","embeddable":true,"href":"https:\/\/secureus.se\/dk\/wp-json\/wp\/v2\/product_brand?post=139777"},{"taxonomy":"product_cat","embeddable":true,"href":"https:\/\/secureus.se\/dk\/wp-json\/wp\/v2\/product_cat?post=139777"},{"taxonomy":"product_tag","embeddable":true,"href":"https:\/\/secureus.se\/dk\/wp-json\/wp\/v2\/product_tag?post=139777"}],"curies":[{"name":"wp","href":"https:\/\/api.w.org\/{rel}","templated":true}]}}