{"id":139789,"date":"2023-09-26T13:07:31","date_gmt":"2023-09-26T11:07:31","guid":{"rendered":"https:\/\/secureus.se\/elslutbleck-step-28e-vanster-rattvand-12v-9mm-regel\/"},"modified":"2026-04-23T12:43:09","modified_gmt":"2026-04-23T10:43:09","slug":"elslutbleck-step-28e-vanster-rattvand-12v-9mm-regel","status":"publish","type":"product","link":"https:\/\/secureus.se\/dk\/elslutbleck-step-28e-vanster-rattvand-12v-9mm-regel\/","title":{"rendered":"Elektrisk klemmeark STEP 28E Venstre H\u00f8jre vendende 12V 9mm line"},"content":{"rendered":"<h1>Elektrisk klemmeark STEP 28E Venstre H\u00f8jre vendende 12V 9mm line<\/h1>\n<p>STEP 28E Secure \u2013 Elbl\u00e6nde til venstreh\u00e6ngte d\u00f8re med h\u00f8jreh\u00e5ndsfunktion og 9 mm stempel i Connect-serien. Brandgodkendt E\/EI60, h\u00f8j sikkerhed og stempelkontakt.<\/p>\n<p class=\"\" data-start=\"243\" data-end=\"602\">Elektrisk sl\u00f8jd STEP 28E Secure er en robust og p\u00e5lidelig elektrisk sl\u00f8r designet til milj\u00f8er, hvor h\u00f8j sikkerhed, brandmodstand og flugtfunktioner skal kombineres med moderne d\u00f8rautomatik.<\/p>\n<p class=\"\" data-start=\"243\" data-end=\"602\">Denne model er tilpasset venstreh\u00e6ngte d\u00f8re og bruges sammen med indstiksl\u00e5s eller indstiksl\u00e5s med 9 mm stempel i Connect serien.<\/p>\n<p class=\"\" data-start=\"604\" data-end=\"894\">Med h\u00f8jreh\u00e5ndsfunktionen (l\u00e5st i sp\u00e6ndingsl\u00f8s position) s\u00f8rger STEP 28E for, at d\u00f8ren forbliver l\u00e5st selv i tilf\u00e6lde af str\u00f8msvigt.<\/p>\n<p class=\"\" data-start=\"604\" data-end=\"894\">Det elektriske slutstykke er brandgodkendt op til klasse E\/EI 60 og har indbygget stempelkontakt og l\u00e5sekontakt, der muligg\u00f8r pr\u00e6cis statusoverv\u00e5gning via adgangskontrolsystem eller alarmsystem.<\/p>\n<p class=\"\" data-start=\"896\" data-end=\"1192\">Den h\u00f8je brudstyrke p\u00e5 over 15 kN og garanteret funktion ved b\u00e5ndtryk p\u00e5 op til 500 kg g\u00f8r denne elektriske ende til et fremragende valg til sikkerhedsklassificerede d\u00f8re og rum.<\/p>\n<p class=\"\" data-start=\"896\" data-end=\"1192\">Konstruktionen er manipulationssikker, og installationen er forenklet med et medf\u00f8lgende 5 meter halogenfrit tilslutningskabel.<\/p>\n<p class=\"\" data-start=\"1194\" data-end=\"1339\">STEP 28E Secure anvendes ofte i kombination med n\u00f8dflugtsl\u00e5se efter SS-EN 179, hvor krav til flugt, sikring og d\u00f8rautomatik er sammenfaldende.<\/p>\n<p class=\"\" data-start=\"1341\" data-end=\"1369\"><strong data-start=\"1341\" data-end=\"1367\">Funktioner og fordele:<\/strong><\/p>\n<ul data-start=\"1370\" data-end=\"1648\">\n<li class=\"\" data-start=\"1370\" data-end=\"1413\">\n<p class=\"\" data-start=\"1372\" data-end=\"1413\">Tilpasset til 9 mm stempel i Connect-serien<\/p>\n<\/li>\n<li class=\"\" data-start=\"1414\" data-end=\"1453\">\n<p class=\"\" data-start=\"1416\" data-end=\"1453\">Korrekt funktion \u2013 l\u00e5st uden str\u00f8m<\/p>\n<\/li>\n<li class=\"\" data-start=\"1454\" data-end=\"1482\">\n<p class=\"\" data-start=\"1456\" data-end=\"1482\">Til venstreh\u00e6ngte d\u00f8re<\/p>\n<\/li>\n<li class=\"\" data-start=\"1483\" data-end=\"1505\">\n<p class=\"\" data-start=\"1485\" data-end=\"1505\">Brandklasse E\/EI 60<\/p>\n<\/li>\n<li class=\"\" data-start=\"1506\" data-end=\"1546\">\n<p class=\"\" data-start=\"1508\" data-end=\"1546\">Indbygget stempelafbryder og l\u00e5seafbryder<\/p>\n<\/li>\n<li class=\"\" data-start=\"1547\" data-end=\"1577\">\n<p class=\"\" data-start=\"1549\" data-end=\"1577\">Brudstyrke over 15 kN<\/p>\n<\/li>\n<li class=\"\" data-start=\"1578\" data-end=\"1611\">\n<p class=\"\" data-start=\"1580\" data-end=\"1611\">T\u00e5ler b\u00e5ndtryk op til 500 kg<\/p>\n<\/li>\n<li class=\"\" data-start=\"1612\" data-end=\"1648\">\n<p class=\"\" data-start=\"1614\" data-end=\"1648\">5 meter halogenfrit kabel medf\u00f8lger<\/p>\n<\/li>\n<\/ul>","protected":false},"excerpt":{"rendered":"<p>Her kan du se, hvilke stolper og modeller, der passer sammen fra STEP serien af Elektriske d\u00f8rstoppere.<\/p>\n<h5><strong><a href=\"https:\/\/steplock.com\/sv\/stolpguide\/#!?lang=sv&amp;blog_id=1&amp;paged=1&amp;number=50\" target=\"_blank\" rel=\"noopener\">TRIN Post guide\u00a0<\/a><\/strong><\/h5>\n<h5><strong><a href=\"https:\/\/steplock.com\/sv\/projekteringsguide\/#!?lang=sv&amp;blog_id=1&amp;paged=1&amp;number=999\" target=\"_blank\" rel=\"noopener\">STEP design guide<\/a><\/strong><\/h5>","protected":false},"featured_media":139787,"template":"","meta":{"_acf_changed":false},"product_brand":[],"product_cat":[3355],"product_tag":[4198,4200],"class_list":{"0":"post-139789","1":"product","2":"type-product","3":"status-publish","4":"has-post-thumbnail","6":"product_cat-elslutbleck","7":"product_tag-12v","8":"product_tag-rattvand","9":"product_shipping_class-tunga-paket","10":"pa_brands-step","11":"tm-no-options","13":"first","14":"onbackorder","15":"sale","16":"taxable","17":"shipping-taxable","18":"purchasable","19":"product-type-simple"},"acf":[],"_links":{"self":[{"href":"https:\/\/secureus.se\/dk\/wp-json\/wp\/v2\/product\/139789","targetHints":{"allow":["GET"]}}],"collection":[{"href":"https:\/\/secureus.se\/dk\/wp-json\/wp\/v2\/product"}],"about":[{"href":"https:\/\/secureus.se\/dk\/wp-json\/wp\/v2\/types\/product"}],"wp:featuredmedia":[{"embeddable":true,"href":"https:\/\/secureus.se\/dk\/wp-json\/wp\/v2\/media\/139787"}],"wp:attachment":[{"href":"https:\/\/secureus.se\/dk\/wp-json\/wp\/v2\/media?parent=139789"}],"wp:term":[{"taxonomy":"product_brand","embeddable":true,"href":"https:\/\/secureus.se\/dk\/wp-json\/wp\/v2\/product_brand?post=139789"},{"taxonomy":"product_cat","embeddable":true,"href":"https:\/\/secureus.se\/dk\/wp-json\/wp\/v2\/product_cat?post=139789"},{"taxonomy":"product_tag","embeddable":true,"href":"https:\/\/secureus.se\/dk\/wp-json\/wp\/v2\/product_tag?post=139789"}],"curies":[{"name":"wp","href":"https:\/\/api.w.org\/{rel}","templated":true}]}}